{"id":28507,"date":"2025-04-10T15:36:08","date_gmt":"2025-04-10T14:36:08","guid":{"rendered":"https:\/\/eu-people.com\/?page_id=28507"},"modified":"2025-08-12T11:54:07","modified_gmt":"2025-08-12T10:54:07","slug":"eu-people-is-een-gecertificeerd-uitzendbureau-in-nederland-gespecialiseerd-in-logistiek-en-productie-wij-bieden-betrouwbare-arbeidsbemiddeling-huisvesting-en-vervoer-voor-internationale-medewerkers","status":"publish","type":"page","link":"https:\/\/eu-people.com\/pl\/eu-people-is-een-gecertificeerd-uitzendbureau-in-nederland-gespecialiseerd-in-logistiek-en-productie-wij-bieden-betrouwbare-arbeidsbemiddeling-huisvesting-en-vervoer-voor-internationale-medewerkers\/","title":{"rendered":"O EU-People"},"content":{"rendered":"<div data-elementor-type=\"wp-page\" data-elementor-id=\"28507\" class=\"elementor elementor-28507\" data-elementor-post-type=\"page\">\n\t\t\t\t<div class=\"elementor-element elementor-element-776cd63 e-flex e-con-boxed e-con e-parent\" data-id=\"776cd63\" data-element_type=\"container\">\n\t\t\t\t\t<div class=\"e-con-inner\">\n\t\t<div class=\"elementor-element elementor-element-1368f71 e-con-full e-flex e-con e-child\" data-id=\"1368f71\" data-element_type=\"container\">\n\t\t\t\t<div class=\"elementor-element elementor-element-db460d7 elementor-widget__width-initial elementor-widget elementor-widget-image\" data-id=\"db460d7\" data-element_type=\"widget\" data-widget_type=\"image.default\">\n\t\t\t\t<div class=\"elementor-widget-container\">\n\t\t\t\t\t\t\t\t\t\t\t\t\t\t\t<img decoding=\"async\" src=\"https:\/\/eu-people.com\/wp-content\/uploads\/2025\/04\/Colleague-day.png\" title=\"Dzie\u0144 kolegi.png\" alt=\"Colleague-day.png\" loading=\"lazy\" \/>\t\t\t\t\t\t\t\t\t\t\t\t\t\t\t<\/div>\n\t\t\t\t<\/div>\n\t\t<div class=\"elementor-element elementor-element-314049f e-con-full e-flex e-con e-child\" data-id=\"314049f\" data-element_type=\"container\" data-settings=\"{&quot;background_background&quot;:&quot;classic&quot;}\">\n\t\t\t\t<div class=\"elementor-element elementor-element-2475119 elementor-widget elementor-widget-heading\" data-id=\"2475119\" data-element_type=\"widget\" data-widget_type=\"heading.default\">\n\t\t\t\t<div class=\"elementor-widget-container\">\n\t\t\t\t\t<h2 class=\"elementor-heading-title elementor-size-default\">EU-People do us\u0142ug!<\/h2>\t\t\t\t<\/div>\n\t\t\t\t<\/div>\n\t\t\t\t<div class=\"elementor-element elementor-element-17f5b80 elementor-widget elementor-widget-text-editor\" data-id=\"17f5b80\" data-element_type=\"widget\" data-widget_type=\"text-editor.default\">\n\t\t\t\t<div class=\"elementor-widget-container\">\n\t\t\t\t\t\t\t\t\t<p>De Nederlandse arbeidsmarkt heeft een groeiende behoefte aan goede medewerkers terwijl het aantal beschikbare medewerkers, ook internationaal, juist afneemt. Voor deze afname zijn meerdere redenen aan te wijzen. Economicische groei in Nederland en de diverse thuislanden en vergrijzing zijn daar slechts enkele van. EU-People richt zich op het langdurig en deskundig invullen van uw vacatures met behulp van naast Nederlanders ook Arbeidsmigranten. Nu ook het aantal internationale beschikbare flexkrachten afneemt komt het aan op de echte kracht en betrouwbaarheid van het uitzendbureau en de beste informatievoorziening aan u. Welke factoren kunt u positief be\u00efnvloeden?\u00a0<\/p><p>Nasz dwustronny model biznesowy jest podstaw\u0105 naszego sukcesu, poniewa\u017c zar\u00f3wno nasze relacje, jak i nasi znajomi s\u0105 dla nas bardzo wa\u017cni. Jest to szczeg\u00f3lnie wa\u017cne w przypadku d\u0142ugotrwa\u0142ych rekomendacji i polece\u0144 znajomych. Co wi\u0119cej, du\u017ca cz\u0119\u015b\u0107 naszych elastycznych pracownik\u00f3w mo\u017ce liczy\u0107 na szeroki kontrakt. Czy potrzebujesz dodatkowego wynagrodzenia, aby m\u00f3c z niego skorzysta\u0107?<\/p><p>Stabiele klantrelaties ontstaan vooral door tevreden uitzendkrachten bij onze klanten. Tevreden flexkrachten zapewniaj\u0105 szacunek dla za\u0142ogi, przyjemn\u0105 prac\u0119, prawid\u0142owe wsp\u00f3\u0142\u017cycie w tygodniu oraz dobre warunki pracy i pracy. To jest filozofia EU-People!<\/p>\t\t\t\t\t\t\t\t<\/div>\n\t\t\t\t<\/div>\n\t\t\t\t<div class=\"elementor-element elementor-element-761fda8 elementor-align-center elementor-widget elementor-widget-button\" data-id=\"761fda8\" data-element_type=\"widget\" data-widget_type=\"button.default\">\n\t\t\t\t<div class=\"elementor-widget-container\">\n\t\t\t\t\t\t\t\t\t<div class=\"elementor-button-wrapper\">\n\t\t\t\t\t<a class=\"elementor-button elementor-button-link elementor-size-sm\" href=\"#contact\">\n\t\t\t\t\t\t<span class=\"elementor-button-content-wrapper\">\n\t\t\t\t\t\t<span class=\"elementor-button-icon\">\n\t\t\t\t<i aria-hidden=\"true\" class=\"fas fa-chevron-right\"><\/i>\t\t\t<\/span>\n\t\t\t\t\t\t\t\t\t<span class=\"elementor-button-text\">Samen aan de slag!<\/span>\n\t\t\t\t\t<\/span>\n\t\t\t\t\t<\/a>\n\t\t\t\t<\/div>\n\t\t\t\t\t\t\t\t<\/div>\n\t\t\t\t<\/div>\n\t\t\t\t<\/div>\n\t\t\t\t<\/div>\n\t\t\t\t\t<\/div>\n\t\t\t\t<\/div>\n\t\t<div class=\"elementor-element elementor-element-835523e e-flex e-con-boxed e-con e-parent\" data-id=\"835523e\" data-element_type=\"container\">\n\t\t\t\t\t<div class=\"e-con-inner\">\n\t\t\t\t<div class=\"elementor-element elementor-element-d745aa1 elementor-testimonial--skin-default elementor-testimonial--layout-image_inline elementor-testimonial--align-center elementor-arrows-yes elementor-pagination-type-bullets elementor-widget elementor-widget-testimonial-carousel\" data-id=\"d745aa1\" data-element_type=\"widget\" data-settings=\"{&quot;slides_per_view&quot;:&quot;1&quot;,&quot;show_arrows&quot;:&quot;yes&quot;,&quot;pagination&quot;:&quot;bullets&quot;,&quot;speed&quot;:500,&quot;autoplay&quot;:&quot;yes&quot;,&quot;autoplay_speed&quot;:5000,&quot;loop&quot;:&quot;yes&quot;,&quot;pause_on_hover&quot;:&quot;yes&quot;,&quot;pause_on_interaction&quot;:&quot;yes&quot;,&quot;space_between&quot;:{&quot;unit&quot;:&quot;px&quot;,&quot;size&quot;:10,&quot;sizes&quot;:[]},&quot;space_between_tablet&quot;:{&quot;unit&quot;:&quot;px&quot;,&quot;size&quot;:10,&quot;sizes&quot;:[]},&quot;space_between_mobile&quot;:{&quot;unit&quot;:&quot;px&quot;,&quot;size&quot;:10,&quot;sizes&quot;:[]}}\" data-widget_type=\"testimonial-carousel.default\">\n\t\t\t\t<div class=\"elementor-widget-container\">\n\t\t\t\t\t\t\t\t\t<div class=\"elementor-swiper\">\n\t\t\t\t\t<div class=\"elementor-main-swiper swiper\" role=\"region\" aria-roledescription=\"carousel\" aria-label=\"Slajdy\">\n\t\t\t\t<div class=\"swiper-wrapper\">\n\t\t\t\t\t\t\t\t\t\t\t<div class=\"swiper-slide\" role=\"group\" aria-roledescription=\"slide\">\n\t\t\t\t\t\t\t\t\t<div class=\"elementor-testimonial\">\n\t\t\t\t\t\t\t<div class=\"elementor-testimonial__content\">\n\t\t\t\t\t<div class=\"elementor-testimonial__text\">\n\t\t\t\t\t\tJako CEVA Logistics jeste\u015bmy bardzo otwarci na wsp\u00f3\u0142prac\u0119 z firm\u0105 EU-People, kt\u00f3ra zatrudnia dobrych i kompetentnych pracownik\u00f3w w okresie, w kt\u00f3rym zale\u017cy nam na rozwoju osobistym. Han heeft zich in die fase opgesteld als een eerlijke en goede partner die oplossingsgericht denkt.\t\t\t\t\t<\/div>\n\t\t\t\t\t\t\t\t\t<\/div>\n\t\t\t\t\t\t<div class=\"elementor-testimonial__footer\">\n\t\t\t\t\t\t\t\t\t<div class=\"elementor-testimonial__image\">\n\t\t\t\t\t\t<img decoding=\"async\" src=\"https:\/\/eu-people.com\/wp-content\/uploads\/2024\/03\/1671616003687.jpeg\" alt=\"Bart Beeks\">\n\t\t\t\t\t\t\t\t\t\t\t<\/div>\n\t\t\t\t\t\t\t\t<cite class=\"elementor-testimonial__cite\"><span class=\"elementor-testimonial__name\">Bart Beeks<\/span><span class=\"elementor-testimonial__title\">COO CEVA Contract Logistics<\/span><\/cite>\t\t\t<\/div>\n\t\t<\/div>\n\t\t\t\t\t\t\t\t<\/div>\n\t\t\t\t\t\t\t\t\t\t\t<div class=\"swiper-slide\" role=\"group\" aria-roledescription=\"slide\">\n\t\t\t\t\t\t\t\t\t<div class=\"elementor-testimonial\">\n\t\t\t\t\t\t\t<div class=\"elementor-testimonial__content\">\n\t\t\t\t\t<div class=\"elementor-testimonial__text\">\n\t\t\t\t\t\tJu\u017c od kilku lat wsp\u00f3\u0142pracuj\u0119 z Hanem w zakresie pracownik\u00f3w tymczasowych (okresy d\u0142u\u017csze ni\u017c dwa miesi\u0105ce). Han dok\u0142adnie wie, jakich ludzi potrzebujemy. Kiedy potrzebujemy pracownik\u00f3w tymczasowych, w ci\u0105gu jednego do dw\u00f3ch tygodni znajduje ludzi, kt\u00f3rych potrzebujemy. Zwraca uwag\u0119 nie tylko na do\u015bwiadczenie, kt\u00f3rego potrzebujemy, ale tak\u017ce na kultur\u0119 firmy. Dlatego do tej pory zawsze pasowali\u015bmy za pierwszym razem.\t\t\t\t\t<\/div>\n\t\t\t\t\t\t\t\t\t<\/div>\n\t\t\t\t\t\t<div class=\"elementor-testimonial__footer\">\n\t\t\t\t\t\t\t\t\t<div class=\"elementor-testimonial__image\">\n\t\t\t\t\t\t<img decoding=\"async\" src=\"https:\/\/eu-people.com\/wp-content\/uploads\/2024\/03\/1517721445621.jpeg\" alt=\"Marc Kessels\">\n\t\t\t\t\t\t\t\t\t\t\t<\/div>\n\t\t\t\t\t\t\t\t<cite class=\"elementor-testimonial__cite\"><span class=\"elementor-testimonial__name\">Marc Kessels<\/span><span class=\"elementor-testimonial__title\">Perfect Coat BV<\/span><\/cite>\t\t\t<\/div>\n\t\t<\/div>\n\t\t\t\t\t\t\t\t<\/div>\n\t\t\t\t\t\t\t\t\t\t\t<div class=\"swiper-slide\" role=\"group\" aria-roledescription=\"slide\">\n\t\t\t\t\t\t\t\t\t<div class=\"elementor-testimonial\">\n\t\t\t\t\t\t\t<div class=\"elementor-testimonial__content\">\n\t\t\t\t\t<div class=\"elementor-testimonial__text\">\n\t\t\t\t\t\tFijn bedrijf.. Pomaga im jeszcze bardziej si\u0119 rozwija\u0107. En doen waar ze voor staan oprecht en eerlijk. Dikke aanrader als je wil werken voor een betrouwbaar bedrijf waar hard werken beloond wordt. Zeer prettig om me samen te werken.\t\t\t\t\t<\/div>\n\t\t\t\t\t\t\t\t\t<\/div>\n\t\t\t\t\t\t<div class=\"elementor-testimonial__footer\">\n\t\t\t\t\t\t\t\t\t<div class=\"elementor-testimonial__image\">\n\t\t\t\t\t\t<img decoding=\"async\" src=\"https:\/\/eu-people.com\/wp-content\/uploads\/2024\/03\/unnamed-7.png\" alt=\"Hanna &amp; Niels  Ijzerman\">\n\t\t\t\t\t\t\t\t\t\t\t<\/div>\n\t\t\t\t\t\t\t\t<cite class=\"elementor-testimonial__cite\"><span class=\"elementor-testimonial__name\">Hanna i Niels Ijzerman<\/span><span class=\"elementor-testimonial__title\"><a href=\"https:\/\/goo.gl\/maps\/rqb6qmmEpVJ4veVcA\">Recenzje Google<\/a><\/span><\/cite>\t\t\t<\/div>\n\t\t<\/div>\n\t\t\t\t\t\t\t\t<\/div>\n\t\t\t\t\t\t\t\t\t<\/div>\n\t\t\t\t\t\t\t\t\t\t\t\t\t\t\t<div class=\"elementor-swiper-button elementor-swiper-button-prev\" role=\"button\" tabindex=\"0\" aria-label=\"Poprzedni\">\n\t\t\t\t\t\t\t<i aria-hidden=\"true\" class=\"eicon-chevron-left\"><\/i>\t\t\t\t\t\t<\/div>\n\t\t\t\t\t\t<div class=\"elementor-swiper-button elementor-swiper-button-next\" role=\"button\" tabindex=\"0\" aria-label=\"Nast\u0119pny\">\n\t\t\t\t\t\t\t<i aria-hidden=\"true\" class=\"eicon-chevron-right\"><\/i>\t\t\t\t\t\t<\/div>\n\t\t\t\t\t\t\t\t\t\t\t\t\t\t\t\t<div class=\"swiper-pagination\"><\/div>\n\t\t\t\t\t\t\t\t\t\t\t\t<\/div>\n\t\t\t\t<\/div>\n\t\t\t\t\t\t\t\t<\/div>\n\t\t\t\t<\/div>\n\t\t\t\t\t<\/div>\n\t\t\t\t<\/div>\n\t\t\t\t<\/div>","protected":false},"excerpt":{"rendered":"<p>EU-People at your service! De Nederlandse arbeidsmarkt heeft een groeiende behoefte aan goede medewerkers terwijl het aantal beschikbare medewerkers, ook internationaal, juist afneemt. Voor deze afname zijn meerdere redenen aan te wijzen. Economic groei in Nederland en de diverse thuislanden en vergrijzing zijn daar slechts enkele van. EU-People richt zich op het langdurig en deskundig... <a class=\"more-link\" href=\"https:\/\/eu-people.com\/pl\/eu-people-is-een-gecertificeerd-uitzendbureau-in-nederland-gespecialiseerd-in-logistiek-en-productie-wij-bieden-betrouwbare-arbeidsbemiddeling-huisvesting-en-vervoer-voor-internationale-medewerkers\/\">Czytaj dalej <span class=\"screen-reader-text\">O EU-People<\/span><\/a><\/p>","protected":false},"author":1,"featured_media":0,"parent":0,"menu_order":0,"comment_status":"closed","ping_status":"closed","template":"","meta":{"footnotes":""},"class_list":["post-28507","page","type-page","status-publish","hentry","entry"],"yoast_head":"<!-- This site is optimized with the Yoast SEO Premium plugin v25.3.1 (Yoast SEO v25.3.1) - https:\/\/yoast.com\/wordpress\/plugins\/seo\/ -->\n<title>Betrouwbare uitzendpartner voor internationaal talent. - EU-People | Profs for Profs<\/title>\n<meta name=\"description\" content=\"EU-People is een gecertificeerd uitzendbureau. Wij ontzorgen uw organisatie met betrouwbare arbeidsbemiddeling, huisvesting en vervoer voor internationale medewerkers conform Nederlands recht.\" \/>\n<meta name=\"robots\" content=\"index, follow, max-snippet:-1, max-image-preview:large, max-video-preview:-1\" \/>\n<link rel=\"canonical\" href=\"https:\/\/eu-people.com\/pl\/eu-people-is-een-gecertificeerd-uitzendbureau-in-nederland-gespecialiseerd-in-logistiek-en-productie-wij-bieden-betrouwbare-arbeidsbemiddeling-huisvesting-en-vervoer-voor-internationale-medewerkers\/\" \/>\n<meta property=\"og:locale\" content=\"pl_PL\" \/>\n<meta property=\"og:type\" content=\"article\" \/>\n<meta property=\"og:title\" content=\"About EU-People\" \/>\n<meta property=\"og:description\" content=\"EU-People is een gecertificeerd uitzendbureau. Wij ontzorgen uw organisatie met betrouwbare arbeidsbemiddeling, huisvesting en vervoer voor internationale medewerkers conform Nederlands recht.\" \/>\n<meta property=\"og:url\" content=\"https:\/\/eu-people.com\/pl\/eu-people-is-een-gecertificeerd-uitzendbureau-in-nederland-gespecialiseerd-in-logistiek-en-productie-wij-bieden-betrouwbare-arbeidsbemiddeling-huisvesting-en-vervoer-voor-internationale-medewerkers\/\" \/>\n<meta property=\"og:site_name\" content=\"EU-People | Profs for Profs\" \/>\n<meta property=\"article:publisher\" content=\"https:\/\/www.facebook.com\/EUpeopleHQ\/\" \/>\n<meta property=\"article:modified_time\" content=\"2025-08-12T10:54:07+00:00\" \/>\n<meta property=\"og:image\" content=\"https:\/\/eu-people.com\/wp-content\/uploads\/2025\/04\/Colleague-day.png\" \/>\n<meta name=\"twitter:card\" content=\"summary_large_image\" \/>\n<meta name=\"twitter:label1\" content=\"Szacowany czas czytania\" \/>\n\t<meta name=\"twitter:data1\" content=\"3 minuty\" \/>\n<script type=\"application\/ld+json\" class=\"yoast-schema-graph\">{\"@context\":\"https:\/\/schema.org\",\"@graph\":[{\"@type\":\"WebPage\",\"@id\":\"https:\/\/eu-people.com\/eu-people-is-een-gecertificeerd-uitzendbureau-in-nederland-gespecialiseerd-in-logistiek-en-productie-wij-bieden-betrouwbare-arbeidsbemiddeling-huisvesting-en-vervoer-voor-internationale-medewerkers\/\",\"url\":\"https:\/\/eu-people.com\/eu-people-is-een-gecertificeerd-uitzendbureau-in-nederland-gespecialiseerd-in-logistiek-en-productie-wij-bieden-betrouwbare-arbeidsbemiddeling-huisvesting-en-vervoer-voor-internationale-medewerkers\/\",\"name\":\"Betrouwbare uitzendpartner voor internationaal talent. - EU-People | Profs for Profs\",\"isPartOf\":{\"@id\":\"https:\/\/eu-people.com\/pl\/#website\"},\"primaryImageOfPage\":{\"@id\":\"https:\/\/eu-people.com\/eu-people-is-een-gecertificeerd-uitzendbureau-in-nederland-gespecialiseerd-in-logistiek-en-productie-wij-bieden-betrouwbare-arbeidsbemiddeling-huisvesting-en-vervoer-voor-internationale-medewerkers\/#primaryimage\"},\"image\":{\"@id\":\"https:\/\/eu-people.com\/eu-people-is-een-gecertificeerd-uitzendbureau-in-nederland-gespecialiseerd-in-logistiek-en-productie-wij-bieden-betrouwbare-arbeidsbemiddeling-huisvesting-en-vervoer-voor-internationale-medewerkers\/#primaryimage\"},\"thumbnailUrl\":\"https:\/\/eu-people.com\/wp-content\/uploads\/2025\/04\/Colleague-day.png\",\"datePublished\":\"2025-04-10T14:36:08+00:00\",\"dateModified\":\"2025-08-12T10:54:07+00:00\",\"description\":\"EU-People is een gecertificeerd uitzendbureau. Wij ontzorgen uw organisatie met betrouwbare arbeidsbemiddeling, huisvesting en vervoer voor internationale medewerkers conform Nederlands recht.\",\"breadcrumb\":{\"@id\":\"https:\/\/eu-people.com\/eu-people-is-een-gecertificeerd-uitzendbureau-in-nederland-gespecialiseerd-in-logistiek-en-productie-wij-bieden-betrouwbare-arbeidsbemiddeling-huisvesting-en-vervoer-voor-internationale-medewerkers\/#breadcrumb\"},\"inLanguage\":\"pl-PL\",\"potentialAction\":[{\"@type\":\"ReadAction\",\"target\":[\"https:\/\/eu-people.com\/eu-people-is-een-gecertificeerd-uitzendbureau-in-nederland-gespecialiseerd-in-logistiek-en-productie-wij-bieden-betrouwbare-arbeidsbemiddeling-huisvesting-en-vervoer-voor-internationale-medewerkers\/\"]}]},{\"@type\":\"ImageObject\",\"inLanguage\":\"pl-PL\",\"@id\":\"https:\/\/eu-people.com\/eu-people-is-een-gecertificeerd-uitzendbureau-in-nederland-gespecialiseerd-in-logistiek-en-productie-wij-bieden-betrouwbare-arbeidsbemiddeling-huisvesting-en-vervoer-voor-internationale-medewerkers\/#primaryimage\",\"url\":\"https:\/\/eu-people.com\/wp-content\/uploads\/2025\/04\/Colleague-day.png\",\"contentUrl\":\"https:\/\/eu-people.com\/wp-content\/uploads\/2025\/04\/Colleague-day.png\"},{\"@type\":\"BreadcrumbList\",\"@id\":\"https:\/\/eu-people.com\/eu-people-is-een-gecertificeerd-uitzendbureau-in-nederland-gespecialiseerd-in-logistiek-en-productie-wij-bieden-betrouwbare-arbeidsbemiddeling-huisvesting-en-vervoer-voor-internationale-medewerkers\/#breadcrumb\",\"itemListElement\":[{\"@type\":\"ListItem\",\"position\":1,\"name\":\"Home\",\"item\":\"https:\/\/eu-people.com\/\"},{\"@type\":\"ListItem\",\"position\":2,\"name\":\"About EU-People\"}]},{\"@type\":\"WebSite\",\"@id\":\"https:\/\/eu-people.com\/pl\/#website\",\"url\":\"https:\/\/eu-people.com\/pl\/\",\"name\":\"EU-People | Profs for Profs\",\"description\":\"\",\"publisher\":{\"@id\":\"https:\/\/eu-people.com\/pl\/#organization\"},\"potentialAction\":[{\"@type\":\"SearchAction\",\"target\":{\"@type\":\"EntryPoint\",\"urlTemplate\":\"https:\/\/eu-people.com\/pl\/?s={search_term_string}\"},\"query-input\":{\"@type\":\"PropertyValueSpecification\",\"valueRequired\":true,\"valueName\":\"search_term_string\"}}],\"inLanguage\":\"pl-PL\"},{\"@type\":\"Organization\",\"@id\":\"https:\/\/eu-people.com\/pl\/#organization\",\"name\":\"EU-People | Profs for Profs\",\"url\":\"https:\/\/eu-people.com\/pl\/\",\"logo\":{\"@type\":\"ImageObject\",\"inLanguage\":\"pl-PL\",\"@id\":\"https:\/\/eu-people.com\/pl\/#\/schema\/logo\/image\/\",\"url\":\"https:\/\/eu-people.com\/wp-content\/uploads\/2022\/01\/logo-alt.svg\",\"contentUrl\":\"https:\/\/eu-people.com\/wp-content\/uploads\/2022\/01\/logo-alt.svg\",\"width\":956,\"height\":354,\"caption\":\"EU-People | Profs for Profs\"},\"image\":{\"@id\":\"https:\/\/eu-people.com\/pl\/#\/schema\/logo\/image\/\"},\"sameAs\":[\"https:\/\/www.facebook.com\/EUpeopleHQ\/\",\"https:\/\/www.instagram.com\/eupeople_jobs\/\",\"https:\/\/www.linkedin.com\/company\/eu-people-b.v.\/\"]}]}<\/script>\n<!-- \/ Yoast SEO Premium plugin. -->","yoast_head_json":{"title":"Betrouwbare uitzendpartner voor internationaal talent. - EU-People | Profs for Profs","description":"EU-People is een gecertificeerd uitzendbureau. Wij ontzorgen uw organisatie met betrouwbare arbeidsbemiddeling, huisvesting en vervoer voor internationale medewerkers conform Nederlands recht.","robots":{"index":"index","follow":"follow","max-snippet":"max-snippet:-1","max-image-preview":"max-image-preview:large","max-video-preview":"max-video-preview:-1"},"canonical":"https:\/\/eu-people.com\/pl\/eu-people-is-een-gecertificeerd-uitzendbureau-in-nederland-gespecialiseerd-in-logistiek-en-productie-wij-bieden-betrouwbare-arbeidsbemiddeling-huisvesting-en-vervoer-voor-internationale-medewerkers\/","og_locale":"pl_PL","og_type":"article","og_title":"About EU-People","og_description":"EU-People is een gecertificeerd uitzendbureau. Wij ontzorgen uw organisatie met betrouwbare arbeidsbemiddeling, huisvesting en vervoer voor internationale medewerkers conform Nederlands recht.","og_url":"https:\/\/eu-people.com\/pl\/eu-people-is-een-gecertificeerd-uitzendbureau-in-nederland-gespecialiseerd-in-logistiek-en-productie-wij-bieden-betrouwbare-arbeidsbemiddeling-huisvesting-en-vervoer-voor-internationale-medewerkers\/","og_site_name":"EU-People | Profs for Profs","article_publisher":"https:\/\/www.facebook.com\/EUpeopleHQ\/","article_modified_time":"2025-08-12T10:54:07+00:00","og_image":[{"url":"https:\/\/eu-people.com\/wp-content\/uploads\/2025\/04\/Colleague-day.png","type":"","width":"","height":""}],"twitter_card":"summary_large_image","twitter_misc":{"Szacowany czas czytania":"3 minuty"},"schema":{"@context":"https:\/\/schema.org","@graph":[{"@type":"WebPage","@id":"https:\/\/eu-people.com\/eu-people-is-een-gecertificeerd-uitzendbureau-in-nederland-gespecialiseerd-in-logistiek-en-productie-wij-bieden-betrouwbare-arbeidsbemiddeling-huisvesting-en-vervoer-voor-internationale-medewerkers\/","url":"https:\/\/eu-people.com\/eu-people-is-een-gecertificeerd-uitzendbureau-in-nederland-gespecialiseerd-in-logistiek-en-productie-wij-bieden-betrouwbare-arbeidsbemiddeling-huisvesting-en-vervoer-voor-internationale-medewerkers\/","name":"Betrouwbare uitzendpartner voor internationaal talent. - EU-People | Profs for Profs","isPartOf":{"@id":"https:\/\/eu-people.com\/pl\/#website"},"primaryImageOfPage":{"@id":"https:\/\/eu-people.com\/eu-people-is-een-gecertificeerd-uitzendbureau-in-nederland-gespecialiseerd-in-logistiek-en-productie-wij-bieden-betrouwbare-arbeidsbemiddeling-huisvesting-en-vervoer-voor-internationale-medewerkers\/#primaryimage"},"image":{"@id":"https:\/\/eu-people.com\/eu-people-is-een-gecertificeerd-uitzendbureau-in-nederland-gespecialiseerd-in-logistiek-en-productie-wij-bieden-betrouwbare-arbeidsbemiddeling-huisvesting-en-vervoer-voor-internationale-medewerkers\/#primaryimage"},"thumbnailUrl":"https:\/\/eu-people.com\/wp-content\/uploads\/2025\/04\/Colleague-day.png","datePublished":"2025-04-10T14:36:08+00:00","dateModified":"2025-08-12T10:54:07+00:00","description":"EU-People is een gecertificeerd uitzendbureau. Wij ontzorgen uw organisatie met betrouwbare arbeidsbemiddeling, huisvesting en vervoer voor internationale medewerkers conform Nederlands recht.","breadcrumb":{"@id":"https:\/\/eu-people.com\/eu-people-is-een-gecertificeerd-uitzendbureau-in-nederland-gespecialiseerd-in-logistiek-en-productie-wij-bieden-betrouwbare-arbeidsbemiddeling-huisvesting-en-vervoer-voor-internationale-medewerkers\/#breadcrumb"},"inLanguage":"pl-PL","potentialAction":[{"@type":"ReadAction","target":["https:\/\/eu-people.com\/eu-people-is-een-gecertificeerd-uitzendbureau-in-nederland-gespecialiseerd-in-logistiek-en-productie-wij-bieden-betrouwbare-arbeidsbemiddeling-huisvesting-en-vervoer-voor-internationale-medewerkers\/"]}]},{"@type":"ImageObject","inLanguage":"pl-PL","@id":"https:\/\/eu-people.com\/eu-people-is-een-gecertificeerd-uitzendbureau-in-nederland-gespecialiseerd-in-logistiek-en-productie-wij-bieden-betrouwbare-arbeidsbemiddeling-huisvesting-en-vervoer-voor-internationale-medewerkers\/#primaryimage","url":"https:\/\/eu-people.com\/wp-content\/uploads\/2025\/04\/Colleague-day.png","contentUrl":"https:\/\/eu-people.com\/wp-content\/uploads\/2025\/04\/Colleague-day.png"},{"@type":"BreadcrumbList","@id":"https:\/\/eu-people.com\/eu-people-is-een-gecertificeerd-uitzendbureau-in-nederland-gespecialiseerd-in-logistiek-en-productie-wij-bieden-betrouwbare-arbeidsbemiddeling-huisvesting-en-vervoer-voor-internationale-medewerkers\/#breadcrumb","itemListElement":[{"@type":"ListItem","position":1,"name":"Home","item":"https:\/\/eu-people.com\/"},{"@type":"ListItem","position":2,"name":"About EU-People"}]},{"@type":"WebSite","@id":"https:\/\/eu-people.com\/pl\/#website","url":"https:\/\/eu-people.com\/pl\/","name":"EU-People | Profs for Profs","description":"","publisher":{"@id":"https:\/\/eu-people.com\/pl\/#organization"},"potentialAction":[{"@type":"SearchAction","target":{"@type":"EntryPoint","urlTemplate":"https:\/\/eu-people.com\/pl\/?s={search_term_string}"},"query-input":{"@type":"PropertyValueSpecification","valueRequired":true,"valueName":"search_term_string"}}],"inLanguage":"pl-PL"},{"@type":"Organization","@id":"https:\/\/eu-people.com\/pl\/#organization","name":"EU-People | Profs for Profs","url":"https:\/\/eu-people.com\/pl\/","logo":{"@type":"ImageObject","inLanguage":"pl-PL","@id":"https:\/\/eu-people.com\/pl\/#\/schema\/logo\/image\/","url":"https:\/\/eu-people.com\/wp-content\/uploads\/2022\/01\/logo-alt.svg","contentUrl":"https:\/\/eu-people.com\/wp-content\/uploads\/2022\/01\/logo-alt.svg","width":956,"height":354,"caption":"EU-People | Profs for Profs"},"image":{"@id":"https:\/\/eu-people.com\/pl\/#\/schema\/logo\/image\/"},"sameAs":["https:\/\/www.facebook.com\/EUpeopleHQ\/","https:\/\/www.instagram.com\/eupeople_jobs\/","https:\/\/www.linkedin.com\/company\/eu-people-b.v.\/"]}]}},"_links":{"self":[{"href":"https:\/\/eu-people.com\/pl\/wp-json\/wp\/v2\/pages\/28507","targetHints":{"allow":["GET"]}}],"collection":[{"href":"https:\/\/eu-people.com\/pl\/wp-json\/wp\/v2\/pages"}],"about":[{"href":"https:\/\/eu-people.com\/pl\/wp-json\/wp\/v2\/types\/page"}],"author":[{"embeddable":true,"href":"https:\/\/eu-people.com\/pl\/wp-json\/wp\/v2\/users\/1"}],"replies":[{"embeddable":true,"href":"https:\/\/eu-people.com\/pl\/wp-json\/wp\/v2\/comments?post=28507"}],"version-history":[{"count":4,"href":"https:\/\/eu-people.com\/pl\/wp-json\/wp\/v2\/pages\/28507\/revisions"}],"predecessor-version":[{"id":28513,"href":"https:\/\/eu-people.com\/pl\/wp-json\/wp\/v2\/pages\/28507\/revisions\/28513"}],"wp:attachment":[{"href":"https:\/\/eu-people.com\/pl\/wp-json\/wp\/v2\/media?parent=28507"}],"curies":[{"name":"wp","href":"https:\/\/api.w.org\/{rel}","templated":true}]}}