{"id":28514,"date":"2025-04-10T15:38:18","date_gmt":"2025-04-10T14:38:18","guid":{"rendered":"https:\/\/eu-people.com\/?page_id=28514"},"modified":"2025-04-10T15:39:18","modified_gmt":"2025-04-10T14:39:18","slug":"mission-vision","status":"publish","type":"page","link":"https:\/\/eu-people.com\/pl\/mission-vision\/","title":{"rendered":"Misja i wizja"},"content":{"rendered":"<div data-elementor-type=\"wp-page\" data-elementor-id=\"28514\" class=\"elementor elementor-28514\" data-elementor-post-type=\"page\">\n\t\t\t\t<div class=\"elementor-element elementor-element-9c55981 e-flex e-con-boxed e-con e-parent\" data-id=\"9c55981\" data-element_type=\"container\">\n\t\t\t\t\t<div class=\"e-con-inner\">\n\t\t<div class=\"elementor-element elementor-element-ddee79c e-con-full e-flex e-con e-child\" data-id=\"ddee79c\" data-element_type=\"container\">\n\t\t\t\t<div class=\"elementor-element elementor-element-70f0f66 elementor-widget__width-initial elementor-widget elementor-widget-image\" data-id=\"70f0f66\" data-element_type=\"widget\" data-widget_type=\"image.default\">\n\t\t\t\t<div class=\"elementor-widget-container\">\n\t\t\t\t\t\t\t\t\t\t\t\t\t\t\t<img decoding=\"async\" src=\"https:\/\/eu-people.com\/wp-content\/uploads\/2025\/04\/Fotowand-op-formaat-e1680543761950-1.png\" title=\"Fotowand-op-formaat-e1680543761950.png\" alt=\"Fotowand-op-formaat-e1680543761950.png\" loading=\"lazy\" \/>\t\t\t\t\t\t\t\t\t\t\t\t\t\t\t<\/div>\n\t\t\t\t<\/div>\n\t\t<div class=\"elementor-element elementor-element-5cf027e e-con-full e-flex e-con e-child\" data-id=\"5cf027e\" data-element_type=\"container\" data-settings=\"{&quot;background_background&quot;:&quot;classic&quot;}\">\n\t\t\t\t<div class=\"elementor-element elementor-element-9900af6 elementor-widget elementor-widget-heading\" data-id=\"9900af6\" data-element_type=\"widget\" data-widget_type=\"heading.default\">\n\t\t\t\t<div class=\"elementor-widget-container\">\n\t\t\t\t\t<h2 class=\"elementor-heading-title elementor-size-default\">Onze missie<\/h2>\t\t\t\t<\/div>\n\t\t\t\t<\/div>\n\t\t\t\t<div class=\"elementor-element elementor-element-f5d07c6 elementor-widget elementor-widget-text-editor\" data-id=\"f5d07c6\" data-element_type=\"widget\" data-widget_type=\"text-editor.default\">\n\t\t\t\t<div class=\"elementor-widget-container\">\n\t\t\t\t\t\t\t\t\t<p>Misj\u0105 EU-People B.V. jest pozyskanie solidnego partnera zar\u00f3wno dla pracownik\u00f3w, jak i klient\u00f3w. Dzi\u0119ki skutecznemu i wydajnemu dostarczaniu us\u0142ug, d\u0105\u017cymy do prze\u0142amywania r\u00f3\u017cnic mi\u0119dzy talentami, zachowaniami i celami.<\/p><p>\u00a0<\/p><p>Nasz dwustronny model biznesowy jest podstaw\u0105 naszego sukcesu, poniewa\u017c zar\u00f3wno nasze relacje, jak i nasi znajomi s\u0105 dla nas bardzo wa\u017cni. Jest to szczeg\u00f3lnie wa\u017cne w przypadku d\u0142ugotrwa\u0142ych rekomendacji i polece\u0144 znajomych. Co wi\u0119cej, du\u017ca cz\u0119\u015b\u0107 naszych elastycznych pracownik\u00f3w mo\u017ce liczy\u0107 na szeroki kontrakt. Czy potrzebujesz dodatkowego wynagrodzenia, aby m\u00f3c z niego skorzysta\u0107?<\/p><p>\u00a0<\/p><p>Stabiele klantrelaties ontstaan vooral door tevreden uitzendkrachten bij onze klanten. Tevreden flexkrachten zapewniaj\u0105 szacunek dla za\u0142ogi, przyjemn\u0105 prac\u0119, prawid\u0142owe wsp\u00f3\u0142\u017cycie w tygodniu oraz dobre warunki pracy i pracy. To jest filozofia EU-People!<\/p>\t\t\t\t\t\t\t\t<\/div>\n\t\t\t\t<\/div>\n\t\t\t\t<div class=\"elementor-element elementor-element-884003c elementor-align-center elementor-widget elementor-widget-button\" data-id=\"884003c\" data-element_type=\"widget\" data-widget_type=\"button.default\">\n\t\t\t\t<div class=\"elementor-widget-container\">\n\t\t\t\t\t\t\t\t\t<div class=\"elementor-button-wrapper\">\n\t\t\t\t\t<a class=\"elementor-button elementor-button-link elementor-size-sm\" href=\"#contact\">\n\t\t\t\t\t\t<span class=\"elementor-button-content-wrapper\">\n\t\t\t\t\t\t<span class=\"elementor-button-icon\">\n\t\t\t\t<i aria-hidden=\"true\" class=\"fas fa-chevron-right\"><\/i>\t\t\t<\/span>\n\t\t\t\t\t\t\t\t\t<span class=\"elementor-button-text\">Samen aan de slag!<\/span>\n\t\t\t\t\t<\/span>\n\t\t\t\t\t<\/a>\n\t\t\t\t<\/div>\n\t\t\t\t\t\t\t\t<\/div>\n\t\t\t\t<\/div>\n\t\t\t\t<\/div>\n\t\t\t\t<\/div>\n\t\t\t\t\t<\/div>\n\t\t\t\t<\/div>\n\t\t<div class=\"elementor-element elementor-element-012e96a e-flex e-con-boxed e-con e-parent\" data-id=\"012e96a\" data-element_type=\"container\">\n\t\t\t\t\t<div class=\"e-con-inner\">\n\t\t<div class=\"elementor-element elementor-element-a6ae005 e-con-full e-flex e-con e-child\" data-id=\"a6ae005\" data-element_type=\"container\">\n\t\t<div class=\"elementor-element elementor-element-6b028d9 e-con-full e-flex e-con e-child\" data-id=\"6b028d9\" data-element_type=\"container\" data-settings=\"{&quot;background_background&quot;:&quot;classic&quot;}\">\n\t\t\t\t<div class=\"elementor-element elementor-element-6e94f74 elementor-widget elementor-widget-heading\" data-id=\"6e94f74\" data-element_type=\"widget\" data-widget_type=\"heading.default\">\n\t\t\t\t<div class=\"elementor-widget-container\">\n\t\t\t\t\t<h2 class=\"elementor-heading-title elementor-size-default\">Onze visie<\/h2>\t\t\t\t<\/div>\n\t\t\t\t<\/div>\n\t\t\t\t<div class=\"elementor-element elementor-element-e851b1d elementor-widget elementor-widget-text-editor\" data-id=\"e851b1d\" data-element_type=\"widget\" data-widget_type=\"text-editor.default\">\n\t\t\t\t<div class=\"elementor-widget-container\">\n\t\t\t\t\t\t\t\t\t<p style=\"font-weight: 400;\">Bij EU-People richten we ons op het langdurig en deskundig invullen van uw vacatures met behulp van onze flexkrachten. Stawiamy na r\u00f3\u017cnorodno\u015b\u0107 i integracj\u0119 oraz d\u0105\u017cymy do idealnego dopasowania w pracy.<\/p><p>\u00a0<\/p><p>Stabiele klantrelaties ontstaan vooral door tevreden uitzendkrachten. Zij vervaren het respect van onze crew, plezierig werk, wekelijks correcte beloning en goede werk- en woonomstandigheden.\u00a0<\/p><p>\u00a0<\/p><p style=\"font-weight: 400;\">D\u0142ugi sta\u017c i polecanie pracownik\u00f3w przez znajomych przek\u0142ada si\u0119 na sukces tej formu\u0142y. Co wi\u0119cej, znaczna cz\u0119\u015b\u0107 naszych elastycznych pracownik\u00f3w ma szerokie kontrakty z r\u00f3\u017cnymi klientami.<\/p>\t\t\t\t\t\t\t\t<\/div>\n\t\t\t\t<\/div>\n\t\t\t\t<div class=\"elementor-element elementor-element-19b5973 elementor-align-center elementor-widget elementor-widget-button\" data-id=\"19b5973\" data-element_type=\"widget\" data-widget_type=\"button.default\">\n\t\t\t\t<div class=\"elementor-widget-container\">\n\t\t\t\t\t\t\t\t\t<div class=\"elementor-button-wrapper\">\n\t\t\t\t\t<a class=\"elementor-button elementor-button-link elementor-size-sm\" href=\"#contact\">\n\t\t\t\t\t\t<span class=\"elementor-button-content-wrapper\">\n\t\t\t\t\t\t<span class=\"elementor-button-icon\">\n\t\t\t\t<i aria-hidden=\"true\" class=\"fas fa-chevron-right\"><\/i>\t\t\t<\/span>\n\t\t\t\t\t\t\t\t\t<span class=\"elementor-button-text\">Samen aan de slag!<\/span>\n\t\t\t\t\t<\/span>\n\t\t\t\t\t<\/a>\n\t\t\t\t<\/div>\n\t\t\t\t\t\t\t\t<\/div>\n\t\t\t\t<\/div>\n\t\t\t\t<\/div>\n\t\t\t\t<div class=\"elementor-element elementor-element-38f2739 elementor-widget__width-initial elementor-widget elementor-widget-image\" data-id=\"38f2739\" data-element_type=\"widget\" data-widget_type=\"image.default\">\n\t\t\t\t<div class=\"elementor-widget-container\">\n\t\t\t\t\t\t\t\t\t\t\t\t\t\t\t<img decoding=\"async\" src=\"https:\/\/eu-people.com\/wp-content\/uploads\/2025\/04\/Warehouse_blur-1-e1694182714626.png\" title=\"Warehouse_blur-1-e1694182714626.png\" alt=\"Warehouse_blur-1-e1694182714626.png\" loading=\"lazy\" \/>\t\t\t\t\t\t\t\t\t\t\t\t\t\t\t<\/div>\n\t\t\t\t<\/div>\n\t\t\t\t<\/div>\n\t\t\t\t\t<\/div>\n\t\t\t\t<\/div>\n\t\t<div class=\"elementor-element elementor-element-072997b e-flex e-con-boxed e-con e-parent\" data-id=\"072997b\" data-element_type=\"container\">\n\t\t\t\t\t<div class=\"e-con-inner\">\n\t\t<div class=\"elementor-element elementor-element-76a1e65 e-con-full e-flex e-con e-child\" data-id=\"76a1e65\" data-element_type=\"container\">\n\t\t\t\t<div class=\"elementor-element elementor-element-5fd8d85 elementor-widget elementor-widget-text-editor\" data-id=\"5fd8d85\" data-element_type=\"widget\" data-widget_type=\"text-editor.default\">\n\t\t\t\t<div class=\"elementor-widget-container\">\n\t\t\t\t\t\t\t\t\t<p>Przywi\u0105zujemy du\u017c\u0105 wag\u0119 do \u015bwiata biologicznego. Dlatego nieustannie staramy si\u0119 redukowa\u0107 \u015blad w\u0119glowy w ka\u017cdym aspekcie dzia\u0142alno\u015bci firmy.<\/p>\t\t\t\t\t\t\t\t<\/div>\n\t\t\t\t<\/div>\n\t\t\t\t<\/div>\n\t\t\t\t\t<\/div>\n\t\t\t\t<\/div>\n\t\t\t\t<\/div>","protected":false},"excerpt":{"rendered":"<p>Misja Misj\u0105 EU-People B.V. jest znalezienie solidnego partnera zar\u00f3wno dla pracownik\u00f3w, jak i dla klient\u00f3w. Dzi\u0119ki skutecznym i wydajnym procesom uitzendoplossingen, d\u0105\u017cymy do prze\u0142amywania r\u00f3\u017cnic mi\u0119dzy talentami, zachowaniami i celami. Nasz dwustronny model biznesowy jest podstaw\u0105 naszego sukcesu, poniewa\u017c zale\u017cy nam nie tylko na relacjach, ale tak\u017ce na... <a class=\"more-link\" href=\"https:\/\/eu-people.com\/pl\/mission-vision\/\">Czytaj dalej <span class=\"screen-reader-text\">Misja i wizja<\/span><\/a><\/p>","protected":false},"author":1,"featured_media":0,"parent":0,"menu_order":0,"comment_status":"closed","ping_status":"closed","template":"","meta":{"footnotes":""},"class_list":["post-28514","page","type-page","status-publish","hentry","entry"],"yoast_head":"<!-- This site is optimized with the Yoast SEO Premium plugin v25.3.1 (Yoast SEO v25.3.1) - https:\/\/yoast.com\/wordpress\/plugins\/seo\/ -->\n<title>Mission &amp; vision - EU-People | Profs for Profs<\/title>\n<meta name=\"description\" content=\"Mission &amp; vision - EU-People | Profs for Profs %\" \/>\n<meta name=\"robots\" content=\"index, follow, max-snippet:-1, max-image-preview:large, max-video-preview:-1\" \/>\n<link rel=\"canonical\" href=\"https:\/\/eu-people.com\/pl\/mission-vision\/\" \/>\n<meta property=\"og:locale\" content=\"pl_PL\" \/>\n<meta property=\"og:type\" content=\"article\" \/>\n<meta property=\"og:title\" content=\"Mission &amp; vision\" \/>\n<meta property=\"og:description\" content=\"Mission &amp; vision - EU-People | Profs for Profs %\" \/>\n<meta property=\"og:url\" content=\"https:\/\/eu-people.com\/pl\/mission-vision\/\" \/>\n<meta property=\"og:site_name\" content=\"EU-People | Profs for Profs\" \/>\n<meta property=\"article:publisher\" content=\"https:\/\/www.facebook.com\/EUpeopleHQ\/\" \/>\n<meta property=\"article:modified_time\" content=\"2025-04-10T14:39:18+00:00\" \/>\n<meta property=\"og:image\" content=\"https:\/\/eu-people.com\/wp-content\/uploads\/2025\/04\/Fotowand-op-formaat-e1680543761950-1.png\" \/>\n<meta name=\"twitter:card\" content=\"summary_large_image\" \/>\n<meta name=\"twitter:label1\" content=\"Szacowany czas czytania\" \/>\n\t<meta name=\"twitter:data1\" content=\"2 minuty\" \/>\n<script type=\"application\/ld+json\" class=\"yoast-schema-graph\">{\"@context\":\"https:\/\/schema.org\",\"@graph\":[{\"@type\":\"WebPage\",\"@id\":\"https:\/\/eu-people.com\/mission-vision\/\",\"url\":\"https:\/\/eu-people.com\/mission-vision\/\",\"name\":\"Mission &amp; vision - EU-People | Profs for Profs\",\"isPartOf\":{\"@id\":\"https:\/\/eu-people.com\/pl\/#website\"},\"primaryImageOfPage\":{\"@id\":\"https:\/\/eu-people.com\/mission-vision\/#primaryimage\"},\"image\":{\"@id\":\"https:\/\/eu-people.com\/mission-vision\/#primaryimage\"},\"thumbnailUrl\":\"https:\/\/eu-people.com\/wp-content\/uploads\/2025\/04\/Fotowand-op-formaat-e1680543761950-1.png\",\"datePublished\":\"2025-04-10T14:38:18+00:00\",\"dateModified\":\"2025-04-10T14:39:18+00:00\",\"description\":\"Mission &amp; vision - EU-People | Profs for Profs %\",\"breadcrumb\":{\"@id\":\"https:\/\/eu-people.com\/mission-vision\/#breadcrumb\"},\"inLanguage\":\"pl-PL\",\"potentialAction\":[{\"@type\":\"ReadAction\",\"target\":[\"https:\/\/eu-people.com\/mission-vision\/\"]}]},{\"@type\":\"ImageObject\",\"inLanguage\":\"pl-PL\",\"@id\":\"https:\/\/eu-people.com\/mission-vision\/#primaryimage\",\"url\":\"https:\/\/eu-people.com\/wp-content\/uploads\/2025\/04\/Fotowand-op-formaat-e1680543761950-1.png\",\"contentUrl\":\"https:\/\/eu-people.com\/wp-content\/uploads\/2025\/04\/Fotowand-op-formaat-e1680543761950-1.png\"},{\"@type\":\"BreadcrumbList\",\"@id\":\"https:\/\/eu-people.com\/mission-vision\/#breadcrumb\",\"itemListElement\":[{\"@type\":\"ListItem\",\"position\":1,\"name\":\"Home\",\"item\":\"https:\/\/eu-people.com\/\"},{\"@type\":\"ListItem\",\"position\":2,\"name\":\"Mission &amp; vision\"}]},{\"@type\":\"WebSite\",\"@id\":\"https:\/\/eu-people.com\/pl\/#website\",\"url\":\"https:\/\/eu-people.com\/pl\/\",\"name\":\"EU-People | Profs for Profs\",\"description\":\"\",\"publisher\":{\"@id\":\"https:\/\/eu-people.com\/pl\/#organization\"},\"potentialAction\":[{\"@type\":\"SearchAction\",\"target\":{\"@type\":\"EntryPoint\",\"urlTemplate\":\"https:\/\/eu-people.com\/pl\/?s={search_term_string}\"},\"query-input\":{\"@type\":\"PropertyValueSpecification\",\"valueRequired\":true,\"valueName\":\"search_term_string\"}}],\"inLanguage\":\"pl-PL\"},{\"@type\":\"Organization\",\"@id\":\"https:\/\/eu-people.com\/pl\/#organization\",\"name\":\"EU-People | Profs for Profs\",\"url\":\"https:\/\/eu-people.com\/pl\/\",\"logo\":{\"@type\":\"ImageObject\",\"inLanguage\":\"pl-PL\",\"@id\":\"https:\/\/eu-people.com\/pl\/#\/schema\/logo\/image\/\",\"url\":\"https:\/\/eu-people.com\/wp-content\/uploads\/2022\/01\/logo-alt.svg\",\"contentUrl\":\"https:\/\/eu-people.com\/wp-content\/uploads\/2022\/01\/logo-alt.svg\",\"width\":956,\"height\":354,\"caption\":\"EU-People | Profs for Profs\"},\"image\":{\"@id\":\"https:\/\/eu-people.com\/pl\/#\/schema\/logo\/image\/\"},\"sameAs\":[\"https:\/\/www.facebook.com\/EUpeopleHQ\/\",\"https:\/\/www.instagram.com\/eupeople_jobs\/\",\"https:\/\/www.linkedin.com\/company\/eu-people-b.v.\/\"]}]}<\/script>\n<!-- \/ Yoast SEO Premium plugin. -->","yoast_head_json":{"title":"Mission &amp; vision - EU-People | Profs for Profs","description":"Mission &amp; vision - EU-People | Profs for Profs %","robots":{"index":"index","follow":"follow","max-snippet":"max-snippet:-1","max-image-preview":"max-image-preview:large","max-video-preview":"max-video-preview:-1"},"canonical":"https:\/\/eu-people.com\/pl\/mission-vision\/","og_locale":"pl_PL","og_type":"article","og_title":"Mission &amp; vision","og_description":"Mission &amp; vision - EU-People | Profs for Profs %","og_url":"https:\/\/eu-people.com\/pl\/mission-vision\/","og_site_name":"EU-People | Profs for Profs","article_publisher":"https:\/\/www.facebook.com\/EUpeopleHQ\/","article_modified_time":"2025-04-10T14:39:18+00:00","og_image":[{"url":"https:\/\/eu-people.com\/wp-content\/uploads\/2025\/04\/Fotowand-op-formaat-e1680543761950-1.png","type":"","width":"","height":""}],"twitter_card":"summary_large_image","twitter_misc":{"Szacowany czas czytania":"2 minuty"},"schema":{"@context":"https:\/\/schema.org","@graph":[{"@type":"WebPage","@id":"https:\/\/eu-people.com\/mission-vision\/","url":"https:\/\/eu-people.com\/mission-vision\/","name":"Mission &amp; vision - EU-People | Profs for Profs","isPartOf":{"@id":"https:\/\/eu-people.com\/pl\/#website"},"primaryImageOfPage":{"@id":"https:\/\/eu-people.com\/mission-vision\/#primaryimage"},"image":{"@id":"https:\/\/eu-people.com\/mission-vision\/#primaryimage"},"thumbnailUrl":"https:\/\/eu-people.com\/wp-content\/uploads\/2025\/04\/Fotowand-op-formaat-e1680543761950-1.png","datePublished":"2025-04-10T14:38:18+00:00","dateModified":"2025-04-10T14:39:18+00:00","description":"Mission &amp; vision - EU-People | Profs for Profs %","breadcrumb":{"@id":"https:\/\/eu-people.com\/mission-vision\/#breadcrumb"},"inLanguage":"pl-PL","potentialAction":[{"@type":"ReadAction","target":["https:\/\/eu-people.com\/mission-vision\/"]}]},{"@type":"ImageObject","inLanguage":"pl-PL","@id":"https:\/\/eu-people.com\/mission-vision\/#primaryimage","url":"https:\/\/eu-people.com\/wp-content\/uploads\/2025\/04\/Fotowand-op-formaat-e1680543761950-1.png","contentUrl":"https:\/\/eu-people.com\/wp-content\/uploads\/2025\/04\/Fotowand-op-formaat-e1680543761950-1.png"},{"@type":"BreadcrumbList","@id":"https:\/\/eu-people.com\/mission-vision\/#breadcrumb","itemListElement":[{"@type":"ListItem","position":1,"name":"Home","item":"https:\/\/eu-people.com\/"},{"@type":"ListItem","position":2,"name":"Mission &amp; vision"}]},{"@type":"WebSite","@id":"https:\/\/eu-people.com\/pl\/#website","url":"https:\/\/eu-people.com\/pl\/","name":"EU-People | Profs for Profs","description":"","publisher":{"@id":"https:\/\/eu-people.com\/pl\/#organization"},"potentialAction":[{"@type":"SearchAction","target":{"@type":"EntryPoint","urlTemplate":"https:\/\/eu-people.com\/pl\/?s={search_term_string}"},"query-input":{"@type":"PropertyValueSpecification","valueRequired":true,"valueName":"search_term_string"}}],"inLanguage":"pl-PL"},{"@type":"Organization","@id":"https:\/\/eu-people.com\/pl\/#organization","name":"EU-People | Profs for Profs","url":"https:\/\/eu-people.com\/pl\/","logo":{"@type":"ImageObject","inLanguage":"pl-PL","@id":"https:\/\/eu-people.com\/pl\/#\/schema\/logo\/image\/","url":"https:\/\/eu-people.com\/wp-content\/uploads\/2022\/01\/logo-alt.svg","contentUrl":"https:\/\/eu-people.com\/wp-content\/uploads\/2022\/01\/logo-alt.svg","width":956,"height":354,"caption":"EU-People | Profs for Profs"},"image":{"@id":"https:\/\/eu-people.com\/pl\/#\/schema\/logo\/image\/"},"sameAs":["https:\/\/www.facebook.com\/EUpeopleHQ\/","https:\/\/www.instagram.com\/eupeople_jobs\/","https:\/\/www.linkedin.com\/company\/eu-people-b.v.\/"]}]}},"_links":{"self":[{"href":"https:\/\/eu-people.com\/pl\/wp-json\/wp\/v2\/pages\/28514","targetHints":{"allow":["GET"]}}],"collection":[{"href":"https:\/\/eu-people.com\/pl\/wp-json\/wp\/v2\/pages"}],"about":[{"href":"https:\/\/eu-people.com\/pl\/wp-json\/wp\/v2\/types\/page"}],"author":[{"embeddable":true,"href":"https:\/\/eu-people.com\/pl\/wp-json\/wp\/v2\/users\/1"}],"replies":[{"embeddable":true,"href":"https:\/\/eu-people.com\/pl\/wp-json\/wp\/v2\/comments?post=28514"}],"version-history":[{"count":4,"href":"https:\/\/eu-people.com\/pl\/wp-json\/wp\/v2\/pages\/28514\/revisions"}],"predecessor-version":[{"id":28522,"href":"https:\/\/eu-people.com\/pl\/wp-json\/wp\/v2\/pages\/28514\/revisions\/28522"}],"wp:attachment":[{"href":"https:\/\/eu-people.com\/pl\/wp-json\/wp\/v2\/media?parent=28514"}],"curies":[{"name":"wp","href":"https:\/\/api.w.org\/{rel}","templated":true}]}}