{"id":28523,"date":"2025-04-10T15:40:19","date_gmt":"2025-04-10T14:40:19","guid":{"rendered":"https:\/\/eu-people.com\/?page_id=28523"},"modified":"2025-10-13T10:37:52","modified_gmt":"2025-10-13T09:37:52","slug":"formula-for-success","status":"publish","type":"page","link":"https:\/\/eu-people.com\/pl\/formula-for-success\/","title":{"rendered":"Formu\u0142a sukcesu"},"content":{"rendered":"<div data-elementor-type=\"wp-page\" data-elementor-id=\"28523\" class=\"elementor elementor-28523\" data-elementor-post-type=\"page\">\n\t\t\t\t<div class=\"elementor-element elementor-element-5ea9d36 e-flex e-con-boxed e-con e-parent\" data-id=\"5ea9d36\" data-element_type=\"container\">\n\t\t\t\t\t<div class=\"e-con-inner\">\n\t\t<div class=\"elementor-element elementor-element-e241f27 e-con-full e-flex e-con e-child\" data-id=\"e241f27\" data-element_type=\"container\">\n\t\t<div class=\"elementor-element elementor-element-73d1559 e-con-full e-flex e-con e-child\" data-id=\"73d1559\" data-element_type=\"container\" data-settings=\"{&quot;background_background&quot;:&quot;classic&quot;}\">\n\t\t\t\t<div class=\"elementor-element elementor-element-82b9d42 elementor-widget elementor-widget-heading\" data-id=\"82b9d42\" data-element_type=\"widget\" data-widget_type=\"heading.default\">\n\t\t\t\t<div class=\"elementor-widget-container\">\n\t\t\t\t\t<h2 class=\"elementor-heading-title elementor-size-default\">Zo werkt het<\/h2>\t\t\t\t<\/div>\n\t\t\t\t<\/div>\n\t\t\t\t<div class=\"elementor-element elementor-element-54c7594 elementor-widget elementor-widget-text-editor\" data-id=\"54c7594\" data-element_type=\"widget\" data-widget_type=\"text-editor.default\">\n\t\t\t\t<div class=\"elementor-widget-container\">\n\t\t\t\t\t\t\t\t\t<p>Zo werkt het! Onze kernwaarden zijn <strong>betrouwbaarheid<\/strong>, <strong>servicegerichtheid<\/strong>, <strong>innowacje<\/strong>, <strong>elastyczno\u015b\u0107<\/strong>, <strong>duurzaamheid maar ook<\/strong>\u00a0<strong>dobre zakwaterowanie<\/strong> pl <strong>transport weilig<\/strong>. Wij bewijzen dagelijks aan deze kernwaarden echt inhoud te geven en verzamelen actief feedback met name om dit blijvend te garanderen. Dzi\u0119ki EU-People tracimy mo\u017cliwo\u015b\u0107 korzystania z us\u0142ug ECHT. Spotkasz si\u0119 ze specjalistami, kt\u00f3rzy razem z Tob\u0105 zajm\u0105 si\u0119 najlepszymi rozwi\u0105zaniami dla Twojej organizacji, a tym samym przyczyni\u0105 si\u0119 do Twojego sukcesu i zwyci\u0119stwa!<\/p><p>Anderen noemen ons DE specialist in logistiek en productie, wij onderscheiden ons door gedegen en actuele kennis van de operationele processen in deze sectoren. My, nasze zespo\u0142y, jeste\u015bmy w pe\u0142ni zaanga\u017cowani w prac\u0119 z naszymi klientami i dzia\u0142amy aktywnie w wielu magazynach, centrach dystrybucji i zak\u0142adach produkcyjnych - z nazw\u0105 w Zuid-Nederland.  Nasi konsultanci i rekruterzy EU-People dbaj\u0105 o dobre \"dopasowanie\" do \u015brodowiska pracy naszych klient\u00f3w.<\/p><p>Nasi trenerzy pracy i mened\u017cerowie regularnie i zgodnie kontaktuj\u0105 si\u0119 z kandydatami i informuj\u0105 o ich potrzebach zwi\u0105zanych z prac\u0105. W ten spos\u00f3b uzyskujesz lepsze informacje dla rekruter\u00f3w, co przek\u0142ada si\u0119 na jeszcze lepsze dopasowanie.<\/p><p>Stabiele klantrelaties zaczynaj\u0105 si\u0119 od tevreden werknemers. Nasze elastyczne pokoje zapewniaj\u0105 dobre warunki mieszkaniowe, komfortow\u0105 prac\u0119, terminowe i prawid\u0142owe rozliczenia tygodniowe. Co wi\u0119cej, nasz przyjazny zesp\u00f3\u0142 administracyjny s\u0142u\u017cy pomoc\u0105 w rozwi\u0105zywaniu problem\u00f3w, udzielaniu pomocy, wnioskach o odszkodowanie i nie tylko.<\/p>\t\t\t\t\t\t\t\t<\/div>\n\t\t\t\t<\/div>\n\t\t\t\t<div class=\"elementor-element elementor-element-362347c elementor-align-center elementor-widget elementor-widget-button\" data-id=\"362347c\" data-element_type=\"widget\" data-widget_type=\"button.default\">\n\t\t\t\t<div class=\"elementor-widget-container\">\n\t\t\t\t\t\t\t\t\t<div class=\"elementor-button-wrapper\">\n\t\t\t\t\t<a class=\"elementor-button elementor-button-link elementor-size-sm\" href=\"#contact\">\n\t\t\t\t\t\t<span class=\"elementor-button-content-wrapper\">\n\t\t\t\t\t\t<span class=\"elementor-button-icon\">\n\t\t\t\t<i aria-hidden=\"true\" class=\"fas fa-chevron-right\"><\/i>\t\t\t<\/span>\n\t\t\t\t\t\t\t\t\t<span class=\"elementor-button-text\">Samen aan de slag!<\/span>\n\t\t\t\t\t<\/span>\n\t\t\t\t\t<\/a>\n\t\t\t\t<\/div>\n\t\t\t\t\t\t\t\t<\/div>\n\t\t\t\t<\/div>\n\t\t\t\t<\/div>\n\t\t\t\t<\/div>\n\t\t\t\t\t<\/div>\n\t\t\t\t<\/div>\n\t\t<div class=\"elementor-element elementor-element-bd27551 e-flex e-con-boxed e-con e-parent\" data-id=\"bd27551\" data-element_type=\"container\">\n\t\t\t\t\t<div class=\"e-con-inner\">\n\t\t<div class=\"elementor-element elementor-element-a1a58d6 e-con-full e-flex e-con e-child\" data-id=\"a1a58d6\" data-element_type=\"container\">\n\t\t\t\t<div class=\"elementor-element elementor-element-8ba7452 elementor-widget__width-initial elementor-widget elementor-widget-image\" data-id=\"8ba7452\" data-element_type=\"widget\" data-widget_type=\"image.default\">\n\t\t\t\t<div class=\"elementor-widget-container\">\n\t\t\t\t\t\t\t\t\t\t\t\t\t\t\t<img decoding=\"async\" src=\"https:\/\/eu-people.com\/wp-content\/uploads\/2025\/04\/Dutch-labor-contract.png\" title=\"Dutch-labor-contract.png\" alt=\"Dutch-labor-contract.png\" loading=\"lazy\" \/>\t\t\t\t\t\t\t\t\t\t\t\t\t\t\t<\/div>\n\t\t\t\t<\/div>\n\t\t<div class=\"elementor-element elementor-element-abd1b70 e-con-full e-flex e-con e-child\" data-id=\"abd1b70\" data-element_type=\"container\" data-settings=\"{&quot;background_background&quot;:&quot;classic&quot;}\">\n\t\t\t\t<div class=\"elementor-element elementor-element-69ed229 elementor-widget elementor-widget-heading\" data-id=\"69ed229\" data-element_type=\"widget\" data-widget_type=\"heading.default\">\n\t\t\t\t<div class=\"elementor-widget-container\">\n\t\t\t\t\t<h2 class=\"elementor-heading-title elementor-size-default\">G-rekening<\/h2>\t\t\t\t<\/div>\n\t\t\t\t<\/div>\n\t\t\t\t<div class=\"elementor-element elementor-element-57fd9f2 elementor-widget elementor-widget-text-editor\" data-id=\"57fd9f2\" data-element_type=\"widget\" data-widget_type=\"text-editor.default\">\n\t\t\t\t<div class=\"elementor-widget-container\">\n\t\t\t\t\t\t\t\t\t<p>Bij EU-People makeen wij gebruik van een <a href=\"https:\/\/www.belastingdienst.nl\/wps\/wcm\/connect\/bldcontentnl\/belastingdienst\/zakelijk\/internationaal \/personeel\/u_bent_niet_in_nederland_gevestigd_loonheffingen_inhouden\/wanneer_moet_u_loonheffi ngen_inhouden1\/u_bent_inhoudingsplichtig1\/u_zendt_of_leent_personeel_uit_of_u_detacheert_perso neel_in_nederland\/g-rekening\" target=\"_blank\" rel=\"noopener nofollow\">Geblokkeerde rekening (G-rekening)<\/a> do wnoszenia op\u0142at i \/ lub BTW do Belastingdienst. Korzystanie z G-rekening minimalizuje ryzyko, \u017ce klienci Belastingdienst nie b\u0119d\u0105 mogli korzysta\u0107 z us\u0142ugi <a href=\"http:\/\/www.belastingdienst.nl\/wps\/wcm\/connect\/bldcontentnl\/belastingdienst\/zakelijk\/aangifte_betalen_en_toezicht\/aansprakelijkheid\/ketenaansprakelijkheid\/ketenaansprakelijkheid\" target=\"_blank\" rel=\"noopener nofollow\">WKA (Wet Keten Aansprakelijkheid)<\/a> kan belasten voor niet-afgedragen sociale lasten en BTW. Op onze facturen wordt een bedrag ter waarde van 29% van de factuurwaarde ex. BTW apart aangegeven - te betalen op onze G-rekening. Jest to wa\u017cne, aby klienci mogli unikn\u0105\u0107 potencjalnych negatywnych konsekwencji.<\/p>\t\t\t\t\t\t\t\t<\/div>\n\t\t\t\t<\/div>\n\t\t\t\t<\/div>\n\t\t\t\t<\/div>\n\t\t\t\t\t<\/div>\n\t\t\t\t<\/div>\n\t\t\t\t<\/div>","protected":false},"excerpt":{"rendered":"<p>Zo werkt het Zo werkt het! Nasze us\u0142ugi to niezawodno\u015b\u0107, jako\u015b\u0107 obs\u0142ugi, innowacyjno\u015b\u0107, elastyczno\u015b\u0107, trwa\u0142o\u015b\u0107, a tak\u017ce dobry hosting i bezproblemowy transport. Wij bewijzen dagelijks aan deze kernwaarden echt inhoud te geven en verzamelen actief feedback met name om dit blijvend te garanderen. Dzi\u0119ki EU-People tracimy mo\u017cliwo\u015b\u0107 korzystania z us\u0142ug ECHT. Pracujesz sam ze specjalistami... <a class=\"more-link\" href=\"https:\/\/eu-people.com\/pl\/formula-for-success\/\">Czytaj dalej <span class=\"screen-reader-text\">Formu\u0142a sukcesu<\/span><\/a><\/p>","protected":false},"author":1,"featured_media":0,"parent":0,"menu_order":0,"comment_status":"closed","ping_status":"closed","template":"","meta":{"footnotes":""},"class_list":["post-28523","page","type-page","status-publish","hentry","entry"],"yoast_head":"<!-- This site is optimized with the Yoast SEO Premium plugin v25.3.1 (Yoast SEO v25.3.1) - https:\/\/yoast.com\/wordpress\/plugins\/seo\/ -->\n<title>Formula for success - EU-People | Profs for Profs<\/title>\n<meta name=\"description\" content=\"Formula for success - EU-People | Profs for Profs %\" \/>\n<meta name=\"robots\" content=\"index, follow, max-snippet:-1, max-image-preview:large, max-video-preview:-1\" \/>\n<link rel=\"canonical\" href=\"https:\/\/eu-people.com\/pl\/formula-for-success\/\" \/>\n<meta property=\"og:locale\" content=\"pl_PL\" \/>\n<meta property=\"og:type\" content=\"article\" \/>\n<meta property=\"og:title\" content=\"Formula for success\" \/>\n<meta property=\"og:description\" content=\"Formula for success - EU-People | Profs for Profs %\" \/>\n<meta property=\"og:url\" content=\"https:\/\/eu-people.com\/pl\/formula-for-success\/\" \/>\n<meta property=\"og:site_name\" content=\"EU-People | Profs for Profs\" \/>\n<meta property=\"article:publisher\" content=\"https:\/\/www.facebook.com\/EUpeopleHQ\/\" \/>\n<meta property=\"article:modified_time\" content=\"2025-10-13T09:37:52+00:00\" \/>\n<meta property=\"og:image\" content=\"https:\/\/eu-people.com\/wp-content\/uploads\/2025\/04\/Dutch-labor-contract.png\" \/>\n<meta name=\"twitter:card\" content=\"summary_large_image\" \/>\n<meta name=\"twitter:label1\" content=\"Szacowany czas czytania\" \/>\n\t<meta name=\"twitter:data1\" content=\"2 minuty\" \/>\n<script type=\"application\/ld+json\" class=\"yoast-schema-graph\">{\"@context\":\"https:\/\/schema.org\",\"@graph\":[{\"@type\":\"WebPage\",\"@id\":\"https:\/\/eu-people.com\/formula-for-success\/\",\"url\":\"https:\/\/eu-people.com\/formula-for-success\/\",\"name\":\"Formula for success - EU-People | Profs for Profs\",\"isPartOf\":{\"@id\":\"https:\/\/eu-people.com\/pl\/#website\"},\"primaryImageOfPage\":{\"@id\":\"https:\/\/eu-people.com\/formula-for-success\/#primaryimage\"},\"image\":{\"@id\":\"https:\/\/eu-people.com\/formula-for-success\/#primaryimage\"},\"thumbnailUrl\":\"https:\/\/eu-people.com\/wp-content\/uploads\/2025\/04\/Dutch-labor-contract.png\",\"datePublished\":\"2025-04-10T14:40:19+00:00\",\"dateModified\":\"2025-10-13T09:37:52+00:00\",\"description\":\"Formula for success - EU-People | Profs for Profs %\",\"breadcrumb\":{\"@id\":\"https:\/\/eu-people.com\/formula-for-success\/#breadcrumb\"},\"inLanguage\":\"pl-PL\",\"potentialAction\":[{\"@type\":\"ReadAction\",\"target\":[\"https:\/\/eu-people.com\/formula-for-success\/\"]}]},{\"@type\":\"ImageObject\",\"inLanguage\":\"pl-PL\",\"@id\":\"https:\/\/eu-people.com\/formula-for-success\/#primaryimage\",\"url\":\"https:\/\/eu-people.com\/wp-content\/uploads\/2025\/04\/Dutch-labor-contract.png\",\"contentUrl\":\"https:\/\/eu-people.com\/wp-content\/uploads\/2025\/04\/Dutch-labor-contract.png\"},{\"@type\":\"BreadcrumbList\",\"@id\":\"https:\/\/eu-people.com\/formula-for-success\/#breadcrumb\",\"itemListElement\":[{\"@type\":\"ListItem\",\"position\":1,\"name\":\"Home\",\"item\":\"https:\/\/eu-people.com\/\"},{\"@type\":\"ListItem\",\"position\":2,\"name\":\"Formula for success\"}]},{\"@type\":\"WebSite\",\"@id\":\"https:\/\/eu-people.com\/pl\/#website\",\"url\":\"https:\/\/eu-people.com\/pl\/\",\"name\":\"EU-People | Profs for Profs\",\"description\":\"\",\"publisher\":{\"@id\":\"https:\/\/eu-people.com\/pl\/#organization\"},\"potentialAction\":[{\"@type\":\"SearchAction\",\"target\":{\"@type\":\"EntryPoint\",\"urlTemplate\":\"https:\/\/eu-people.com\/pl\/?s={search_term_string}\"},\"query-input\":{\"@type\":\"PropertyValueSpecification\",\"valueRequired\":true,\"valueName\":\"search_term_string\"}}],\"inLanguage\":\"pl-PL\"},{\"@type\":\"Organization\",\"@id\":\"https:\/\/eu-people.com\/pl\/#organization\",\"name\":\"EU-People | Profs for Profs\",\"url\":\"https:\/\/eu-people.com\/pl\/\",\"logo\":{\"@type\":\"ImageObject\",\"inLanguage\":\"pl-PL\",\"@id\":\"https:\/\/eu-people.com\/pl\/#\/schema\/logo\/image\/\",\"url\":\"https:\/\/eu-people.com\/wp-content\/uploads\/2022\/01\/logo-alt.svg\",\"contentUrl\":\"https:\/\/eu-people.com\/wp-content\/uploads\/2022\/01\/logo-alt.svg\",\"width\":956,\"height\":354,\"caption\":\"EU-People | Profs for Profs\"},\"image\":{\"@id\":\"https:\/\/eu-people.com\/pl\/#\/schema\/logo\/image\/\"},\"sameAs\":[\"https:\/\/www.facebook.com\/EUpeopleHQ\/\",\"https:\/\/www.instagram.com\/eupeople_jobs\/\",\"https:\/\/www.linkedin.com\/company\/eu-people-b.v.\/\"]}]}<\/script>\n<!-- \/ Yoast SEO Premium plugin. -->","yoast_head_json":{"title":"Formula for success - EU-People | Profs for Profs","description":"Formula for success - EU-People | Profs for Profs %","robots":{"index":"index","follow":"follow","max-snippet":"max-snippet:-1","max-image-preview":"max-image-preview:large","max-video-preview":"max-video-preview:-1"},"canonical":"https:\/\/eu-people.com\/pl\/formula-for-success\/","og_locale":"pl_PL","og_type":"article","og_title":"Formula for success","og_description":"Formula for success - EU-People | Profs for Profs %","og_url":"https:\/\/eu-people.com\/pl\/formula-for-success\/","og_site_name":"EU-People | Profs for Profs","article_publisher":"https:\/\/www.facebook.com\/EUpeopleHQ\/","article_modified_time":"2025-10-13T09:37:52+00:00","og_image":[{"url":"https:\/\/eu-people.com\/wp-content\/uploads\/2025\/04\/Dutch-labor-contract.png","type":"","width":"","height":""}],"twitter_card":"summary_large_image","twitter_misc":{"Szacowany czas czytania":"2 minuty"},"schema":{"@context":"https:\/\/schema.org","@graph":[{"@type":"WebPage","@id":"https:\/\/eu-people.com\/formula-for-success\/","url":"https:\/\/eu-people.com\/formula-for-success\/","name":"Formula for success - EU-People | Profs for Profs","isPartOf":{"@id":"https:\/\/eu-people.com\/pl\/#website"},"primaryImageOfPage":{"@id":"https:\/\/eu-people.com\/formula-for-success\/#primaryimage"},"image":{"@id":"https:\/\/eu-people.com\/formula-for-success\/#primaryimage"},"thumbnailUrl":"https:\/\/eu-people.com\/wp-content\/uploads\/2025\/04\/Dutch-labor-contract.png","datePublished":"2025-04-10T14:40:19+00:00","dateModified":"2025-10-13T09:37:52+00:00","description":"Formula for success - EU-People | Profs for Profs %","breadcrumb":{"@id":"https:\/\/eu-people.com\/formula-for-success\/#breadcrumb"},"inLanguage":"pl-PL","potentialAction":[{"@type":"ReadAction","target":["https:\/\/eu-people.com\/formula-for-success\/"]}]},{"@type":"ImageObject","inLanguage":"pl-PL","@id":"https:\/\/eu-people.com\/formula-for-success\/#primaryimage","url":"https:\/\/eu-people.com\/wp-content\/uploads\/2025\/04\/Dutch-labor-contract.png","contentUrl":"https:\/\/eu-people.com\/wp-content\/uploads\/2025\/04\/Dutch-labor-contract.png"},{"@type":"BreadcrumbList","@id":"https:\/\/eu-people.com\/formula-for-success\/#breadcrumb","itemListElement":[{"@type":"ListItem","position":1,"name":"Home","item":"https:\/\/eu-people.com\/"},{"@type":"ListItem","position":2,"name":"Formula for success"}]},{"@type":"WebSite","@id":"https:\/\/eu-people.com\/pl\/#website","url":"https:\/\/eu-people.com\/pl\/","name":"EU-People | Profs for Profs","description":"","publisher":{"@id":"https:\/\/eu-people.com\/pl\/#organization"},"potentialAction":[{"@type":"SearchAction","target":{"@type":"EntryPoint","urlTemplate":"https:\/\/eu-people.com\/pl\/?s={search_term_string}"},"query-input":{"@type":"PropertyValueSpecification","valueRequired":true,"valueName":"search_term_string"}}],"inLanguage":"pl-PL"},{"@type":"Organization","@id":"https:\/\/eu-people.com\/pl\/#organization","name":"EU-People | Profs for Profs","url":"https:\/\/eu-people.com\/pl\/","logo":{"@type":"ImageObject","inLanguage":"pl-PL","@id":"https:\/\/eu-people.com\/pl\/#\/schema\/logo\/image\/","url":"https:\/\/eu-people.com\/wp-content\/uploads\/2022\/01\/logo-alt.svg","contentUrl":"https:\/\/eu-people.com\/wp-content\/uploads\/2022\/01\/logo-alt.svg","width":956,"height":354,"caption":"EU-People | Profs for Profs"},"image":{"@id":"https:\/\/eu-people.com\/pl\/#\/schema\/logo\/image\/"},"sameAs":["https:\/\/www.facebook.com\/EUpeopleHQ\/","https:\/\/www.instagram.com\/eupeople_jobs\/","https:\/\/www.linkedin.com\/company\/eu-people-b.v.\/"]}]}},"_links":{"self":[{"href":"https:\/\/eu-people.com\/pl\/wp-json\/wp\/v2\/pages\/28523","targetHints":{"allow":["GET"]}}],"collection":[{"href":"https:\/\/eu-people.com\/pl\/wp-json\/wp\/v2\/pages"}],"about":[{"href":"https:\/\/eu-people.com\/pl\/wp-json\/wp\/v2\/types\/page"}],"author":[{"embeddable":true,"href":"https:\/\/eu-people.com\/pl\/wp-json\/wp\/v2\/users\/1"}],"replies":[{"embeddable":true,"href":"https:\/\/eu-people.com\/pl\/wp-json\/wp\/v2\/comments?post=28523"}],"version-history":[{"count":13,"href":"https:\/\/eu-people.com\/pl\/wp-json\/wp\/v2\/pages\/28523\/revisions"}],"predecessor-version":[{"id":28795,"href":"https:\/\/eu-people.com\/pl\/wp-json\/wp\/v2\/pages\/28523\/revisions\/28795"}],"wp:attachment":[{"href":"https:\/\/eu-people.com\/pl\/wp-json\/wp\/v2\/media?parent=28523"}],"curies":[{"name":"wp","href":"https:\/\/api.w.org\/{rel}","templated":true}]}}