{"id":3392,"date":"2022-03-22T09:58:54","date_gmt":"2022-03-22T08:58:54","guid":{"rendered":"https:\/\/eu-people.com\/?page_id=3392"},"modified":"2024-02-05T17:16:57","modified_gmt":"2024-02-05T16:16:57","slug":"privacy-policy","status":"publish","type":"page","link":"https:\/\/eu-people.com\/pl\/privacy-policy\/","title":{"rendered":"Polityka prywatno\u015bci"},"content":{"rendered":"<div data-elementor-type=\"wp-page\" data-elementor-id=\"3392\" class=\"elementor elementor-3392\" data-elementor-post-type=\"page\">\n\t\t\t\t\t\t<section class=\"elementor-section elementor-top-section elementor-element elementor-element-6ee6bfc elementor-section-boxed elementor-section-height-default elementor-section-height-default\" data-id=\"6ee6bfc\" data-element_type=\"section\">\n\t\t\t\t\t\t<div class=\"elementor-container elementor-column-gap-default\">\n\t\t\t\t\t<div class=\"elementor-column elementor-col-100 elementor-top-column elementor-element elementor-element-390dd764\" data-id=\"390dd764\" data-element_type=\"column\">\n\t\t\t<div class=\"elementor-widget-wrap elementor-element-populated\">\n\t\t\t\t\t\t<div class=\"elementor-element elementor-element-71079db8 elementor-widget elementor-widget-text-editor\" data-id=\"71079db8\" data-element_type=\"widget\" data-widget_type=\"text-editor.default\">\n\t\t\t\t<div class=\"elementor-widget-container\">\n\t\t\t\t\t\t\t\t\t<h1>Polityka prywatno\u015bci<\/h1><h4>\u00a0<\/h4><h4>\u00a0<\/h4><h4>Kim jeste\u015bmy<\/h4><p>Adres naszej strony internetowej to: https:\/\/eu-people.com. W sprawach zwi\u0105zanych z prywatno\u015bci\u0105 mo\u017cna si\u0119 z nami skontaktowa\u0107 pod adresem info@eu-people.com. W EU-People BV szanujemy naszych pracownik\u00f3w tymczasowych, klient\u00f3w i wsp\u00f3\u0142pracownik\u00f3w oraz ich prywatno\u015b\u0107. W kontek\u015bcie naszego zaanga\u017cowania w jako\u015b\u0107 i uczciwo\u015b\u0107, ochrona danych i bezpiecze\u0144stwo s\u0105 jednym z naszych najwy\u017cszych priorytet\u00f3w. Nasza profesjonalna organizacja d\u0105\u017cy do zapewnienia jak najwi\u0119kszej przejrzysto\u015bci w zakresie tego, co robimy z danymi osobowymi i dlaczego to robimy.Je\u015bli przeka\u017cesz nam dane osobowe, EU-People BV b\u0119dzie uwa\u017cana za odpowiedzialn\u0105 w rozumieniu AVG w odniesieniu do danych osobowych. EU-People BV ma siedzib\u0119 pod adresem Esp 244, 5633 AC Eindhoven i jest zarejestrowana w Izbie Handlowej pod numerem 17198890.<\/p><h4>Komentarze<\/h4><p>Gdy odwiedzaj\u0105cy zostawiaj\u0105 komentarze na stronie, zbieramy dane wy\u015bwietlane w formularzu komentarzy, a tak\u017ce adres IP odwiedzaj\u0105cego i ci\u0105g agenta u\u017cytkownika przegl\u0105darki, aby pom\u00f3c w wykrywaniu spamu.<\/p><p>Zanonimizowany ci\u0105g znak\u00f3w utworzony z adresu e-mail u\u017cytkownika (zwany r\u00f3wnie\u017c skr\u00f3tem) mo\u017ce zosta\u0107 przekazany do us\u0142ugi Gravatar w celu sprawdzenia, czy u\u017cytkownik z niej korzysta. Polityka prywatno\u015bci us\u0142ugi Gravatar jest dost\u0119pna tutaj: https:\/\/automattic.com\/privacy\/. Po zatwierdzeniu komentarza zdj\u0119cie profilowe jest widoczne publicznie w kontek\u015bcie komentarza.<\/p><h4>Pliki cookie<\/h4><p><span style=\"color: var( --e-global-color-text );\">EU-People BV u\u017cywa plik\u00f3w cookie na swojej stronie internetowej. Pliki cookie to pliki tekstowe, kt\u00f3re s\u0105 przechowywane na komputerze lub urz\u0105dzeniu mobilnym podczas odwiedzania strony internetowej. Funkcjonalne pliki cookie s\u0105 umieszczane za po\u015brednictwem strony internetowej EU-People BV. S\u0105 to pliki cookie, kt\u00f3re zapewniaj\u0105 prawid\u0142owe dzia\u0142anie strony internetowej. Te pliki cookie s\u0105 u\u017cywane na przyk\u0142ad do zapami\u0119tywania informacji wprowadzanych podczas rejestracji jako osoba poszukuj\u0105ca pracy, ubiegania si\u0119 o wakat lub rejestracji do newslettera.\u00a0<\/span><span style=\"color: var( --e-global-color-text );\">Je\u015bli zostawisz komentarz na naszej stronie, mo\u017cesz wyrazi\u0107 zgod\u0119 na zapisanie swojego imienia i nazwiska, adresu e-mail i strony internetowej w plikach cookie. S\u0105 one przeznaczone dla wygody u\u017cytkownika, dzi\u0119ki czemu nie musi on ponownie wpisywa\u0107 swoich danych, gdy zostawia kolejny komentarz. Te pliki cookie b\u0119d\u0105 przechowywane przez rok.\u00a0<\/span><span style=\"color: var( --e-global-color-text );\">Funkcjonalne pliki cookie s\u0105 r\u00f3wnie\u017c u\u017cywane do odczytywania ustawie\u0144 przegl\u0105darki, aby strona internetowa by\u0142a wy\u015bwietlana we w\u0142a\u015bciwy spos\u00f3b.Przyciski medi\u00f3w spo\u0142eczno\u015bciowych na stronie internetowej zawieraj\u0105 jedynie linki do odpowiednich stron medi\u00f3w spo\u0142eczno\u015bciowych. Za pomoc\u0105 tych przycisk\u00f3w EU-People BV nie przetwarza \u017cadnych danych osobowych. Je\u015bli klikniesz przycisk medi\u00f3w spo\u0142eczno\u015bciowych, Twoje dane osobowe b\u0119d\u0105 przetwarzane przez odpowiedni\u0105 us\u0142ug\u0119 medi\u00f3w spo\u0142eczno\u015bciowych.<\/span><\/p><h4>Osadzona zawarto\u015b\u0107 z innych stron internetowych<\/h4><p>Artyku\u0142y na tej stronie mog\u0105 zawiera\u0107 osadzone tre\u015bci (np. filmy, obrazy, artyku\u0142y itp.). Osadzone tre\u015bci z innych witryn zachowuj\u0105 si\u0119 dok\u0142adnie tak samo, jak gdyby u\u017cytkownik odwiedzi\u0142 inn\u0105 witryn\u0119.<\/p><p>Witryny te mog\u0105 gromadzi\u0107 dane o u\u017cytkowniku, wykorzystywa\u0107 pliki cookie, osadza\u0107 dodatkowe \u015bledzenie stron trzecich i monitorowa\u0107 interakcj\u0119 u\u017cytkownika z osadzon\u0105 zawarto\u015bci\u0105, w tym \u015bledzi\u0107 interakcj\u0119 u\u017cytkownika z osadzon\u0105 zawarto\u015bci\u0105, je\u015bli u\u017cytkownik ma konto i jest zalogowany w tej witrynie.<\/p><h4>Przetwarzanie danych osobowych os\u00f3b zarejestrowanych i pracownik\u00f3w<\/h4><p>Je\u015bli poprosisz EU-People BV o informacje, poprosimy Ci\u0119 o podanie imienia i nazwiska, numeru telefonu lub adresu e-mail. Informacje dotycz\u0105ce prywatno\u015bci nie b\u0119d\u0105 przekazywane telefonicznie.Je\u015bli odpowiesz na ofert\u0119 pracy, EU-People BV poprosi r\u00f3wnie\u017c o dodatkowe informacje, takie jak data urodzenia, narodowo\u015b\u0107, p\u0142e\u0107, szczeg\u00f3\u0142y prawa jazdy, CV, preferencje dotycz\u0105ce pracy i funkcjonalne predyspozycje do wykonywania okre\u015blonych rodzaj\u00f3w pracy.Aby uzyska\u0107 w pe\u0142ni adekwatny obraz kandydat\u00f3w, mo\u017cemy skorzysta\u0107 z innych \u017ar\u00f3de\u0142, takich jak Internet. Podzielimy si\u0119 z Tob\u0105 wynikami, aby zapobiec uzyskaniu b\u0142\u0119dnego lub nieistotnego wra\u017cenia na Tw\u00f3j temat.Sprawdzamy r\u00f3wnie\u017c referencje kandydat\u00f3w, ale nie wcze\u015bniej ni\u017c po uprzednim (ustnym) poinformowaniu ich o tym. Mo\u017cemy r\u00f3wnie\u017c poprosi\u0107 o dodatkowe informacje, wymagane przez pracodawc\u0119, takie jak certyfikaty lub VOG.W momencie rozpocz\u0119cia pracy w EU-People BV lub gdy ju\u017c pracujesz lub pracowa\u0142e\u015b, b\u0119dziemy r\u00f3wnie\u017c przetwarza\u0107 dane osobowe wymagane w kontek\u015bcie zarz\u0105dzania personelem i wynagrodzeniami, takie jak BSN, dane dotycz\u0105ce dokumentu to\u017csamo\u015bci, dane bankowe, wszelkie pozwolenia na prac\u0119, przepracowane godziny i inne wymagane dane.Dane te mog\u0105 by\u0107 przekazywane naszej siostrzanej sp\u00f3\u0142ce EU-People Polska Sp. z o.o., naszym partnerom biznesowym i podwykonawcom (na przyk\u0142ad podmiotom przetwarzaj\u0105cym dane), kt\u00f3rzy \u015bwiadcz\u0105 us\u0142ugi w jej imieniu, oraz we wszystkich innych przypadkach, w kt\u00f3rych EU-People BV mo\u017ce by\u0107 do tego zobowi\u0105zana. Mo\u017cemy r\u00f3wnie\u017c umie\u015bci\u0107 Twoje imi\u0119 i nazwisko na listach planowania, mi\u0119dzy innymi w celu umo\u017cliwienia zawarcia um\u00f3w dotycz\u0105cych (zr\u00f3wnowa\u017conych) wsp\u00f3lnych podr\u00f3\u017cy do i z miejsca pracy.\u00a0<span style=\"color: var( --e-global-color-text );\">Nasze systemy nie wykorzystuj\u0105 w pe\u0142ni zautomatyzowanego profilowania \/ podejmowania decyzji.<\/span><\/p><h4>Przetwarzanie danych osobowych w relacjach biznesowych<\/h4><p>Dane osobowe dotycz\u0105ce relacji biznesowych zawieraj\u0105 dane kontaktowe dostawc\u00f3w, sprzedawc\u00f3w, pracownik\u00f3w klient\u00f3w, os\u00f3b polecaj\u0105cych i wszelkich innych agencji, z kt\u00f3rymi utrzymujemy relacje biznesowe. EU-People BV przetwarza te dane osobowe w celu sk\u0142adania ofert lub dostarczania informacji o us\u0142ugach i innych dzia\u0142aniach oraz w celu utrzymania relacji biznesowych lub zawarcia i utrzymania umowy.Udost\u0119pniamy, mi\u0119dzy innymi, nast\u0119puj\u0105ce dane osobowe dotycz\u0105ce relacji biznesowych: imiona i nazwiska, dane kontaktowe i funkcje os\u00f3b kontaktowych. EU-People BV mo\u017ce przekaza\u0107 dane osobowe uzyskane z relacji biznesowych, je\u015bli jest to konieczne do osi\u0105gni\u0119cia cel\u00f3w relacji biznesowych lub na rzecz mediacji. Dane te mog\u0105 by\u0107 przekazywane naszej siostrzanej sp\u00f3\u0142ce EU-People Polska Sp. z o.o., aplikantom lub kandydatom, partnerom biznesowym i podwykonawcom (np. podmiotom przetwarzaj\u0105cym dane), kt\u00f3rzy \u015bwiadcz\u0105 us\u0142ugi w imieniu EU-People BV oraz we wszystkich innych przypadkach, w kt\u00f3rych EU-People BV mo\u017ce by\u0107 do tego zobowi\u0105zana.<\/p><h4>Cele<\/h4><p>EU-People BV mo\u017ce przetwarza\u0107 dane osobowe w celu:<\/p><p>- przestrzega\u0107 zobowi\u0105za\u0144 prawnych, w tym zobowi\u0105za\u0144 podatkowych, zobowi\u0105za\u0144 w zakresie zabezpieczenia spo\u0142ecznego i zobowi\u0105za\u0144 w zakresie reintegracji;<\/p><p>- odpowiada\u0107 na pytania i komentarze;<\/p><p>- m\u00f3c kontaktowa\u0107 si\u0119 z u\u017cytkownikiem w celach marketingowych i w celu uzyskania informacji o nas;<\/p><p>- by\u0107 w stanie oceni\u0107, czy dana osoba nadaje si\u0119 do (tymczasowej) pracy lub zlecenia;<\/p><p>- zawarcie i wykonanie stosunku pracy lub stosunku po\u015brednictwa oraz zwi\u0105zanych z tym warunk\u00f3w zatrudnienia;<\/p><p>- zarz\u0105dzanie i utrzymywanie administracji kadrowej i brokerskiej;<\/p><p>- zawarcie i wykonanie umowy z klientem;<\/p><p>- promowanie rozwoju osobistego i szans na zatrudnienie poprzez edukacj\u0119 i szkolenia;<\/p><p>- by\u0107 w stanie odwo\u0142a\u0107 si\u0119 do wszelkich roszcze\u0144 o \u015bwiadczenia;<\/p><p>- by\u0107 w stanie zorganizowa\u0107 firmow\u0105 opiek\u0119 medyczn\u0105 lub firmow\u0105 opiek\u0119 socjaln\u0105;<\/p><p>- zapewni\u0107 zakwaterowanie;<\/p><p>- przeprowadza\u0107 audyty;<\/p><p>- rozpatrywanie skarg i spor\u00f3w;<\/p><p>- zapewni\u0107 niezb\u0119dne polisy ubezpieczeniowe.<\/p><p>\u00a0<\/p><p>Przetwarzanie danych osobowych u\u017cytkownika odbywa si\u0119 na podstawie obowi\u0105zku prawnego, w ramach realizacji umowy, kt\u00f3r\u0105 zawieramy lub zawarli\u015bmy z u\u017cytkownikiem, lub na podstawie uzasadnionego interesu EU-People BV, aby m\u00f3c \u015bwiadczy\u0107 swoje us\u0142ugi w spos\u00f3b jak najbardziej efektywny i przyjazny dla klienta.<\/p><h4>Strony trzecie<\/h4><p>W wy\u017cej wymienionych celach mo\u017cemy korzysta\u0107 z us\u0142ug stron trzecich, kt\u00f3rym dane osobowe u\u017cytkownika mog\u0105 by\u0107 przekazywane w tym kontek\u015bcie. Dotyczy to na przyk\u0142ad naszych dostawc\u00f3w IT, dostawc\u00f3w us\u0142ug emerytalnych lub dostawc\u00f3w us\u0142ug telekomunikacyjnych. EU-People BV mo\u017ce r\u00f3wnie\u017c przekaza\u0107 Twoje dane osobowe swoim klientom lub naszej siostrzanej sp\u00f3\u0142ce EU-People Polska Sp. z o.o. Jest rzecz\u0105 oczywist\u0105, \u017ce Twoja prywatno\u015b\u0107 b\u0119dzie traktowana z najwy\u017csz\u0105 staranno\u015bci\u0105.Je\u015bli EU-People BV jest do tego zobowi\u0105zana na podstawie prawa lub przepis\u00f3w, Twoje dane osobowe mog\u0105 zosta\u0107 przekazane w\u0142a\u015bciwym w\u0142adzom i organom rz\u0105dowym w Holandii i za granic\u0105. Twoje dane osobowe nie b\u0119d\u0105 sprzedawane ani wynajmowane w celach komercyjnych.<\/p><h4>Jak d\u0142ugo przechowujemy dane u\u017cytkownika<\/h4><p>Stosowane przez nas okresy przechowywania s\u0105 zgodne z prawnymi okresami przechowywania, takimi jak fiskalny obowi\u0105zek przechowywania, lub d\u0142u\u017csze, je\u015bli jest to konieczne do rozstrzygania spor\u00f3w.\u00a0<span style=\"color: var( --e-global-color-text );\">Je\u015bli zostawisz komentarz, komentarz i jego metadane zostan\u0105 zachowane na czas nieokre\u015blony. Dzi\u0119ki temu mo\u017cemy automatycznie rozpoznawa\u0107 i zatwierdza\u0107 kolejne komentarze, zamiast trzyma\u0107 je w kolejce moderacji.<\/span><\/p><p>W przypadku u\u017cytkownik\u00f3w, kt\u00f3rzy zarejestruj\u0105 si\u0119 na naszej stronie internetowej (je\u015bli istniej\u0105), przechowujemy r\u00f3wnie\u017c dane osobowe, kt\u00f3re podaj\u0105 w swoim profilu u\u017cytkownika. Wszyscy u\u017cytkownicy mog\u0105 przegl\u0105da\u0107, edytowa\u0107 lub usuwa\u0107 swoje dane osobowe w dowolnym momencie (z wyj\u0105tkiem tego, \u017ce nie mog\u0105 zmieni\u0107 swojej nazwy u\u017cytkownika). Administratorzy witryny mog\u0105 r\u00f3wnie\u017c przegl\u0105da\u0107 i edytowa\u0107 te informacje.<\/p><h4>Bezpiecze\u0144stwo<\/h4><p>EU-People BV przywi\u0105zuje najwy\u017csz\u0105 wag\u0119 do bezpiecze\u0144stwa Twoich danych osobowych, aby zapobiec nieautoryzowanemu dost\u0119powi do nich. Stosujemy rygorystyczn\u0105 polityk\u0119 bezpiecze\u0144stwa, kt\u00f3ra jest okresowo oceniana i dostosowywana w razie potrzeby. Przekazujemy dane osobowe tylko wtedy, gdy jeste\u015bmy przekonani, \u017ce odbiorca jest do tego uprawniony. Telefonicznie przekazujemy dane osobowe (na przyk\u0142ad do UWV) tylko w bardzo wyj\u0105tkowych przypadkach, po bardzo dok\u0142adnej weryfikacji odbiorcy. Przekazuj\u0105c dane osobowe, dbamy o najwy\u017csze mo\u017cliwe bezpiecze\u0144stwo.<\/p><h4>Jakie prawa przys\u0142uguj\u0105 u\u017cytkownikowi w odniesieniu do jego danych<\/h4><p>U\u017cytkownik ma prawo zwr\u00f3ci\u0107 si\u0119 do EU-People BV z pisemnym wnioskiem o:<\/p><p>- dost\u0119p do danych osobowych u\u017cytkownika;<\/p><p>- kopi\u0119 danych osobowych, kt\u00f3re przetwarzamy od u\u017cytkownika.<\/p><p>- Przygotowanie danych osobowych w naszym portalu do przenoszenia danych.<\/p><p>Tw\u00f3j wniosek zostanie rozpatrzony przez EU-People BV w ci\u0105gu czterech tygodni.<\/p><p>Je\u015bli oka\u017ce si\u0119, \u017ce dane osobowe przetwarzane przez EU-People BV zawieraj\u0105 nie\u015bcis\u0142o\u015bci, mo\u017cesz poprosi\u0107 EU-People BV o poprawienie lub uzupe\u0142nienie tych danych.Masz prawo za\u017c\u0105da\u0107 od EU-People BV ochrony Twoich danych osobowych. Masz prawo za\u017c\u0105da\u0107 od EU-People BV usuni\u0119cia Twoich danych. W miar\u0119 mo\u017cliwo\u015bci technicznych usuniemy dane (z wyj\u0105tkiem danych, do kt\u00f3rych przechowywania jeste\u015bmy prawnie zobowi\u0105zani) z naszych system\u00f3w. U\u017cytkownik mo\u017ce w dowolnym momencie sprzeciwi\u0107 si\u0119 przetwarzaniu jego danych osobowych w celach marketingowych.\u017b\u0105dania oparte na prawie do wgl\u0105du, sprostowania, usuni\u0119cia lub sprzeciwu mo\u017cna kierowa\u0107 na pi\u015bmie (z podaniem imienia i nazwiska + daty urodzenia + podpisu) na adres:<\/p><p>EU-People BV, Esp 244, 5633 AC Eindhoven<\/p><p>Je\u015bli masz skargi dotycz\u0105ce przetwarzania Twoich danych osobowych przez EU-People BV, mo\u017cesz to zg\u0142osi\u0107 do nas (+31 (0) 88-2014100 - administration@eu-people.com ) lub mo\u017cesz z\u0142o\u017cy\u0107 skarg\u0119 do Urz\u0119du Danych Osobowych. Strona internetowa: https:\/\/autoriteitpersoonsgegevens.nl\/.<\/p><h4>Gdzie wysy\u0142amy dane u\u017cytkownika<\/h4><p>Komentarze odwiedzaj\u0105cych mog\u0105 by\u0107 sprawdzane przez automatyczn\u0105 us\u0142ug\u0119 wykrywania spamu. Twoje dane s\u0105 wysy\u0142ane do CRM EU-People poprzez API. Twoje pliki i dane nie s\u0105 zapisywane na serwerze tej strony.<\/p>\t\t\t\t\t\t\t\t<\/div>\n\t\t\t\t<\/div>\n\t\t\t\t\t<\/div>\n\t\t<\/div>\n\t\t\t\t\t<\/div>\n\t\t<\/section>\n\t\t\t\t<\/div>","protected":false},"excerpt":{"rendered":"<p>Polityka prywatno\u015bci Kim jeste\u015bmy Adres naszej strony internetowej: https:\/\/eu-people.com. Mo\u017cesz skontaktowa\u0107 si\u0119 z nami pod adresem info@eu-people.com w sprawach dotycz\u0105cych prywatno\u015bci. W EU-People BV szanujemy naszych pracownik\u00f3w tymczasowych, klient\u00f3w i wsp\u00f3\u0142pracownik\u00f3w oraz ich prywatno\u015b\u0107. W kontek\u015bcie naszego zaanga\u017cowania w jako\u015b\u0107 i uczciwo\u015b\u0107, ochrona danych i bezpiecze\u0144stwo s\u0105 jednym z naszych najwy\u017cszych priorytet\u00f3w. Nasza profesjonalna organizacja d\u0105\u017cy do... <a class=\"more-link\" href=\"https:\/\/eu-people.com\/pl\/privacy-policy\/\">Czytaj dalej <span class=\"screen-reader-text\">Polityka prywatno\u015bci<\/span><\/a><\/p>","protected":false},"author":1,"featured_media":0,"parent":0,"menu_order":0,"comment_status":"closed","ping_status":"closed","template":"","meta":{"footnotes":""},"class_list":["post-3392","page","type-page","status-publish","hentry","entry"],"yoast_head":"<!-- This site is optimized with the Yoast SEO Premium plugin v25.3.1 (Yoast SEO v25.3.1) - https:\/\/yoast.com\/wordpress\/plugins\/seo\/ -->\n<title>Privacy Policy - EU-People | Profs for Profs<\/title>\n<meta name=\"description\" content=\"Your privacy is very important to us, our Privacy Policy reflects this. All private data of our personnel is protected.\" \/>\n<meta name=\"robots\" content=\"index, follow, max-snippet:-1, max-image-preview:large, max-video-preview:-1\" \/>\n<link rel=\"canonical\" href=\"https:\/\/eu-people.com\/pl\/privacy-policy\/\" \/>\n<meta property=\"og:locale\" content=\"pl_PL\" \/>\n<meta property=\"og:type\" content=\"article\" \/>\n<meta property=\"og:title\" content=\"Privacy Policy\" \/>\n<meta property=\"og:description\" content=\"Your privacy is very important to us, our Privacy Policy reflects this. All private data of our personnel is protected.\" \/>\n<meta property=\"og:url\" content=\"https:\/\/eu-people.com\/pl\/privacy-policy\/\" \/>\n<meta property=\"og:site_name\" content=\"EU-People | Profs for Profs\" \/>\n<meta property=\"article:publisher\" content=\"https:\/\/www.facebook.com\/EUpeopleHQ\/\" \/>\n<meta property=\"article:modified_time\" content=\"2024-02-05T16:16:57+00:00\" \/>\n<meta name=\"twitter:card\" content=\"summary_large_image\" \/>\n<meta name=\"twitter:label1\" content=\"Szacowany czas czytania\" \/>\n\t<meta name=\"twitter:data1\" content=\"8 minut\" \/>\n<script type=\"application\/ld+json\" class=\"yoast-schema-graph\">{\"@context\":\"https:\/\/schema.org\",\"@graph\":[{\"@type\":\"WebPage\",\"@id\":\"https:\/\/eu-people.com\/privacy-policy\/\",\"url\":\"https:\/\/eu-people.com\/privacy-policy\/\",\"name\":\"Privacy Policy - EU-People | Profs for Profs\",\"isPartOf\":{\"@id\":\"https:\/\/eu-people.com\/pl\/#website\"},\"datePublished\":\"2022-03-22T08:58:54+00:00\",\"dateModified\":\"2024-02-05T16:16:57+00:00\",\"description\":\"Your privacy is very important to us, our Privacy Policy reflects this. All private data of our personnel is protected.\",\"breadcrumb\":{\"@id\":\"https:\/\/eu-people.com\/privacy-policy\/#breadcrumb\"},\"inLanguage\":\"pl-PL\",\"potentialAction\":[{\"@type\":\"ReadAction\",\"target\":[\"https:\/\/eu-people.com\/privacy-policy\/\"]}]},{\"@type\":\"BreadcrumbList\",\"@id\":\"https:\/\/eu-people.com\/privacy-policy\/#breadcrumb\",\"itemListElement\":[{\"@type\":\"ListItem\",\"position\":1,\"name\":\"Home\",\"item\":\"https:\/\/eu-people.com\/\"},{\"@type\":\"ListItem\",\"position\":2,\"name\":\"Privacy Policy\"}]},{\"@type\":\"WebSite\",\"@id\":\"https:\/\/eu-people.com\/pl\/#website\",\"url\":\"https:\/\/eu-people.com\/pl\/\",\"name\":\"EU-People | Profs for Profs\",\"description\":\"\",\"publisher\":{\"@id\":\"https:\/\/eu-people.com\/pl\/#organization\"},\"potentialAction\":[{\"@type\":\"SearchAction\",\"target\":{\"@type\":\"EntryPoint\",\"urlTemplate\":\"https:\/\/eu-people.com\/pl\/?s={search_term_string}\"},\"query-input\":{\"@type\":\"PropertyValueSpecification\",\"valueRequired\":true,\"valueName\":\"search_term_string\"}}],\"inLanguage\":\"pl-PL\"},{\"@type\":\"Organization\",\"@id\":\"https:\/\/eu-people.com\/pl\/#organization\",\"name\":\"EU-People | Profs for Profs\",\"url\":\"https:\/\/eu-people.com\/pl\/\",\"logo\":{\"@type\":\"ImageObject\",\"inLanguage\":\"pl-PL\",\"@id\":\"https:\/\/eu-people.com\/pl\/#\/schema\/logo\/image\/\",\"url\":\"https:\/\/eu-people.com\/wp-content\/uploads\/2022\/01\/logo-alt.svg\",\"contentUrl\":\"https:\/\/eu-people.com\/wp-content\/uploads\/2022\/01\/logo-alt.svg\",\"width\":956,\"height\":354,\"caption\":\"EU-People | Profs for Profs\"},\"image\":{\"@id\":\"https:\/\/eu-people.com\/pl\/#\/schema\/logo\/image\/\"},\"sameAs\":[\"https:\/\/www.facebook.com\/EUpeopleHQ\/\",\"https:\/\/www.instagram.com\/eupeople_jobs\/\",\"https:\/\/www.linkedin.com\/company\/eu-people-b.v.\/\"]}]}<\/script>\n<!-- \/ Yoast SEO Premium plugin. -->","yoast_head_json":{"title":"Privacy Policy - EU-People | Profs for Profs","description":"Your privacy is very important to us, our Privacy Policy reflects this. All private data of our personnel is protected.","robots":{"index":"index","follow":"follow","max-snippet":"max-snippet:-1","max-image-preview":"max-image-preview:large","max-video-preview":"max-video-preview:-1"},"canonical":"https:\/\/eu-people.com\/pl\/privacy-policy\/","og_locale":"pl_PL","og_type":"article","og_title":"Privacy Policy","og_description":"Your privacy is very important to us, our Privacy Policy reflects this. All private data of our personnel is protected.","og_url":"https:\/\/eu-people.com\/pl\/privacy-policy\/","og_site_name":"EU-People | Profs for Profs","article_publisher":"https:\/\/www.facebook.com\/EUpeopleHQ\/","article_modified_time":"2024-02-05T16:16:57+00:00","twitter_card":"summary_large_image","twitter_misc":{"Szacowany czas czytania":"8 minut"},"schema":{"@context":"https:\/\/schema.org","@graph":[{"@type":"WebPage","@id":"https:\/\/eu-people.com\/privacy-policy\/","url":"https:\/\/eu-people.com\/privacy-policy\/","name":"Privacy Policy - EU-People | Profs for Profs","isPartOf":{"@id":"https:\/\/eu-people.com\/pl\/#website"},"datePublished":"2022-03-22T08:58:54+00:00","dateModified":"2024-02-05T16:16:57+00:00","description":"Your privacy is very important to us, our Privacy Policy reflects this. All private data of our personnel is protected.","breadcrumb":{"@id":"https:\/\/eu-people.com\/privacy-policy\/#breadcrumb"},"inLanguage":"pl-PL","potentialAction":[{"@type":"ReadAction","target":["https:\/\/eu-people.com\/privacy-policy\/"]}]},{"@type":"BreadcrumbList","@id":"https:\/\/eu-people.com\/privacy-policy\/#breadcrumb","itemListElement":[{"@type":"ListItem","position":1,"name":"Home","item":"https:\/\/eu-people.com\/"},{"@type":"ListItem","position":2,"name":"Privacy Policy"}]},{"@type":"WebSite","@id":"https:\/\/eu-people.com\/pl\/#website","url":"https:\/\/eu-people.com\/pl\/","name":"EU-People | Profs for Profs","description":"","publisher":{"@id":"https:\/\/eu-people.com\/pl\/#organization"},"potentialAction":[{"@type":"SearchAction","target":{"@type":"EntryPoint","urlTemplate":"https:\/\/eu-people.com\/pl\/?s={search_term_string}"},"query-input":{"@type":"PropertyValueSpecification","valueRequired":true,"valueName":"search_term_string"}}],"inLanguage":"pl-PL"},{"@type":"Organization","@id":"https:\/\/eu-people.com\/pl\/#organization","name":"EU-People | Profs for Profs","url":"https:\/\/eu-people.com\/pl\/","logo":{"@type":"ImageObject","inLanguage":"pl-PL","@id":"https:\/\/eu-people.com\/pl\/#\/schema\/logo\/image\/","url":"https:\/\/eu-people.com\/wp-content\/uploads\/2022\/01\/logo-alt.svg","contentUrl":"https:\/\/eu-people.com\/wp-content\/uploads\/2022\/01\/logo-alt.svg","width":956,"height":354,"caption":"EU-People | Profs for Profs"},"image":{"@id":"https:\/\/eu-people.com\/pl\/#\/schema\/logo\/image\/"},"sameAs":["https:\/\/www.facebook.com\/EUpeopleHQ\/","https:\/\/www.instagram.com\/eupeople_jobs\/","https:\/\/www.linkedin.com\/company\/eu-people-b.v.\/"]}]}},"_links":{"self":[{"href":"https:\/\/eu-people.com\/pl\/wp-json\/wp\/v2\/pages\/3392","targetHints":{"allow":["GET"]}}],"collection":[{"href":"https:\/\/eu-people.com\/pl\/wp-json\/wp\/v2\/pages"}],"about":[{"href":"https:\/\/eu-people.com\/pl\/wp-json\/wp\/v2\/types\/page"}],"author":[{"embeddable":true,"href":"https:\/\/eu-people.com\/pl\/wp-json\/wp\/v2\/users\/1"}],"replies":[{"embeddable":true,"href":"https:\/\/eu-people.com\/pl\/wp-json\/wp\/v2\/comments?post=3392"}],"version-history":[{"count":22,"href":"https:\/\/eu-people.com\/pl\/wp-json\/wp\/v2\/pages\/3392\/revisions"}],"predecessor-version":[{"id":26820,"href":"https:\/\/eu-people.com\/pl\/wp-json\/wp\/v2\/pages\/3392\/revisions\/26820"}],"wp:attachment":[{"href":"https:\/\/eu-people.com\/pl\/wp-json\/wp\/v2\/media?parent=3392"}],"curies":[{"name":"wp","href":"https:\/\/api.w.org\/{rel}","templated":true}]}}