{"id":26020,"date":"2023-08-17T15:06:30","date_gmt":"2023-08-17T14:06:30","guid":{"rendered":"https:\/\/eu-people.com\/?page_id=26020"},"modified":"2025-10-28T16:07:36","modified_gmt":"2025-10-28T15:07:36","slug":"join-our-team","status":"publish","type":"page","link":"https:\/\/eu-people.com\/pt\/join-our-team\/","title":{"rendered":"Junte-se \u00e0 nossa equipa"},"content":{"rendered":"<div data-elementor-type=\"wp-page\" data-elementor-id=\"26020\" class=\"elementor elementor-26020\" data-elementor-post-type=\"page\">\n\t\t\t\t<div class=\"elementor-element elementor-element-33ff053 e-flex e-con-boxed e-con e-parent\" data-id=\"33ff053\" data-element_type=\"container\">\n\t\t\t\t\t<div class=\"e-con-inner\">\n\t\t\t\t<div class=\"elementor-element elementor-element-b59c7f0 elementor-nav-menu--dropdown-tablet elementor-nav-menu__text-align-aside elementor-nav-menu--toggle elementor-nav-menu--burger elementor-widget elementor-widget-nav-menu\" data-id=\"b59c7f0\" data-element_type=\"widget\" data-settings=\"{&quot;submenu_icon&quot;:{&quot;value&quot;:&quot;&lt;i class=\\&quot;fas fa-angle-down\\&quot;&gt;&lt;\\\/i&gt;&quot;,&quot;library&quot;:&quot;fa-solid&quot;},&quot;layout&quot;:&quot;horizontal&quot;,&quot;toggle&quot;:&quot;burger&quot;}\" data-widget_type=\"nav-menu.default\">\n\t\t\t\t<div class=\"elementor-widget-container\">\n\t\t\t\t\t\t\t\t<nav aria-label=\"Menu\" class=\"elementor-nav-menu--main elementor-nav-menu__container elementor-nav-menu--layout-horizontal e--pointer-underline e--animation-fade\">\n\t\t\t\t<ul id=\"menu-1-b59c7f0\" class=\"elementor-nav-menu\"><li class=\"menu-item menu-item-type-custom menu-item-object-custom menu-item-has-children menu-item-26941\"><a href=\"\/pt\/over-ons\/\" class=\"elementor-item\">Mais de pessoas da UE<\/a>\n<ul class=\"sub-menu elementor-nav-menu--dropdown\">\n\t<li class=\"menu-item menu-item-type-post_type menu-item-object-page menu-item-27115\"><a href=\"https:\/\/eu-people.com\/pt\/continuiteit-in-flexwerk\/\" class=\"elementor-sub-item\">Continuidade no Flexwerk<\/a><\/li>\n\t<li class=\"menu-item menu-item-type-post_type menu-item-object-page menu-item-27131\"><a href=\"https:\/\/eu-people.com\/pt\/onze-kantoren-europa\/\" class=\"elementor-sub-item\">Os nossos clientes<\/a><\/li>\n\t<li class=\"menu-item menu-item-type-post_type menu-item-object-page menu-item-27111\"><a href=\"https:\/\/eu-people.com\/pt\/huisvesting\/\" class=\"elementor-sub-item\">Colheita<\/a><\/li>\n\t<li class=\"menu-item menu-item-type-post_type menu-item-object-page menu-item-27110\"><a href=\"https:\/\/eu-people.com\/pt\/vervoer\/\" class=\"elementor-sub-item\">Vervoer<\/a><\/li>\n<\/ul>\n<\/li>\n<li class=\"menu-item menu-item-type-custom menu-item-object-custom menu-item-has-children menu-item-26943\"><a href=\"#\" class=\"elementor-item elementor-item-anchor\">As nossas garantias<\/a>\n<ul class=\"sub-menu elementor-nav-menu--dropdown\">\n\t<li class=\"menu-item menu-item-type-post_type menu-item-object-page menu-item-27119\"><a href=\"https:\/\/eu-people.com\/pt\/g-rekening-veilig-betalen\/\" class=\"elementor-sub-item\">G-rekening<\/a><\/li>\n\t<li class=\"menu-item menu-item-type-post_type menu-item-object-page menu-item-27127\"><a href=\"https:\/\/eu-people.com\/pt\/keurmerken\/\" class=\"elementor-sub-item\">Keurmerken<\/a><\/li>\n\t<li class=\"menu-item menu-item-type-post_type menu-item-object-page menu-item-27123\"><a href=\"https:\/\/eu-people.com\/pt\/algemene-leveringsvoorwaarden\/\" class=\"elementor-sub-item\">Algemene Leveringsvoorwaarden<\/a><\/li>\n\t<li class=\"menu-item menu-item-type-post_type menu-item-object-page menu-item-27478\"><a href=\"https:\/\/eu-people.com\/pt\/eerlijk-uitzenden-conform-de-nederlandse-wet\/\" class=\"elementor-sub-item\">O luxo \u00e9 um lugar \u00e0 parte<\/a><\/li>\n\t<li class=\"menu-item menu-item-type-post_type menu-item-object-page menu-item-27182\"><a href=\"https:\/\/eu-people.com\/pt\/kritische-performance-indicatoren\/\" class=\"elementor-sub-item\">KPI's<\/a><\/li>\n<\/ul>\n<\/li>\n<li class=\"menu-item menu-item-type-post_type menu-item-object-page menu-item-26996\"><a href=\"https:\/\/eu-people.com\/pt\/join-our-team\/\" class=\"elementor-item\">Trabalhos de EU-People<\/a><\/li>\n<\/ul>\t\t\t<\/nav>\n\t\t\t\t\t<div class=\"elementor-menu-toggle\" role=\"button\" tabindex=\"0\" aria-label=\"Alternar entre menus\" aria-expanded=\"false\">\n\t\t\t<i aria-hidden=\"true\" role=\"presentation\" class=\"elementor-menu-toggle__icon--open eicon-menu-bar\"><\/i><i aria-hidden=\"true\" role=\"presentation\" class=\"elementor-menu-toggle__icon--close eicon-close\"><\/i>\t\t<\/div>\n\t\t\t\t\t<nav class=\"elementor-nav-menu--dropdown elementor-nav-menu__container\" aria-hidden=\"true\">\n\t\t\t\t<ul id=\"menu-2-b59c7f0\" class=\"elementor-nav-menu\"><li class=\"menu-item menu-item-type-custom menu-item-object-custom menu-item-has-children menu-item-26941\"><a href=\"\/pt\/over-ons\/\" class=\"elementor-item\" tabindex=\"-1\">Mais de pessoas da UE<\/a>\n<ul class=\"sub-menu elementor-nav-menu--dropdown\">\n\t<li class=\"menu-item menu-item-type-post_type menu-item-object-page menu-item-27115\"><a href=\"https:\/\/eu-people.com\/pt\/continuiteit-in-flexwerk\/\" class=\"elementor-sub-item\" tabindex=\"-1\">Continuidade no Flexwerk<\/a><\/li>\n\t<li class=\"menu-item menu-item-type-post_type menu-item-object-page menu-item-27131\"><a href=\"https:\/\/eu-people.com\/pt\/onze-kantoren-europa\/\" class=\"elementor-sub-item\" tabindex=\"-1\">Os nossos clientes<\/a><\/li>\n\t<li class=\"menu-item menu-item-type-post_type menu-item-object-page menu-item-27111\"><a href=\"https:\/\/eu-people.com\/pt\/huisvesting\/\" class=\"elementor-sub-item\" tabindex=\"-1\">Colheita<\/a><\/li>\n\t<li class=\"menu-item menu-item-type-post_type menu-item-object-page menu-item-27110\"><a href=\"https:\/\/eu-people.com\/pt\/vervoer\/\" class=\"elementor-sub-item\" tabindex=\"-1\">Vervoer<\/a><\/li>\n<\/ul>\n<\/li>\n<li class=\"menu-item menu-item-type-custom menu-item-object-custom menu-item-has-children menu-item-26943\"><a href=\"#\" class=\"elementor-item elementor-item-anchor\" tabindex=\"-1\">As nossas garantias<\/a>\n<ul class=\"sub-menu elementor-nav-menu--dropdown\">\n\t<li class=\"menu-item menu-item-type-post_type menu-item-object-page menu-item-27119\"><a href=\"https:\/\/eu-people.com\/pt\/g-rekening-veilig-betalen\/\" class=\"elementor-sub-item\" tabindex=\"-1\">G-rekening<\/a><\/li>\n\t<li class=\"menu-item menu-item-type-post_type menu-item-object-page menu-item-27127\"><a href=\"https:\/\/eu-people.com\/pt\/keurmerken\/\" class=\"elementor-sub-item\" tabindex=\"-1\">Keurmerken<\/a><\/li>\n\t<li class=\"menu-item menu-item-type-post_type menu-item-object-page menu-item-27123\"><a href=\"https:\/\/eu-people.com\/pt\/algemene-leveringsvoorwaarden\/\" class=\"elementor-sub-item\" tabindex=\"-1\">Algemene Leveringsvoorwaarden<\/a><\/li>\n\t<li class=\"menu-item menu-item-type-post_type menu-item-object-page menu-item-27478\"><a href=\"https:\/\/eu-people.com\/pt\/eerlijk-uitzenden-conform-de-nederlandse-wet\/\" class=\"elementor-sub-item\" tabindex=\"-1\">O luxo \u00e9 um lugar \u00e0 parte<\/a><\/li>\n\t<li class=\"menu-item menu-item-type-post_type menu-item-object-page menu-item-27182\"><a href=\"https:\/\/eu-people.com\/pt\/kritische-performance-indicatoren\/\" class=\"elementor-sub-item\" tabindex=\"-1\">KPI's<\/a><\/li>\n<\/ul>\n<\/li>\n<li class=\"menu-item menu-item-type-post_type menu-item-object-page menu-item-26996\"><a href=\"https:\/\/eu-people.com\/pt\/join-our-team\/\" class=\"elementor-item\" tabindex=\"-1\">Trabalhos de EU-People<\/a><\/li>\n<\/ul>\t\t\t<\/nav>\n\t\t\t\t\t\t<\/div>\n\t\t\t\t<\/div>\n\t\t\t\t\t<\/div>\n\t\t\t\t<\/div>\n\t\t\t\t<section class=\"elementor-section elementor-top-section elementor-element elementor-element-3743045a elementor-section-boxed elementor-section-height-default elementor-section-height-default\" data-id=\"3743045a\" data-element_type=\"section\" data-settings=\"{&quot;background_background&quot;:&quot;classic&quot;}\">\n\t\t\t\t\t\t\t<div class=\"elementor-background-overlay\"><\/div>\n\t\t\t\t\t\t\t<div class=\"elementor-container elementor-column-gap-default\">\n\t\t\t\t\t<div class=\"elementor-column elementor-col-100 elementor-top-column elementor-element elementor-element-1a7f4ee5\" data-id=\"1a7f4ee5\" data-element_type=\"column\">\n\t\t\t<div class=\"elementor-widget-wrap elementor-element-populated\">\n\t\t\t\t\t\t<div class=\"elementor-element elementor-element-1e525098 elementor-widget elementor-widget-heading\" data-id=\"1e525098\" data-element_type=\"widget\" data-widget_type=\"heading.default\">\n\t\t\t\t<div class=\"elementor-widget-container\">\n\t\t\t\t\t<h1 class=\"elementor-heading-title elementor-size-default\">Junte-se \u00e0 nossa equipa<\/h1>\t\t\t\t<\/div>\n\t\t\t\t<\/div>\n\t\t\t\t<div class=\"elementor-element elementor-element-77f12295 elementor-widget elementor-widget-text-editor\" data-id=\"77f12295\" data-element_type=\"widget\" data-widget_type=\"text-editor.default\">\n\t\t\t\t<div class=\"elementor-widget-container\">\n\t\t\t\t\t\t\t\t\t<p>Quer fazer parte da equipa EU-People? Veja as nossas ofertas de emprego internas abaixo!\u00a0<\/p><p>Trabalhar com a EU-People significa trabalhar num ambiente muito colegial. Ter\u00e1 muito espa\u00e7o para partilhar e p\u00f4r em pr\u00e1tica as suas ideias e expressar a sua personalidade e necessidades. Mas, acima de tudo, estar\u00e1 a ajudar a criar a melhor experi\u00eancia de trabalho poss\u00edvel para os nossos funcion\u00e1rios e clientes.<\/p><p>Oferecemos \u00f3ptimos sal\u00e1rios e benef\u00edcios adicionais, tais como subs\u00eddio de viagem, forma\u00e7\u00e3o e educa\u00e7\u00e3o, computador port\u00e1til da empresa, telefone da empresa e carro da empresa (dependendo do trabalho). Receber\u00e1 um subs\u00eddio de f\u00e9rias de mais de 8.33% e, se trabalhar a tempo inteiro connosco, ter\u00e1 25 dias de f\u00e9rias pagas por ano.<\/p><p>Tudo de acordo e acima do <a href=\"https:\/\/www.nbbu.nl\/nl\/themas\/nbbu-cao\">NBBU-CAO<\/a>.<\/p><p>S\u00e3o poss\u00edveis contratos a tempo parcial para v\u00e1rios dos nossos postos de trabalho. Junte-se aos nossos Profs para Profs!<\/p><p>Interessado? Envie o seu CV clicando numa das vagas abaixo e preenchendo o formul\u00e1rio de candidatura, ou envie-o diretamente para <a href=\"mailto:administration@eu-people.com\">administration@eu-people.com<\/a>.<\/p><p>Depois de recebermos o seu CV, entraremos em contacto consigo para discutir o andamento da sua candidatura.<\/p>\t\t\t\t\t\t\t\t<\/div>\n\t\t\t\t<\/div>\n\t\t\t\t\t<\/div>\n\t\t<\/div>\n\t\t\t\t\t<\/div>\n\t\t<\/section>\n\t\t\t\t<section class=\"elementor-section elementor-top-section elementor-element elementor-element-6a372f02 elementor-section-boxed elementor-section-height-default elementor-section-height-default\" data-id=\"6a372f02\" data-element_type=\"section\" data-settings=\"{&quot;background_background&quot;:&quot;classic&quot;,&quot;shape_divider_top&quot;:&quot;mountains&quot;}\">\n\t\t\t\t\t<div class=\"elementor-shape elementor-shape-top\" aria-hidden=\"true\" data-negative=\"false\">\n\t\t\t<svg xmlns=\"http:\/\/www.w3.org\/2000\/svg\" viewbox=\"0 0 1000 100\" preserveaspectratio=\"none\">\n\t<path class=\"elementor-shape-fill\" opacity=\"0.33\" d=\"M473,67.3c-203.9,88.3-263.1-34-320.3,0C66,119.1,0,59.7,0,59.7V0h1000v59.7 c0,0-62.1,26.1-94.9,29.3c-32.8,3.3-62.8-12.3-75.8-22.1C806,49.6,745.3,8.7,694.9,4.7S492.4,59,473,67.3z\"\/>\n\t<path class=\"elementor-shape-fill\" opacity=\"0.66\" d=\"M734,67.3c-45.5,0-77.2-23.2-129.1-39.1c-28.6-8.7-150.3-10.1-254,39.1 s-91.7-34.4-149.2,0C115.7,118.3,0,39.8,0,39.8V0h1000v36.5c0,0-28.2-18.5-92.1-18.5C810.2,18.1,775.7,67.3,734,67.3z\"\/>\n\t<path class=\"elementor-shape-fill\" d=\"M766.1,28.9c-200-57.5-266,65.5-395.1,19.5C242,1.8,242,5.4,184.8,20.6C128,35.8,132.3,44.9,89.9,52.5C28.6,63.7,0,0,0,0 h1000c0,0-9.9,40.9-83.6,48.1S829.6,47,766.1,28.9z\"\/>\n<\/svg>\t\t<\/div>\n\t\t\t\t\t<div class=\"elementor-container elementor-column-gap-default\">\n\t\t\t\t\t<div class=\"elementor-column elementor-col-100 elementor-top-column elementor-element elementor-element-5abd0174\" data-id=\"5abd0174\" data-element_type=\"column\">\n\t\t\t<div class=\"elementor-widget-wrap elementor-element-populated\">\n\t\t\t\t\t\t<div class=\"elementor-element elementor-element-62f9c0af elementor-grid-2 elementor-grid-tablet-2 elementor-grid-mobile-1 elementor-posts--thumbnail-top elementor-posts__hover-gradient elementor-widget elementor-widget-posts\" data-id=\"62f9c0af\" data-element_type=\"widget\" data-settings=\"{&quot;cards_masonry&quot;:&quot;yes&quot;,&quot;pagination_type&quot;:&quot;numbers_and_prev_next&quot;,&quot;cards_columns&quot;:&quot;2&quot;,&quot;cards_columns_tablet&quot;:&quot;2&quot;,&quot;cards_columns_mobile&quot;:&quot;1&quot;,&quot;cards_row_gap&quot;:{&quot;unit&quot;:&quot;px&quot;,&quot;size&quot;:35,&quot;sizes&quot;:[]},&quot;cards_row_gap_tablet&quot;:{&quot;unit&quot;:&quot;px&quot;,&quot;size&quot;:&quot;&quot;,&quot;sizes&quot;:[]},&quot;cards_row_gap_mobile&quot;:{&quot;unit&quot;:&quot;px&quot;,&quot;size&quot;:&quot;&quot;,&quot;sizes&quot;:[]}}\" data-widget_type=\"posts.cards\">\n\t\t\t\t<div class=\"elementor-widget-container\">\n\t\t\t\t\t\t\t<div class=\"elementor-posts-container elementor-posts elementor-posts--skin-cards elementor-grid\">\n\t\t\t\t<article class=\"elementor-post elementor-grid-item post-27742 page type-page status-publish has-post-thumbnail hentry entry\">\n\t\t\t<div class=\"elementor-post__card\">\n\t\t\t\t<a class=\"elementor-post__thumbnail__link\" href=\"https:\/\/eu-people.com\/pt\/hiring-business-development-manager\/\" tabindex=\"-1\" ><div class=\"elementor-post__thumbnail\"><img fetchpriority=\"high\" decoding=\"async\" width=\"750\" height=\"422\" src=\"https:\/\/eu-people.com\/wp-content\/uploads\/2024\/07\/Internal-job-offers.png\" class=\"attachment-large size-large wp-image-27745\" alt=\"Work at EU-People\" srcset=\"https:\/\/eu-people.com\/wp-content\/uploads\/2024\/07\/Internal-job-offers.png 750w, https:\/\/eu-people.com\/wp-content\/uploads\/2024\/07\/Internal-job-offers-300x169.png 300w\" sizes=\"(max-width: 750px) 100vw, 750px\" style=\"width:100%;height:56.27%;max-width:750px;\" \/><\/div><\/a>\n\t\t\t\t<div class=\"elementor-post__text\">\n\t\t\t\t<h3 class=\"elementor-post__title\">\n\t\t\t<a href=\"https:\/\/eu-people.com\/pt\/hiring-business-development-manager\/\" >\n\t\t\t\tContrata\u00e7\u00e3o: Diretor de Desenvolvimento Comercial, NL\t\t\t<\/a>\n\t\t<\/h3>\n\t\t\n\t\t<a class=\"elementor-post__read-more\" href=\"https:\/\/eu-people.com\/pt\/hiring-business-development-manager\/\" aria-label=\"Ler mais sobre Contrata\u00e7\u00e3o: Diretor de Desenvolvimento Comercial, NL\" tabindex=\"-1\" >\n\t\t\tDETALHES \"\t\t<\/a>\n\n\t\t\t\t<\/div>\n\t\t\t\t\t<\/div>\n\t\t<\/article>\n\t\t\t\t<\/div>\n\t\t\n\t\t\t\t\t\t<\/div>\n\t\t\t\t<\/div>\n\t\t\t\t\t<\/div>\n\t\t<\/div>\n\t\t\t\t\t<\/div>\n\t\t<\/section>\n\t\t\t\t<\/div>","protected":false},"excerpt":{"rendered":"<p>Junte-se \u00e0 nossa equipa Quer fazer parte da equipa EU-People? Veja as nossas ofertas de emprego internas abaixo! Trabalhar com a EU-People significa trabalhar num ambiente muito<\/p>","protected":false},"author":3,"featured_media":25041,"parent":0,"menu_order":0,"comment_status":"closed","ping_status":"closed","template":"","meta":{"footnotes":""},"class_list":["post-26020","page","type-page","status-publish","has-post-thumbnail","hentry","entry"],"yoast_head":"<!-- This site is optimized with the Yoast SEO Premium plugin v25.3.1 (Yoast SEO v25.3.1) - https:\/\/yoast.com\/wordpress\/plugins\/seo\/ -->\n<title>Join our team - EU-People | Profs for Profs<\/title>\n<meta name=\"description\" content=\"Join our great team. If you have a heart for people, we need you in our team. Nice atmosphere, great colleagues, independency.\" \/>\n<meta name=\"robots\" content=\"index, follow, max-snippet:-1, max-image-preview:large, max-video-preview:-1\" \/>\n<link rel=\"canonical\" href=\"https:\/\/eu-people.com\/pt\/join-our-team\/\" \/>\n<meta property=\"og:locale\" content=\"pt_PT\" \/>\n<meta property=\"og:type\" content=\"article\" \/>\n<meta property=\"og:title\" content=\"Join our team\" \/>\n<meta property=\"og:description\" content=\"Join our great team. If you have a heart for people, we need you in our team. Nice atmosphere, great colleagues, independency.\" \/>\n<meta property=\"og:url\" content=\"https:\/\/eu-people.com\/pt\/join-our-team\/\" \/>\n<meta property=\"og:site_name\" content=\"EU-People | Profs for Profs\" \/>\n<meta property=\"article:publisher\" content=\"https:\/\/www.facebook.com\/EUpeopleHQ\/\" \/>\n<meta property=\"article:modified_time\" content=\"2025-10-28T15:07:36+00:00\" \/>\n<meta property=\"og:image\" content=\"https:\/\/eu-people.com\/wp-content\/uploads\/2022\/10\/EU-PEOPLE_LOGO.jpg\" \/>\n\t<meta property=\"og:image:width\" content=\"740\" \/>\n\t<meta property=\"og:image:height\" content=\"379\" \/>\n\t<meta property=\"og:image:type\" content=\"image\/jpeg\" \/>\n<meta name=\"twitter:card\" content=\"summary_large_image\" \/>\n<meta name=\"twitter:label1\" content=\"Tempo estimado de leitura\" \/>\n\t<meta name=\"twitter:data1\" content=\"2 minutos\" \/>\n<script type=\"application\/ld+json\" class=\"yoast-schema-graph\">{\"@context\":\"https:\/\/schema.org\",\"@graph\":[{\"@type\":\"WebPage\",\"@id\":\"https:\/\/eu-people.com\/join-our-team\/\",\"url\":\"https:\/\/eu-people.com\/join-our-team\/\",\"name\":\"Join our team - EU-People | Profs for Profs\",\"isPartOf\":{\"@id\":\"https:\/\/eu-people.com\/pl\/#website\"},\"primaryImageOfPage\":{\"@id\":\"https:\/\/eu-people.com\/join-our-team\/#primaryimage\"},\"image\":{\"@id\":\"https:\/\/eu-people.com\/join-our-team\/#primaryimage\"},\"thumbnailUrl\":\"https:\/\/eu-people.com\/wp-content\/uploads\/2022\/10\/EU-PEOPLE_LOGO.jpg\",\"datePublished\":\"2023-08-17T14:06:30+00:00\",\"dateModified\":\"2025-10-28T15:07:36+00:00\",\"description\":\"Join our great team. If you have a heart for people, we need you in our team. Nice atmosphere, great colleagues, independency.\",\"breadcrumb\":{\"@id\":\"https:\/\/eu-people.com\/join-our-team\/#breadcrumb\"},\"inLanguage\":\"pt-PT\",\"potentialAction\":[{\"@type\":\"ReadAction\",\"target\":[\"https:\/\/eu-people.com\/join-our-team\/\"]}]},{\"@type\":\"ImageObject\",\"inLanguage\":\"pt-PT\",\"@id\":\"https:\/\/eu-people.com\/join-our-team\/#primaryimage\",\"url\":\"https:\/\/eu-people.com\/wp-content\/uploads\/2022\/10\/EU-PEOPLE_LOGO.jpg\",\"contentUrl\":\"https:\/\/eu-people.com\/wp-content\/uploads\/2022\/10\/EU-PEOPLE_LOGO.jpg\",\"width\":740,\"height\":379,\"caption\":\"Profs for profs Logo\"},{\"@type\":\"BreadcrumbList\",\"@id\":\"https:\/\/eu-people.com\/join-our-team\/#breadcrumb\",\"itemListElement\":[{\"@type\":\"ListItem\",\"position\":1,\"name\":\"Home\",\"item\":\"https:\/\/eu-people.com\/\"},{\"@type\":\"ListItem\",\"position\":2,\"name\":\"Join our team\"}]},{\"@type\":\"WebSite\",\"@id\":\"https:\/\/eu-people.com\/pl\/#website\",\"url\":\"https:\/\/eu-people.com\/pl\/\",\"name\":\"EU-People | Profs for Profs\",\"description\":\"\",\"publisher\":{\"@id\":\"https:\/\/eu-people.com\/pl\/#organization\"},\"potentialAction\":[{\"@type\":\"SearchAction\",\"target\":{\"@type\":\"EntryPoint\",\"urlTemplate\":\"https:\/\/eu-people.com\/pl\/?s={search_term_string}\"},\"query-input\":{\"@type\":\"PropertyValueSpecification\",\"valueRequired\":true,\"valueName\":\"search_term_string\"}}],\"inLanguage\":\"pt-PT\"},{\"@type\":\"Organization\",\"@id\":\"https:\/\/eu-people.com\/pl\/#organization\",\"name\":\"EU-People | Profs for Profs\",\"url\":\"https:\/\/eu-people.com\/pl\/\",\"logo\":{\"@type\":\"ImageObject\",\"inLanguage\":\"pt-PT\",\"@id\":\"https:\/\/eu-people.com\/pl\/#\/schema\/logo\/image\/\",\"url\":\"https:\/\/eu-people.com\/wp-content\/uploads\/2022\/01\/logo-alt.svg\",\"contentUrl\":\"https:\/\/eu-people.com\/wp-content\/uploads\/2022\/01\/logo-alt.svg\",\"width\":956,\"height\":354,\"caption\":\"EU-People | Profs for Profs\"},\"image\":{\"@id\":\"https:\/\/eu-people.com\/pl\/#\/schema\/logo\/image\/\"},\"sameAs\":[\"https:\/\/www.facebook.com\/EUpeopleHQ\/\",\"https:\/\/www.instagram.com\/eupeople_jobs\/\",\"https:\/\/www.linkedin.com\/company\/eu-people-b.v.\/\"]}]}<\/script>\n<!-- \/ Yoast SEO Premium plugin. -->","yoast_head_json":{"title":"Join our team - EU-People | Profs for Profs","description":"Join our great team. If you have a heart for people, we need you in our team. Nice atmosphere, great colleagues, independency.","robots":{"index":"index","follow":"follow","max-snippet":"max-snippet:-1","max-image-preview":"max-image-preview:large","max-video-preview":"max-video-preview:-1"},"canonical":"https:\/\/eu-people.com\/pt\/join-our-team\/","og_locale":"pt_PT","og_type":"article","og_title":"Join our team","og_description":"Join our great team. If you have a heart for people, we need you in our team. Nice atmosphere, great colleagues, independency.","og_url":"https:\/\/eu-people.com\/pt\/join-our-team\/","og_site_name":"EU-People | Profs for Profs","article_publisher":"https:\/\/www.facebook.com\/EUpeopleHQ\/","article_modified_time":"2025-10-28T15:07:36+00:00","og_image":[{"width":740,"height":379,"url":"https:\/\/eu-people.com\/wp-content\/uploads\/2022\/10\/EU-PEOPLE_LOGO.jpg","type":"image\/jpeg"}],"twitter_card":"summary_large_image","twitter_misc":{"Tempo estimado de leitura":"2 minutos"},"schema":{"@context":"https:\/\/schema.org","@graph":[{"@type":"WebPage","@id":"https:\/\/eu-people.com\/join-our-team\/","url":"https:\/\/eu-people.com\/join-our-team\/","name":"Join our team - EU-People | Profs for Profs","isPartOf":{"@id":"https:\/\/eu-people.com\/pl\/#website"},"primaryImageOfPage":{"@id":"https:\/\/eu-people.com\/join-our-team\/#primaryimage"},"image":{"@id":"https:\/\/eu-people.com\/join-our-team\/#primaryimage"},"thumbnailUrl":"https:\/\/eu-people.com\/wp-content\/uploads\/2022\/10\/EU-PEOPLE_LOGO.jpg","datePublished":"2023-08-17T14:06:30+00:00","dateModified":"2025-10-28T15:07:36+00:00","description":"Join our great team. If you have a heart for people, we need you in our team. Nice atmosphere, great colleagues, independency.","breadcrumb":{"@id":"https:\/\/eu-people.com\/join-our-team\/#breadcrumb"},"inLanguage":"pt-PT","potentialAction":[{"@type":"ReadAction","target":["https:\/\/eu-people.com\/join-our-team\/"]}]},{"@type":"ImageObject","inLanguage":"pt-PT","@id":"https:\/\/eu-people.com\/join-our-team\/#primaryimage","url":"https:\/\/eu-people.com\/wp-content\/uploads\/2022\/10\/EU-PEOPLE_LOGO.jpg","contentUrl":"https:\/\/eu-people.com\/wp-content\/uploads\/2022\/10\/EU-PEOPLE_LOGO.jpg","width":740,"height":379,"caption":"Profs for profs Logo"},{"@type":"BreadcrumbList","@id":"https:\/\/eu-people.com\/join-our-team\/#breadcrumb","itemListElement":[{"@type":"ListItem","position":1,"name":"Home","item":"https:\/\/eu-people.com\/"},{"@type":"ListItem","position":2,"name":"Join our team"}]},{"@type":"WebSite","@id":"https:\/\/eu-people.com\/pl\/#website","url":"https:\/\/eu-people.com\/pl\/","name":"EU-People | Profs for Profs","description":"","publisher":{"@id":"https:\/\/eu-people.com\/pl\/#organization"},"potentialAction":[{"@type":"SearchAction","target":{"@type":"EntryPoint","urlTemplate":"https:\/\/eu-people.com\/pl\/?s={search_term_string}"},"query-input":{"@type":"PropertyValueSpecification","valueRequired":true,"valueName":"search_term_string"}}],"inLanguage":"pt-PT"},{"@type":"Organization","@id":"https:\/\/eu-people.com\/pl\/#organization","name":"EU-People | Profs for Profs","url":"https:\/\/eu-people.com\/pl\/","logo":{"@type":"ImageObject","inLanguage":"pt-PT","@id":"https:\/\/eu-people.com\/pl\/#\/schema\/logo\/image\/","url":"https:\/\/eu-people.com\/wp-content\/uploads\/2022\/01\/logo-alt.svg","contentUrl":"https:\/\/eu-people.com\/wp-content\/uploads\/2022\/01\/logo-alt.svg","width":956,"height":354,"caption":"EU-People | Profs for Profs"},"image":{"@id":"https:\/\/eu-people.com\/pl\/#\/schema\/logo\/image\/"},"sameAs":["https:\/\/www.facebook.com\/EUpeopleHQ\/","https:\/\/www.instagram.com\/eupeople_jobs\/","https:\/\/www.linkedin.com\/company\/eu-people-b.v.\/"]}]}},"_links":{"self":[{"href":"https:\/\/eu-people.com\/pt\/wp-json\/wp\/v2\/pages\/26020","targetHints":{"allow":["GET"]}}],"collection":[{"href":"https:\/\/eu-people.com\/pt\/wp-json\/wp\/v2\/pages"}],"about":[{"href":"https:\/\/eu-people.com\/pt\/wp-json\/wp\/v2\/types\/page"}],"author":[{"embeddable":true,"href":"https:\/\/eu-people.com\/pt\/wp-json\/wp\/v2\/users\/3"}],"replies":[{"embeddable":true,"href":"https:\/\/eu-people.com\/pt\/wp-json\/wp\/v2\/comments?post=26020"}],"version-history":[{"count":53,"href":"https:\/\/eu-people.com\/pt\/wp-json\/wp\/v2\/pages\/26020\/revisions"}],"predecessor-version":[{"id":28834,"href":"https:\/\/eu-people.com\/pt\/wp-json\/wp\/v2\/pages\/26020\/revisions\/28834"}],"wp:featuredmedia":[{"embeddable":true,"href":"https:\/\/eu-people.com\/pt\/wp-json\/wp\/v2\/media\/25041"}],"wp:attachment":[{"href":"https:\/\/eu-people.com\/pt\/wp-json\/wp\/v2\/media?parent=26020"}],"curies":[{"name":"wp","href":"https:\/\/api.w.org\/{rel}","templated":true}]}}