{"id":28507,"date":"2025-04-10T15:36:08","date_gmt":"2025-04-10T14:36:08","guid":{"rendered":"https:\/\/eu-people.com\/?page_id=28507"},"modified":"2025-08-12T11:54:07","modified_gmt":"2025-08-12T10:54:07","slug":"eu-people-is-een-gecertificeerd-uitzendbureau-in-nederland-gespecialiseerd-in-logistiek-en-productie-wij-bieden-betrouwbare-arbeidsbemiddeling-huisvesting-en-vervoer-voor-internationale-medewerkers","status":"publish","type":"page","link":"https:\/\/eu-people.com\/pt\/eu-people-is-een-gecertificeerd-uitzendbureau-in-nederland-gespecialiseerd-in-logistiek-en-productie-wij-bieden-betrouwbare-arbeidsbemiddeling-huisvesting-en-vervoer-voor-internationale-medewerkers\/","title":{"rendered":"Sobre a EU-People"},"content":{"rendered":"<div data-elementor-type=\"wp-page\" data-elementor-id=\"28507\" class=\"elementor elementor-28507\" data-elementor-post-type=\"page\">\n\t\t\t\t<div class=\"elementor-element elementor-element-776cd63 e-flex e-con-boxed e-con e-parent\" data-id=\"776cd63\" data-element_type=\"container\">\n\t\t\t\t\t<div class=\"e-con-inner\">\n\t\t<div class=\"elementor-element elementor-element-1368f71 e-con-full e-flex e-con e-child\" data-id=\"1368f71\" data-element_type=\"container\">\n\t\t\t\t<div class=\"elementor-element elementor-element-db460d7 elementor-widget__width-initial elementor-widget elementor-widget-image\" data-id=\"db460d7\" data-element_type=\"widget\" data-widget_type=\"image.default\">\n\t\t\t\t<div class=\"elementor-widget-container\">\n\t\t\t\t\t\t\t\t\t\t\t\t\t\t\t<img decoding=\"async\" src=\"https:\/\/eu-people.com\/wp-content\/uploads\/2025\/04\/Colleague-day.png\" title=\"Dia do colega.png\" alt=\"Colleague-day.png\" loading=\"lazy\" \/>\t\t\t\t\t\t\t\t\t\t\t\t\t\t\t<\/div>\n\t\t\t\t<\/div>\n\t\t<div class=\"elementor-element elementor-element-314049f e-con-full e-flex e-con e-child\" data-id=\"314049f\" data-element_type=\"container\" data-settings=\"{&quot;background_background&quot;:&quot;classic&quot;}\">\n\t\t\t\t<div class=\"elementor-element elementor-element-2475119 elementor-widget elementor-widget-heading\" data-id=\"2475119\" data-element_type=\"widget\" data-widget_type=\"heading.default\">\n\t\t\t\t<div class=\"elementor-widget-container\">\n\t\t\t\t\t<h2 class=\"elementor-heading-title elementor-size-default\">O pessoal da UE ao vosso servi\u00e7o!<\/h2>\t\t\t\t<\/div>\n\t\t\t\t<\/div>\n\t\t\t\t<div class=\"elementor-element elementor-element-17f5b80 elementor-widget elementor-widget-text-editor\" data-id=\"17f5b80\" data-element_type=\"widget\" data-widget_type=\"text-editor.default\">\n\t\t\t\t<div class=\"elementor-widget-container\">\n\t\t\t\t\t\t\t\t\t<p>De Nederlandse arbeidsmarkt heeft een groeiende behoefte aan goede medewerkers terwijl het aantal beschikbare medewerkers, ook internationalaal, juist afneemt. Voor deze afname zijn meerdere redenen aan te wijzen. O crescimento econ\u00f3mico na Holanda e nas diversas ilhas do Sul e a integra\u00e7\u00e3o s\u00e3o hoje os principais factores. EU-People richt zich op het langdurig en deskundig invullen van uw vacatures met behulp van naast Nederlanders ook Arbeidsmigranten. Se o n\u00famero de flex\u00f5es internacionais mais importantes se mantiver, o facto de se tratar de uma quest\u00e3o de confian\u00e7a e de seguran\u00e7a do gabinete de apoio e da melhor informa\u00e7\u00e3o \u00e9 importante para n\u00f3s. Que factores podem ser considerados positivos?\u00a0<\/p><p>O nosso modelo de neg\u00f3cio de dupla face \u00e9 a base do nosso sucesso, uma vez que tanto as nossas rela\u00e7\u00f5es como os nossos contactos s\u00e3o muito importantes para n\u00f3s. Isto \u00e9 muito importante para o longo retorno e para as refer\u00eancias de amigos dos nossos clientes. Por outro lado, uma grande parte dos nossos flex medewerkers tem um vasto contrato com a empresa. Deseja obter uma ajuda extra para poder trabalhar connosco?<\/p><p>As rela\u00e7\u00f5es de trabalho est\u00e1veis s\u00e3o estabelecidas por meio de regras de utiliza\u00e7\u00e3o adequadas para os nossos trabalhadores. Tevreden flexkrachten ervaren het respect van onze crew, plezierig werk, wekelijks correcte beloning en goede werk- and woonomstandigheden. Esta \u00e9 a filosofia do EU-People!<\/p>\t\t\t\t\t\t\t\t<\/div>\n\t\t\t\t<\/div>\n\t\t\t\t<div class=\"elementor-element elementor-element-761fda8 elementor-align-center elementor-widget elementor-widget-button\" data-id=\"761fda8\" data-element_type=\"widget\" data-widget_type=\"button.default\">\n\t\t\t\t<div class=\"elementor-widget-container\">\n\t\t\t\t\t\t\t\t\t<div class=\"elementor-button-wrapper\">\n\t\t\t\t\t<a class=\"elementor-button elementor-button-link elementor-size-sm\" href=\"#contact\">\n\t\t\t\t\t\t<span class=\"elementor-button-content-wrapper\">\n\t\t\t\t\t\t<span class=\"elementor-button-icon\">\n\t\t\t\t<i aria-hidden=\"true\" class=\"fas fa-chevron-right\"><\/i>\t\t\t<\/span>\n\t\t\t\t\t\t\t\t\t<span class=\"elementor-button-text\">Samen aan de slag!<\/span>\n\t\t\t\t\t<\/span>\n\t\t\t\t\t<\/a>\n\t\t\t\t<\/div>\n\t\t\t\t\t\t\t\t<\/div>\n\t\t\t\t<\/div>\n\t\t\t\t<\/div>\n\t\t\t\t<\/div>\n\t\t\t\t\t<\/div>\n\t\t\t\t<\/div>\n\t\t<div class=\"elementor-element elementor-element-835523e e-flex e-con-boxed e-con e-parent\" data-id=\"835523e\" data-element_type=\"container\">\n\t\t\t\t\t<div class=\"e-con-inner\">\n\t\t\t\t<div class=\"elementor-element elementor-element-d745aa1 elementor-testimonial--skin-default elementor-testimonial--layout-image_inline elementor-testimonial--align-center elementor-arrows-yes elementor-pagination-type-bullets elementor-widget elementor-widget-testimonial-carousel\" data-id=\"d745aa1\" data-element_type=\"widget\" data-settings=\"{&quot;slides_per_view&quot;:&quot;1&quot;,&quot;show_arrows&quot;:&quot;yes&quot;,&quot;pagination&quot;:&quot;bullets&quot;,&quot;speed&quot;:500,&quot;autoplay&quot;:&quot;yes&quot;,&quot;autoplay_speed&quot;:5000,&quot;loop&quot;:&quot;yes&quot;,&quot;pause_on_hover&quot;:&quot;yes&quot;,&quot;pause_on_interaction&quot;:&quot;yes&quot;,&quot;space_between&quot;:{&quot;unit&quot;:&quot;px&quot;,&quot;size&quot;:10,&quot;sizes&quot;:[]},&quot;space_between_tablet&quot;:{&quot;unit&quot;:&quot;px&quot;,&quot;size&quot;:10,&quot;sizes&quot;:[]},&quot;space_between_mobile&quot;:{&quot;unit&quot;:&quot;px&quot;,&quot;size&quot;:10,&quot;sizes&quot;:[]}}\" data-widget_type=\"testimonial-carousel.default\">\n\t\t\t\t<div class=\"elementor-widget-container\">\n\t\t\t\t\t\t\t\t\t<div class=\"elementor-swiper\">\n\t\t\t\t\t<div class=\"elementor-main-swiper swiper\" role=\"region\" aria-roledescription=\"carousel\" aria-label=\"Deslizamentos\">\n\t\t\t\t<div class=\"swiper-wrapper\">\n\t\t\t\t\t\t\t\t\t\t\t<div class=\"swiper-slide\" role=\"group\" aria-roledescription=\"slide\">\n\t\t\t\t\t\t\t\t\t<div class=\"elementor-testimonial\">\n\t\t\t\t\t\t\t<div class=\"elementor-testimonial__content\">\n\t\t\t\t\t<div class=\"elementor-testimonial__text\">\n\t\t\t\t\t\tHan heeft ons als CEVA Logistics zeer goed geholpen door met zijn bedrijf EU-People betrouwbare and kwalitatief goede mensen te leveren in een periode dat we echt om personele hulp zaten te springen. Han heeft zich in die fase opgesteld als eerlijke en goede partner die oplossingsgericht denkt.\t\t\t\t\t<\/div>\n\t\t\t\t\t\t\t\t\t<\/div>\n\t\t\t\t\t\t<div class=\"elementor-testimonial__footer\">\n\t\t\t\t\t\t\t\t\t<div class=\"elementor-testimonial__image\">\n\t\t\t\t\t\t<img decoding=\"async\" src=\"https:\/\/eu-people.com\/wp-content\/uploads\/2024\/03\/1671616003687.jpeg\" alt=\"Bart Beeks\">\n\t\t\t\t\t\t\t\t\t\t\t<\/div>\n\t\t\t\t\t\t\t\t<cite class=\"elementor-testimonial__cite\"><span class=\"elementor-testimonial__name\">Bart Beeks<\/span><span class=\"elementor-testimonial__title\">COO CEVA Contract Logistics<\/span><\/cite>\t\t\t<\/div>\n\t\t<\/div>\n\t\t\t\t\t\t\t\t<\/div>\n\t\t\t\t\t\t\t\t\t\t\t<div class=\"swiper-slide\" role=\"group\" aria-roledescription=\"slide\">\n\t\t\t\t\t\t\t\t\t<div class=\"elementor-testimonial\">\n\t\t\t\t\t\t\t<div class=\"elementor-testimonial__content\">\n\t\t\t\t\t<div class=\"elementor-testimonial__text\">\n\t\t\t\t\t\tJ\u00e1 trabalho h\u00e1 v\u00e1rios anos com Han no dom\u00ednio dos trabalhadores tempor\u00e1rios (per\u00edodos superiores a dois meses). O Han sabe exatamente de que tipo de pessoas precisamos. Quando precisamos de alguns trabalhadores tempor\u00e1rios, no espa\u00e7o de uma a duas semanas ele encontra as pessoas de que precisamos. N\u00e3o s\u00f3 tem em conta a experi\u00eancia de que necessitamos, como tamb\u00e9m a cultura da empresa. Por isso, at\u00e9 \u00e0 data, tivemos sempre uma adapta\u00e7\u00e3o \u00e0 primeira.\t\t\t\t\t<\/div>\n\t\t\t\t\t\t\t\t\t<\/div>\n\t\t\t\t\t\t<div class=\"elementor-testimonial__footer\">\n\t\t\t\t\t\t\t\t\t<div class=\"elementor-testimonial__image\">\n\t\t\t\t\t\t<img decoding=\"async\" src=\"https:\/\/eu-people.com\/wp-content\/uploads\/2024\/03\/1517721445621.jpeg\" alt=\"Marc Kessels\">\n\t\t\t\t\t\t\t\t\t\t\t<\/div>\n\t\t\t\t\t\t\t\t<cite class=\"elementor-testimonial__cite\"><span class=\"elementor-testimonial__name\">Marc Kessels<\/span><span class=\"elementor-testimonial__title\">Casaco Perfeito BV<\/span><\/cite>\t\t\t<\/div>\n\t\t<\/div>\n\t\t\t\t\t\t\t\t<\/div>\n\t\t\t\t\t\t\t\t\t\t\t<div class=\"swiper-slide\" role=\"group\" aria-roledescription=\"slide\">\n\t\t\t\t\t\t\t\t\t<div class=\"elementor-testimonial\">\n\t\t\t\t\t\t\t<div class=\"elementor-testimonial__content\">\n\t\t\t\t\t<div class=\"elementor-testimonial__text\">\n\t\t\t\t\t\tUm bom trabalho. Ajudam-nos a ultrapassar as barreiras. En doen waar ze voor staan oprecht en eerlijk. Een dikke aanrader als je wil werken voor een betrouwbaar bedrijf waar hard werken beloond wordt. Zeer prettig om mee samen te werken.\t\t\t\t\t<\/div>\n\t\t\t\t\t\t\t\t\t<\/div>\n\t\t\t\t\t\t<div class=\"elementor-testimonial__footer\">\n\t\t\t\t\t\t\t\t\t<div class=\"elementor-testimonial__image\">\n\t\t\t\t\t\t<img decoding=\"async\" src=\"https:\/\/eu-people.com\/wp-content\/uploads\/2024\/03\/unnamed-7.png\" alt=\"Hanna &amp; Niels  Ijzerman\">\n\t\t\t\t\t\t\t\t\t\t\t<\/div>\n\t\t\t\t\t\t\t\t<cite class=\"elementor-testimonial__cite\"><span class=\"elementor-testimonial__name\">Hanna &amp; Niels Ijzerman<\/span><span class=\"elementor-testimonial__title\"><a href=\"https:\/\/goo.gl\/maps\/rqb6qmmEpVJ4veVcA\">An\u00e1lises do Google<\/a><\/span><\/cite>\t\t\t<\/div>\n\t\t<\/div>\n\t\t\t\t\t\t\t\t<\/div>\n\t\t\t\t\t\t\t\t\t<\/div>\n\t\t\t\t\t\t\t\t\t\t\t\t\t\t\t<div class=\"elementor-swiper-button elementor-swiper-button-prev\" role=\"button\" tabindex=\"0\" aria-label=\"Anterior\">\n\t\t\t\t\t\t\t<i aria-hidden=\"true\" class=\"eicon-chevron-left\"><\/i>\t\t\t\t\t\t<\/div>\n\t\t\t\t\t\t<div class=\"elementor-swiper-button elementor-swiper-button-next\" role=\"button\" tabindex=\"0\" aria-label=\"Seguinte\">\n\t\t\t\t\t\t\t<i aria-hidden=\"true\" class=\"eicon-chevron-right\"><\/i>\t\t\t\t\t\t<\/div>\n\t\t\t\t\t\t\t\t\t\t\t\t\t\t\t\t<div class=\"swiper-pagination\"><\/div>\n\t\t\t\t\t\t\t\t\t\t\t\t<\/div>\n\t\t\t\t<\/div>\n\t\t\t\t\t\t\t\t<\/div>\n\t\t\t\t<\/div>\n\t\t\t\t\t<\/div>\n\t\t\t\t<\/div>\n\t\t\t\t<\/div>","protected":false},"excerpt":{"rendered":"<p>Pessoas da UE ao seu servi\u00e7o! O mercado de trabalho neerland\u00eas tem uma grande necessidade de bons profissionais de sa\u00fade, mas o n\u00famero de profissionais de sa\u00fade, incluindo os internacionais, \u00e9 muito reduzido. Voor deze afname zijn meerdere redenen aan te wijzen. O crescimento econ\u00f3mico na Holanda e nas diversas ilhas do Sul e a integra\u00e7\u00e3o s\u00e3o hoje os principais factores. O EU-People est\u00e1 a trabalhar na sua estrat\u00e9gia de desenvolvimento... <a class=\"more-link\" href=\"https:\/\/eu-people.com\/pt\/eu-people-is-een-gecertificeerd-uitzendbureau-in-nederland-gespecialiseerd-in-logistiek-en-productie-wij-bieden-betrouwbare-arbeidsbemiddeling-huisvesting-en-vervoer-voor-internationale-medewerkers\/\">Continuar a ler <span class=\"screen-reader-text\">Sobre a EU-People<\/span><\/a><\/p>","protected":false},"author":1,"featured_media":0,"parent":0,"menu_order":0,"comment_status":"closed","ping_status":"closed","template":"","meta":{"footnotes":""},"class_list":["post-28507","page","type-page","status-publish","hentry","entry"],"yoast_head":"<!-- This site is optimized with the Yoast SEO Premium plugin v25.3.1 (Yoast SEO v25.3.1) - https:\/\/yoast.com\/wordpress\/plugins\/seo\/ -->\n<title>Betrouwbare uitzendpartner voor internationaal talent. - EU-People | Profs for Profs<\/title>\n<meta name=\"description\" content=\"EU-People is een gecertificeerd uitzendbureau. Wij ontzorgen uw organisatie met betrouwbare arbeidsbemiddeling, huisvesting en vervoer voor internationale medewerkers conform Nederlands recht.\" \/>\n<meta name=\"robots\" content=\"index, follow, max-snippet:-1, max-image-preview:large, max-video-preview:-1\" \/>\n<link rel=\"canonical\" href=\"https:\/\/eu-people.com\/pt\/eu-people-is-een-gecertificeerd-uitzendbureau-in-nederland-gespecialiseerd-in-logistiek-en-productie-wij-bieden-betrouwbare-arbeidsbemiddeling-huisvesting-en-vervoer-voor-internationale-medewerkers\/\" \/>\n<meta property=\"og:locale\" content=\"pt_PT\" \/>\n<meta property=\"og:type\" content=\"article\" \/>\n<meta property=\"og:title\" content=\"About EU-People\" \/>\n<meta property=\"og:description\" content=\"EU-People is een gecertificeerd uitzendbureau. Wij ontzorgen uw organisatie met betrouwbare arbeidsbemiddeling, huisvesting en vervoer voor internationale medewerkers conform Nederlands recht.\" \/>\n<meta property=\"og:url\" content=\"https:\/\/eu-people.com\/pt\/eu-people-is-een-gecertificeerd-uitzendbureau-in-nederland-gespecialiseerd-in-logistiek-en-productie-wij-bieden-betrouwbare-arbeidsbemiddeling-huisvesting-en-vervoer-voor-internationale-medewerkers\/\" \/>\n<meta property=\"og:site_name\" content=\"EU-People | Profs for Profs\" \/>\n<meta property=\"article:publisher\" content=\"https:\/\/www.facebook.com\/EUpeopleHQ\/\" \/>\n<meta property=\"article:modified_time\" content=\"2025-08-12T10:54:07+00:00\" \/>\n<meta property=\"og:image\" content=\"https:\/\/eu-people.com\/wp-content\/uploads\/2025\/04\/Colleague-day.png\" \/>\n<meta name=\"twitter:card\" content=\"summary_large_image\" \/>\n<meta name=\"twitter:label1\" content=\"Tempo estimado de leitura\" \/>\n\t<meta name=\"twitter:data1\" content=\"3 minutos\" \/>\n<script type=\"application\/ld+json\" class=\"yoast-schema-graph\">{\"@context\":\"https:\/\/schema.org\",\"@graph\":[{\"@type\":\"WebPage\",\"@id\":\"https:\/\/eu-people.com\/eu-people-is-een-gecertificeerd-uitzendbureau-in-nederland-gespecialiseerd-in-logistiek-en-productie-wij-bieden-betrouwbare-arbeidsbemiddeling-huisvesting-en-vervoer-voor-internationale-medewerkers\/\",\"url\":\"https:\/\/eu-people.com\/eu-people-is-een-gecertificeerd-uitzendbureau-in-nederland-gespecialiseerd-in-logistiek-en-productie-wij-bieden-betrouwbare-arbeidsbemiddeling-huisvesting-en-vervoer-voor-internationale-medewerkers\/\",\"name\":\"Betrouwbare uitzendpartner voor internationaal talent. - EU-People | Profs for Profs\",\"isPartOf\":{\"@id\":\"https:\/\/eu-people.com\/pl\/#website\"},\"primaryImageOfPage\":{\"@id\":\"https:\/\/eu-people.com\/eu-people-is-een-gecertificeerd-uitzendbureau-in-nederland-gespecialiseerd-in-logistiek-en-productie-wij-bieden-betrouwbare-arbeidsbemiddeling-huisvesting-en-vervoer-voor-internationale-medewerkers\/#primaryimage\"},\"image\":{\"@id\":\"https:\/\/eu-people.com\/eu-people-is-een-gecertificeerd-uitzendbureau-in-nederland-gespecialiseerd-in-logistiek-en-productie-wij-bieden-betrouwbare-arbeidsbemiddeling-huisvesting-en-vervoer-voor-internationale-medewerkers\/#primaryimage\"},\"thumbnailUrl\":\"https:\/\/eu-people.com\/wp-content\/uploads\/2025\/04\/Colleague-day.png\",\"datePublished\":\"2025-04-10T14:36:08+00:00\",\"dateModified\":\"2025-08-12T10:54:07+00:00\",\"description\":\"EU-People is een gecertificeerd uitzendbureau. Wij ontzorgen uw organisatie met betrouwbare arbeidsbemiddeling, huisvesting en vervoer voor internationale medewerkers conform Nederlands recht.\",\"breadcrumb\":{\"@id\":\"https:\/\/eu-people.com\/eu-people-is-een-gecertificeerd-uitzendbureau-in-nederland-gespecialiseerd-in-logistiek-en-productie-wij-bieden-betrouwbare-arbeidsbemiddeling-huisvesting-en-vervoer-voor-internationale-medewerkers\/#breadcrumb\"},\"inLanguage\":\"pt-PT\",\"potentialAction\":[{\"@type\":\"ReadAction\",\"target\":[\"https:\/\/eu-people.com\/eu-people-is-een-gecertificeerd-uitzendbureau-in-nederland-gespecialiseerd-in-logistiek-en-productie-wij-bieden-betrouwbare-arbeidsbemiddeling-huisvesting-en-vervoer-voor-internationale-medewerkers\/\"]}]},{\"@type\":\"ImageObject\",\"inLanguage\":\"pt-PT\",\"@id\":\"https:\/\/eu-people.com\/eu-people-is-een-gecertificeerd-uitzendbureau-in-nederland-gespecialiseerd-in-logistiek-en-productie-wij-bieden-betrouwbare-arbeidsbemiddeling-huisvesting-en-vervoer-voor-internationale-medewerkers\/#primaryimage\",\"url\":\"https:\/\/eu-people.com\/wp-content\/uploads\/2025\/04\/Colleague-day.png\",\"contentUrl\":\"https:\/\/eu-people.com\/wp-content\/uploads\/2025\/04\/Colleague-day.png\"},{\"@type\":\"BreadcrumbList\",\"@id\":\"https:\/\/eu-people.com\/eu-people-is-een-gecertificeerd-uitzendbureau-in-nederland-gespecialiseerd-in-logistiek-en-productie-wij-bieden-betrouwbare-arbeidsbemiddeling-huisvesting-en-vervoer-voor-internationale-medewerkers\/#breadcrumb\",\"itemListElement\":[{\"@type\":\"ListItem\",\"position\":1,\"name\":\"Home\",\"item\":\"https:\/\/eu-people.com\/\"},{\"@type\":\"ListItem\",\"position\":2,\"name\":\"About EU-People\"}]},{\"@type\":\"WebSite\",\"@id\":\"https:\/\/eu-people.com\/pl\/#website\",\"url\":\"https:\/\/eu-people.com\/pl\/\",\"name\":\"EU-People | Profs for Profs\",\"description\":\"\",\"publisher\":{\"@id\":\"https:\/\/eu-people.com\/pl\/#organization\"},\"potentialAction\":[{\"@type\":\"SearchAction\",\"target\":{\"@type\":\"EntryPoint\",\"urlTemplate\":\"https:\/\/eu-people.com\/pl\/?s={search_term_string}\"},\"query-input\":{\"@type\":\"PropertyValueSpecification\",\"valueRequired\":true,\"valueName\":\"search_term_string\"}}],\"inLanguage\":\"pt-PT\"},{\"@type\":\"Organization\",\"@id\":\"https:\/\/eu-people.com\/pl\/#organization\",\"name\":\"EU-People | Profs for Profs\",\"url\":\"https:\/\/eu-people.com\/pl\/\",\"logo\":{\"@type\":\"ImageObject\",\"inLanguage\":\"pt-PT\",\"@id\":\"https:\/\/eu-people.com\/pl\/#\/schema\/logo\/image\/\",\"url\":\"https:\/\/eu-people.com\/wp-content\/uploads\/2022\/01\/logo-alt.svg\",\"contentUrl\":\"https:\/\/eu-people.com\/wp-content\/uploads\/2022\/01\/logo-alt.svg\",\"width\":956,\"height\":354,\"caption\":\"EU-People | Profs for Profs\"},\"image\":{\"@id\":\"https:\/\/eu-people.com\/pl\/#\/schema\/logo\/image\/\"},\"sameAs\":[\"https:\/\/www.facebook.com\/EUpeopleHQ\/\",\"https:\/\/www.instagram.com\/eupeople_jobs\/\",\"https:\/\/www.linkedin.com\/company\/eu-people-b.v.\/\"]}]}<\/script>\n<!-- \/ Yoast SEO Premium plugin. -->","yoast_head_json":{"title":"Betrouwbare uitzendpartner voor internationaal talent. - EU-People | Profs for Profs","description":"EU-People is een gecertificeerd uitzendbureau. Wij ontzorgen uw organisatie met betrouwbare arbeidsbemiddeling, huisvesting en vervoer voor internationale medewerkers conform Nederlands recht.","robots":{"index":"index","follow":"follow","max-snippet":"max-snippet:-1","max-image-preview":"max-image-preview:large","max-video-preview":"max-video-preview:-1"},"canonical":"https:\/\/eu-people.com\/pt\/eu-people-is-een-gecertificeerd-uitzendbureau-in-nederland-gespecialiseerd-in-logistiek-en-productie-wij-bieden-betrouwbare-arbeidsbemiddeling-huisvesting-en-vervoer-voor-internationale-medewerkers\/","og_locale":"pt_PT","og_type":"article","og_title":"About EU-People","og_description":"EU-People is een gecertificeerd uitzendbureau. Wij ontzorgen uw organisatie met betrouwbare arbeidsbemiddeling, huisvesting en vervoer voor internationale medewerkers conform Nederlands recht.","og_url":"https:\/\/eu-people.com\/pt\/eu-people-is-een-gecertificeerd-uitzendbureau-in-nederland-gespecialiseerd-in-logistiek-en-productie-wij-bieden-betrouwbare-arbeidsbemiddeling-huisvesting-en-vervoer-voor-internationale-medewerkers\/","og_site_name":"EU-People | Profs for Profs","article_publisher":"https:\/\/www.facebook.com\/EUpeopleHQ\/","article_modified_time":"2025-08-12T10:54:07+00:00","og_image":[{"url":"https:\/\/eu-people.com\/wp-content\/uploads\/2025\/04\/Colleague-day.png","type":"","width":"","height":""}],"twitter_card":"summary_large_image","twitter_misc":{"Tempo estimado de leitura":"3 minutos"},"schema":{"@context":"https:\/\/schema.org","@graph":[{"@type":"WebPage","@id":"https:\/\/eu-people.com\/eu-people-is-een-gecertificeerd-uitzendbureau-in-nederland-gespecialiseerd-in-logistiek-en-productie-wij-bieden-betrouwbare-arbeidsbemiddeling-huisvesting-en-vervoer-voor-internationale-medewerkers\/","url":"https:\/\/eu-people.com\/eu-people-is-een-gecertificeerd-uitzendbureau-in-nederland-gespecialiseerd-in-logistiek-en-productie-wij-bieden-betrouwbare-arbeidsbemiddeling-huisvesting-en-vervoer-voor-internationale-medewerkers\/","name":"Betrouwbare uitzendpartner voor internationaal talent. - EU-People | Profs for Profs","isPartOf":{"@id":"https:\/\/eu-people.com\/pl\/#website"},"primaryImageOfPage":{"@id":"https:\/\/eu-people.com\/eu-people-is-een-gecertificeerd-uitzendbureau-in-nederland-gespecialiseerd-in-logistiek-en-productie-wij-bieden-betrouwbare-arbeidsbemiddeling-huisvesting-en-vervoer-voor-internationale-medewerkers\/#primaryimage"},"image":{"@id":"https:\/\/eu-people.com\/eu-people-is-een-gecertificeerd-uitzendbureau-in-nederland-gespecialiseerd-in-logistiek-en-productie-wij-bieden-betrouwbare-arbeidsbemiddeling-huisvesting-en-vervoer-voor-internationale-medewerkers\/#primaryimage"},"thumbnailUrl":"https:\/\/eu-people.com\/wp-content\/uploads\/2025\/04\/Colleague-day.png","datePublished":"2025-04-10T14:36:08+00:00","dateModified":"2025-08-12T10:54:07+00:00","description":"EU-People is een gecertificeerd uitzendbureau. Wij ontzorgen uw organisatie met betrouwbare arbeidsbemiddeling, huisvesting en vervoer voor internationale medewerkers conform Nederlands recht.","breadcrumb":{"@id":"https:\/\/eu-people.com\/eu-people-is-een-gecertificeerd-uitzendbureau-in-nederland-gespecialiseerd-in-logistiek-en-productie-wij-bieden-betrouwbare-arbeidsbemiddeling-huisvesting-en-vervoer-voor-internationale-medewerkers\/#breadcrumb"},"inLanguage":"pt-PT","potentialAction":[{"@type":"ReadAction","target":["https:\/\/eu-people.com\/eu-people-is-een-gecertificeerd-uitzendbureau-in-nederland-gespecialiseerd-in-logistiek-en-productie-wij-bieden-betrouwbare-arbeidsbemiddeling-huisvesting-en-vervoer-voor-internationale-medewerkers\/"]}]},{"@type":"ImageObject","inLanguage":"pt-PT","@id":"https:\/\/eu-people.com\/eu-people-is-een-gecertificeerd-uitzendbureau-in-nederland-gespecialiseerd-in-logistiek-en-productie-wij-bieden-betrouwbare-arbeidsbemiddeling-huisvesting-en-vervoer-voor-internationale-medewerkers\/#primaryimage","url":"https:\/\/eu-people.com\/wp-content\/uploads\/2025\/04\/Colleague-day.png","contentUrl":"https:\/\/eu-people.com\/wp-content\/uploads\/2025\/04\/Colleague-day.png"},{"@type":"BreadcrumbList","@id":"https:\/\/eu-people.com\/eu-people-is-een-gecertificeerd-uitzendbureau-in-nederland-gespecialiseerd-in-logistiek-en-productie-wij-bieden-betrouwbare-arbeidsbemiddeling-huisvesting-en-vervoer-voor-internationale-medewerkers\/#breadcrumb","itemListElement":[{"@type":"ListItem","position":1,"name":"Home","item":"https:\/\/eu-people.com\/"},{"@type":"ListItem","position":2,"name":"About EU-People"}]},{"@type":"WebSite","@id":"https:\/\/eu-people.com\/pl\/#website","url":"https:\/\/eu-people.com\/pl\/","name":"EU-People | Profs for Profs","description":"","publisher":{"@id":"https:\/\/eu-people.com\/pl\/#organization"},"potentialAction":[{"@type":"SearchAction","target":{"@type":"EntryPoint","urlTemplate":"https:\/\/eu-people.com\/pl\/?s={search_term_string}"},"query-input":{"@type":"PropertyValueSpecification","valueRequired":true,"valueName":"search_term_string"}}],"inLanguage":"pt-PT"},{"@type":"Organization","@id":"https:\/\/eu-people.com\/pl\/#organization","name":"EU-People | Profs for Profs","url":"https:\/\/eu-people.com\/pl\/","logo":{"@type":"ImageObject","inLanguage":"pt-PT","@id":"https:\/\/eu-people.com\/pl\/#\/schema\/logo\/image\/","url":"https:\/\/eu-people.com\/wp-content\/uploads\/2022\/01\/logo-alt.svg","contentUrl":"https:\/\/eu-people.com\/wp-content\/uploads\/2022\/01\/logo-alt.svg","width":956,"height":354,"caption":"EU-People | Profs for Profs"},"image":{"@id":"https:\/\/eu-people.com\/pl\/#\/schema\/logo\/image\/"},"sameAs":["https:\/\/www.facebook.com\/EUpeopleHQ\/","https:\/\/www.instagram.com\/eupeople_jobs\/","https:\/\/www.linkedin.com\/company\/eu-people-b.v.\/"]}]}},"_links":{"self":[{"href":"https:\/\/eu-people.com\/pt\/wp-json\/wp\/v2\/pages\/28507","targetHints":{"allow":["GET"]}}],"collection":[{"href":"https:\/\/eu-people.com\/pt\/wp-json\/wp\/v2\/pages"}],"about":[{"href":"https:\/\/eu-people.com\/pt\/wp-json\/wp\/v2\/types\/page"}],"author":[{"embeddable":true,"href":"https:\/\/eu-people.com\/pt\/wp-json\/wp\/v2\/users\/1"}],"replies":[{"embeddable":true,"href":"https:\/\/eu-people.com\/pt\/wp-json\/wp\/v2\/comments?post=28507"}],"version-history":[{"count":4,"href":"https:\/\/eu-people.com\/pt\/wp-json\/wp\/v2\/pages\/28507\/revisions"}],"predecessor-version":[{"id":28513,"href":"https:\/\/eu-people.com\/pt\/wp-json\/wp\/v2\/pages\/28507\/revisions\/28513"}],"wp:attachment":[{"href":"https:\/\/eu-people.com\/pt\/wp-json\/wp\/v2\/media?parent=28507"}],"curies":[{"name":"wp","href":"https:\/\/api.w.org\/{rel}","templated":true}]}}