{"id":28514,"date":"2025-04-10T15:38:18","date_gmt":"2025-04-10T14:38:18","guid":{"rendered":"https:\/\/eu-people.com\/?page_id=28514"},"modified":"2025-04-10T15:39:18","modified_gmt":"2025-04-10T14:39:18","slug":"mission-vision","status":"publish","type":"page","link":"https:\/\/eu-people.com\/pt\/mission-vision\/","title":{"rendered":"Miss\u00e3o e vis\u00e3o"},"content":{"rendered":"<div data-elementor-type=\"wp-page\" data-elementor-id=\"28514\" class=\"elementor elementor-28514\" data-elementor-post-type=\"page\">\n\t\t\t\t<div class=\"elementor-element elementor-element-9c55981 e-flex e-con-boxed e-con e-parent\" data-id=\"9c55981\" data-element_type=\"container\">\n\t\t\t\t\t<div class=\"e-con-inner\">\n\t\t<div class=\"elementor-element elementor-element-ddee79c e-con-full e-flex e-con e-child\" data-id=\"ddee79c\" data-element_type=\"container\">\n\t\t\t\t<div class=\"elementor-element elementor-element-70f0f66 elementor-widget__width-initial elementor-widget elementor-widget-image\" data-id=\"70f0f66\" data-element_type=\"widget\" data-widget_type=\"image.default\">\n\t\t\t\t<div class=\"elementor-widget-container\">\n\t\t\t\t\t\t\t\t\t\t\t\t\t\t\t<img decoding=\"async\" src=\"https:\/\/eu-people.com\/wp-content\/uploads\/2025\/04\/Fotowand-op-formaat-e1680543761950-1.png\" title=\"Fotowand-op-formaat-e1680543761950.png\" alt=\"Fotowand-op-formaat-e1680543761950.png\" loading=\"lazy\" \/>\t\t\t\t\t\t\t\t\t\t\t\t\t\t\t<\/div>\n\t\t\t\t<\/div>\n\t\t<div class=\"elementor-element elementor-element-5cf027e e-con-full e-flex e-con e-child\" data-id=\"5cf027e\" data-element_type=\"container\" data-settings=\"{&quot;background_background&quot;:&quot;classic&quot;}\">\n\t\t\t\t<div class=\"elementor-element elementor-element-9900af6 elementor-widget elementor-widget-heading\" data-id=\"9900af6\" data-element_type=\"widget\" data-widget_type=\"heading.default\">\n\t\t\t\t<div class=\"elementor-widget-container\">\n\t\t\t\t\t<h2 class=\"elementor-heading-title elementor-size-default\">Uma menina<\/h2>\t\t\t\t<\/div>\n\t\t\t\t<\/div>\n\t\t\t\t<div class=\"elementor-element elementor-element-f5d07c6 elementor-widget elementor-widget-text-editor\" data-id=\"f5d07c6\" data-element_type=\"widget\" data-widget_type=\"text-editor.default\">\n\t\t\t\t<div class=\"elementor-widget-container\">\n\t\t\t\t\t\t\t\t\t<p>A miss\u00e3o da EU-People B.V. \u00e9 ser um parceiro de confian\u00e7a tanto para os trabalhadores como para os seus clientes. Para que as entregas de servi\u00e7os sejam eficazes e eficientes, esfor\u00e7amo-nos por ultrapassar a barreira entre talentos, objectivos e necessidades.<\/p><p>\u00a0<\/p><p>O nosso modelo de neg\u00f3cio de dupla face \u00e9 a base do nosso sucesso, uma vez que tanto as nossas rela\u00e7\u00f5es como os nossos contactos s\u00e3o muito importantes para n\u00f3s. Isto \u00e9 muito importante para o longo retorno e para as refer\u00eancias de amigos dos nossos clientes. Por outro lado, uma grande parte dos nossos flex medewerkers tem um vasto contrato com a empresa. Deseja obter uma ajuda extra para poder trabalhar connosco?<\/p><p>\u00a0<\/p><p>As rela\u00e7\u00f5es de trabalho est\u00e1veis s\u00e3o estabelecidas por meio de regras de utiliza\u00e7\u00e3o adequadas para os nossos trabalhadores. Tevreden flexkrachten ervaren het respect van onze crew, plezierig werk, wekelijks correcte beloning en goede werk- and woonomstandigheden. Esta \u00e9 a filosofia do EU-People!<\/p>\t\t\t\t\t\t\t\t<\/div>\n\t\t\t\t<\/div>\n\t\t\t\t<div class=\"elementor-element elementor-element-884003c elementor-align-center elementor-widget elementor-widget-button\" data-id=\"884003c\" data-element_type=\"widget\" data-widget_type=\"button.default\">\n\t\t\t\t<div class=\"elementor-widget-container\">\n\t\t\t\t\t\t\t\t\t<div class=\"elementor-button-wrapper\">\n\t\t\t\t\t<a class=\"elementor-button elementor-button-link elementor-size-sm\" href=\"#contact\">\n\t\t\t\t\t\t<span class=\"elementor-button-content-wrapper\">\n\t\t\t\t\t\t<span class=\"elementor-button-icon\">\n\t\t\t\t<i aria-hidden=\"true\" class=\"fas fa-chevron-right\"><\/i>\t\t\t<\/span>\n\t\t\t\t\t\t\t\t\t<span class=\"elementor-button-text\">Samen aan de slag!<\/span>\n\t\t\t\t\t<\/span>\n\t\t\t\t\t<\/a>\n\t\t\t\t<\/div>\n\t\t\t\t\t\t\t\t<\/div>\n\t\t\t\t<\/div>\n\t\t\t\t<\/div>\n\t\t\t\t<\/div>\n\t\t\t\t\t<\/div>\n\t\t\t\t<\/div>\n\t\t<div class=\"elementor-element elementor-element-012e96a e-flex e-con-boxed e-con e-parent\" data-id=\"012e96a\" data-element_type=\"container\">\n\t\t\t\t\t<div class=\"e-con-inner\">\n\t\t<div class=\"elementor-element elementor-element-a6ae005 e-con-full e-flex e-con e-child\" data-id=\"a6ae005\" data-element_type=\"container\">\n\t\t<div class=\"elementor-element elementor-element-6b028d9 e-con-full e-flex e-con e-child\" data-id=\"6b028d9\" data-element_type=\"container\" data-settings=\"{&quot;background_background&quot;:&quot;classic&quot;}\">\n\t\t\t\t<div class=\"elementor-element elementor-element-6e94f74 elementor-widget elementor-widget-heading\" data-id=\"6e94f74\" data-element_type=\"widget\" data-widget_type=\"heading.default\">\n\t\t\t\t<div class=\"elementor-widget-container\">\n\t\t\t\t\t<h2 class=\"elementor-heading-title elementor-size-default\">Uma visita<\/h2>\t\t\t\t<\/div>\n\t\t\t\t<\/div>\n\t\t\t\t<div class=\"elementor-element elementor-element-e851b1d elementor-widget elementor-widget-text-editor\" data-id=\"e851b1d\" data-element_type=\"widget\" data-widget_type=\"text-editor.default\">\n\t\t\t\t<div class=\"elementor-widget-container\">\n\t\t\t\t\t\t\t\t\t<p style=\"font-weight: 400;\">Na EU-People, estamos empenhados em preencher as suas f\u00e9rias de forma simples e econ\u00f3mica, com base nas nossas ofertas flex\u00edveis. N\u00f3s procuramos a diversidade e a inclus\u00e3o e procuramos a combina\u00e7\u00e3o perfeita no trabalho.<\/p><p>\u00a0<\/p><p>As rela\u00e7\u00f5es est\u00e1veis entre os membros da tripula\u00e7\u00e3o s\u00e3o mantidas por causa de situa\u00e7\u00f5es de trabalho dif\u00edceis. Zij ervaren het respect van onze crew, plezierig werk, wekelijks correcte beloning en goede werk- and woonomstandigheden.\u00a0<\/p><p>\u00a0<\/p><p style=\"font-weight: 400;\">O grande retorno e as refer\u00eancias de amigos dos nossos homens contribuem para o sucesso da nossa f\u00f3rmula. Para al\u00e9m disso, uma grande parte dos nossos flex medewerkers tem um vasto contrato com empresas contratadas.<\/p>\t\t\t\t\t\t\t\t<\/div>\n\t\t\t\t<\/div>\n\t\t\t\t<div class=\"elementor-element elementor-element-19b5973 elementor-align-center elementor-widget elementor-widget-button\" data-id=\"19b5973\" data-element_type=\"widget\" data-widget_type=\"button.default\">\n\t\t\t\t<div class=\"elementor-widget-container\">\n\t\t\t\t\t\t\t\t\t<div class=\"elementor-button-wrapper\">\n\t\t\t\t\t<a class=\"elementor-button elementor-button-link elementor-size-sm\" href=\"#contact\">\n\t\t\t\t\t\t<span class=\"elementor-button-content-wrapper\">\n\t\t\t\t\t\t<span class=\"elementor-button-icon\">\n\t\t\t\t<i aria-hidden=\"true\" class=\"fas fa-chevron-right\"><\/i>\t\t\t<\/span>\n\t\t\t\t\t\t\t\t\t<span class=\"elementor-button-text\">Samen aan de slag!<\/span>\n\t\t\t\t\t<\/span>\n\t\t\t\t\t<\/a>\n\t\t\t\t<\/div>\n\t\t\t\t\t\t\t\t<\/div>\n\t\t\t\t<\/div>\n\t\t\t\t<\/div>\n\t\t\t\t<div class=\"elementor-element elementor-element-38f2739 elementor-widget__width-initial elementor-widget elementor-widget-image\" data-id=\"38f2739\" data-element_type=\"widget\" data-widget_type=\"image.default\">\n\t\t\t\t<div class=\"elementor-widget-container\">\n\t\t\t\t\t\t\t\t\t\t\t\t\t\t\t<img decoding=\"async\" src=\"https:\/\/eu-people.com\/wp-content\/uploads\/2025\/04\/Warehouse_blur-1-e1694182714626.png\" title=\"Warehouse_blur-1-e1694182714626.png\" alt=\"Warehouse_blur-1-e1694182714626.png\" loading=\"lazy\" \/>\t\t\t\t\t\t\t\t\t\t\t\t\t\t\t<\/div>\n\t\t\t\t<\/div>\n\t\t\t\t<\/div>\n\t\t\t\t\t<\/div>\n\t\t\t\t<\/div>\n\t\t<div class=\"elementor-element elementor-element-072997b e-flex e-con-boxed e-con e-parent\" data-id=\"072997b\" data-element_type=\"container\">\n\t\t\t\t\t<div class=\"e-con-inner\">\n\t\t<div class=\"elementor-element elementor-element-76a1e65 e-con-full e-flex e-con e-child\" data-id=\"76a1e65\" data-element_type=\"container\">\n\t\t\t\t<div class=\"elementor-element elementor-element-5fd8d85 elementor-widget elementor-widget-text-editor\" data-id=\"5fd8d85\" data-element_type=\"widget\" data-widget_type=\"text-editor.default\">\n\t\t\t\t<div class=\"elementor-widget-container\">\n\t\t\t\t\t\t\t\t\t<p>Temos uma grande confian\u00e7a no mundo biol\u00f3gico. Por isso, estamos sempre a tentar reduzir a nossa pegada de carbono em todas as facetas da nossa empresa.<\/p>\t\t\t\t\t\t\t\t<\/div>\n\t\t\t\t<\/div>\n\t\t\t\t<\/div>\n\t\t\t\t\t<\/div>\n\t\t\t\t<\/div>\n\t\t\t\t<\/div>","protected":false},"excerpt":{"rendered":"<p>A miss\u00e3o da EU-People B.V. \u00e9 encontrar um parceiro de confian\u00e7a, tanto para os trabalhadores como para os seus interesses. Atrav\u00e9s de uma eficaz e eficiente distribui\u00e7\u00e3o de servi\u00e7os, esfor\u00e7amo-nos por ultrapassar a dist\u00e2ncia entre talentos, objectivos e necessidades. O nosso modelo de neg\u00f3cio de dupla face \u00e9 a base do nosso sucesso, tanto nos relacionamentos como nos neg\u00f3cios... <a class=\"more-link\" href=\"https:\/\/eu-people.com\/pt\/mission-vision\/\">Continuar a ler <span class=\"screen-reader-text\">Miss\u00e3o e vis\u00e3o<\/span><\/a><\/p>","protected":false},"author":1,"featured_media":0,"parent":0,"menu_order":0,"comment_status":"closed","ping_status":"closed","template":"","meta":{"footnotes":""},"class_list":["post-28514","page","type-page","status-publish","hentry","entry"],"yoast_head":"<!-- This site is optimized with the Yoast SEO Premium plugin v25.3.1 (Yoast SEO v25.3.1) - https:\/\/yoast.com\/wordpress\/plugins\/seo\/ -->\n<title>Mission &amp; vision - EU-People | Profs for Profs<\/title>\n<meta name=\"description\" content=\"Mission &amp; vision - EU-People | Profs for Profs %\" \/>\n<meta name=\"robots\" content=\"index, follow, max-snippet:-1, max-image-preview:large, max-video-preview:-1\" \/>\n<link rel=\"canonical\" href=\"https:\/\/eu-people.com\/pt\/mission-vision\/\" \/>\n<meta property=\"og:locale\" content=\"pt_PT\" \/>\n<meta property=\"og:type\" content=\"article\" \/>\n<meta property=\"og:title\" content=\"Mission &amp; vision\" \/>\n<meta property=\"og:description\" content=\"Mission &amp; vision - EU-People | Profs for Profs %\" \/>\n<meta property=\"og:url\" content=\"https:\/\/eu-people.com\/pt\/mission-vision\/\" \/>\n<meta property=\"og:site_name\" content=\"EU-People | Profs for Profs\" \/>\n<meta property=\"article:publisher\" content=\"https:\/\/www.facebook.com\/EUpeopleHQ\/\" \/>\n<meta property=\"article:modified_time\" content=\"2025-04-10T14:39:18+00:00\" \/>\n<meta property=\"og:image\" content=\"https:\/\/eu-people.com\/wp-content\/uploads\/2025\/04\/Fotowand-op-formaat-e1680543761950-1.png\" \/>\n<meta name=\"twitter:card\" content=\"summary_large_image\" \/>\n<meta name=\"twitter:label1\" content=\"Tempo estimado de leitura\" \/>\n\t<meta name=\"twitter:data1\" content=\"2 minutos\" \/>\n<script type=\"application\/ld+json\" class=\"yoast-schema-graph\">{\"@context\":\"https:\/\/schema.org\",\"@graph\":[{\"@type\":\"WebPage\",\"@id\":\"https:\/\/eu-people.com\/mission-vision\/\",\"url\":\"https:\/\/eu-people.com\/mission-vision\/\",\"name\":\"Mission &amp; vision - EU-People | Profs for Profs\",\"isPartOf\":{\"@id\":\"https:\/\/eu-people.com\/pl\/#website\"},\"primaryImageOfPage\":{\"@id\":\"https:\/\/eu-people.com\/mission-vision\/#primaryimage\"},\"image\":{\"@id\":\"https:\/\/eu-people.com\/mission-vision\/#primaryimage\"},\"thumbnailUrl\":\"https:\/\/eu-people.com\/wp-content\/uploads\/2025\/04\/Fotowand-op-formaat-e1680543761950-1.png\",\"datePublished\":\"2025-04-10T14:38:18+00:00\",\"dateModified\":\"2025-04-10T14:39:18+00:00\",\"description\":\"Mission &amp; vision - EU-People | Profs for Profs %\",\"breadcrumb\":{\"@id\":\"https:\/\/eu-people.com\/mission-vision\/#breadcrumb\"},\"inLanguage\":\"pt-PT\",\"potentialAction\":[{\"@type\":\"ReadAction\",\"target\":[\"https:\/\/eu-people.com\/mission-vision\/\"]}]},{\"@type\":\"ImageObject\",\"inLanguage\":\"pt-PT\",\"@id\":\"https:\/\/eu-people.com\/mission-vision\/#primaryimage\",\"url\":\"https:\/\/eu-people.com\/wp-content\/uploads\/2025\/04\/Fotowand-op-formaat-e1680543761950-1.png\",\"contentUrl\":\"https:\/\/eu-people.com\/wp-content\/uploads\/2025\/04\/Fotowand-op-formaat-e1680543761950-1.png\"},{\"@type\":\"BreadcrumbList\",\"@id\":\"https:\/\/eu-people.com\/mission-vision\/#breadcrumb\",\"itemListElement\":[{\"@type\":\"ListItem\",\"position\":1,\"name\":\"Home\",\"item\":\"https:\/\/eu-people.com\/\"},{\"@type\":\"ListItem\",\"position\":2,\"name\":\"Mission &amp; vision\"}]},{\"@type\":\"WebSite\",\"@id\":\"https:\/\/eu-people.com\/pl\/#website\",\"url\":\"https:\/\/eu-people.com\/pl\/\",\"name\":\"EU-People | Profs for Profs\",\"description\":\"\",\"publisher\":{\"@id\":\"https:\/\/eu-people.com\/pl\/#organization\"},\"potentialAction\":[{\"@type\":\"SearchAction\",\"target\":{\"@type\":\"EntryPoint\",\"urlTemplate\":\"https:\/\/eu-people.com\/pl\/?s={search_term_string}\"},\"query-input\":{\"@type\":\"PropertyValueSpecification\",\"valueRequired\":true,\"valueName\":\"search_term_string\"}}],\"inLanguage\":\"pt-PT\"},{\"@type\":\"Organization\",\"@id\":\"https:\/\/eu-people.com\/pl\/#organization\",\"name\":\"EU-People | Profs for Profs\",\"url\":\"https:\/\/eu-people.com\/pl\/\",\"logo\":{\"@type\":\"ImageObject\",\"inLanguage\":\"pt-PT\",\"@id\":\"https:\/\/eu-people.com\/pl\/#\/schema\/logo\/image\/\",\"url\":\"https:\/\/eu-people.com\/wp-content\/uploads\/2022\/01\/logo-alt.svg\",\"contentUrl\":\"https:\/\/eu-people.com\/wp-content\/uploads\/2022\/01\/logo-alt.svg\",\"width\":956,\"height\":354,\"caption\":\"EU-People | Profs for Profs\"},\"image\":{\"@id\":\"https:\/\/eu-people.com\/pl\/#\/schema\/logo\/image\/\"},\"sameAs\":[\"https:\/\/www.facebook.com\/EUpeopleHQ\/\",\"https:\/\/www.instagram.com\/eupeople_jobs\/\",\"https:\/\/www.linkedin.com\/company\/eu-people-b.v.\/\"]}]}<\/script>\n<!-- \/ Yoast SEO Premium plugin. -->","yoast_head_json":{"title":"Mission &amp; vision - EU-People | Profs for Profs","description":"Mission &amp; vision - EU-People | Profs for Profs %","robots":{"index":"index","follow":"follow","max-snippet":"max-snippet:-1","max-image-preview":"max-image-preview:large","max-video-preview":"max-video-preview:-1"},"canonical":"https:\/\/eu-people.com\/pt\/mission-vision\/","og_locale":"pt_PT","og_type":"article","og_title":"Mission &amp; vision","og_description":"Mission &amp; vision - EU-People | Profs for Profs %","og_url":"https:\/\/eu-people.com\/pt\/mission-vision\/","og_site_name":"EU-People | Profs for Profs","article_publisher":"https:\/\/www.facebook.com\/EUpeopleHQ\/","article_modified_time":"2025-04-10T14:39:18+00:00","og_image":[{"url":"https:\/\/eu-people.com\/wp-content\/uploads\/2025\/04\/Fotowand-op-formaat-e1680543761950-1.png","type":"","width":"","height":""}],"twitter_card":"summary_large_image","twitter_misc":{"Tempo estimado de leitura":"2 minutos"},"schema":{"@context":"https:\/\/schema.org","@graph":[{"@type":"WebPage","@id":"https:\/\/eu-people.com\/mission-vision\/","url":"https:\/\/eu-people.com\/mission-vision\/","name":"Mission &amp; vision - EU-People | Profs for Profs","isPartOf":{"@id":"https:\/\/eu-people.com\/pl\/#website"},"primaryImageOfPage":{"@id":"https:\/\/eu-people.com\/mission-vision\/#primaryimage"},"image":{"@id":"https:\/\/eu-people.com\/mission-vision\/#primaryimage"},"thumbnailUrl":"https:\/\/eu-people.com\/wp-content\/uploads\/2025\/04\/Fotowand-op-formaat-e1680543761950-1.png","datePublished":"2025-04-10T14:38:18+00:00","dateModified":"2025-04-10T14:39:18+00:00","description":"Mission &amp; vision - EU-People | Profs for Profs %","breadcrumb":{"@id":"https:\/\/eu-people.com\/mission-vision\/#breadcrumb"},"inLanguage":"pt-PT","potentialAction":[{"@type":"ReadAction","target":["https:\/\/eu-people.com\/mission-vision\/"]}]},{"@type":"ImageObject","inLanguage":"pt-PT","@id":"https:\/\/eu-people.com\/mission-vision\/#primaryimage","url":"https:\/\/eu-people.com\/wp-content\/uploads\/2025\/04\/Fotowand-op-formaat-e1680543761950-1.png","contentUrl":"https:\/\/eu-people.com\/wp-content\/uploads\/2025\/04\/Fotowand-op-formaat-e1680543761950-1.png"},{"@type":"BreadcrumbList","@id":"https:\/\/eu-people.com\/mission-vision\/#breadcrumb","itemListElement":[{"@type":"ListItem","position":1,"name":"Home","item":"https:\/\/eu-people.com\/"},{"@type":"ListItem","position":2,"name":"Mission &amp; vision"}]},{"@type":"WebSite","@id":"https:\/\/eu-people.com\/pl\/#website","url":"https:\/\/eu-people.com\/pl\/","name":"EU-People | Profs for Profs","description":"","publisher":{"@id":"https:\/\/eu-people.com\/pl\/#organization"},"potentialAction":[{"@type":"SearchAction","target":{"@type":"EntryPoint","urlTemplate":"https:\/\/eu-people.com\/pl\/?s={search_term_string}"},"query-input":{"@type":"PropertyValueSpecification","valueRequired":true,"valueName":"search_term_string"}}],"inLanguage":"pt-PT"},{"@type":"Organization","@id":"https:\/\/eu-people.com\/pl\/#organization","name":"EU-People | Profs for Profs","url":"https:\/\/eu-people.com\/pl\/","logo":{"@type":"ImageObject","inLanguage":"pt-PT","@id":"https:\/\/eu-people.com\/pl\/#\/schema\/logo\/image\/","url":"https:\/\/eu-people.com\/wp-content\/uploads\/2022\/01\/logo-alt.svg","contentUrl":"https:\/\/eu-people.com\/wp-content\/uploads\/2022\/01\/logo-alt.svg","width":956,"height":354,"caption":"EU-People | Profs for Profs"},"image":{"@id":"https:\/\/eu-people.com\/pl\/#\/schema\/logo\/image\/"},"sameAs":["https:\/\/www.facebook.com\/EUpeopleHQ\/","https:\/\/www.instagram.com\/eupeople_jobs\/","https:\/\/www.linkedin.com\/company\/eu-people-b.v.\/"]}]}},"_links":{"self":[{"href":"https:\/\/eu-people.com\/pt\/wp-json\/wp\/v2\/pages\/28514","targetHints":{"allow":["GET"]}}],"collection":[{"href":"https:\/\/eu-people.com\/pt\/wp-json\/wp\/v2\/pages"}],"about":[{"href":"https:\/\/eu-people.com\/pt\/wp-json\/wp\/v2\/types\/page"}],"author":[{"embeddable":true,"href":"https:\/\/eu-people.com\/pt\/wp-json\/wp\/v2\/users\/1"}],"replies":[{"embeddable":true,"href":"https:\/\/eu-people.com\/pt\/wp-json\/wp\/v2\/comments?post=28514"}],"version-history":[{"count":4,"href":"https:\/\/eu-people.com\/pt\/wp-json\/wp\/v2\/pages\/28514\/revisions"}],"predecessor-version":[{"id":28522,"href":"https:\/\/eu-people.com\/pt\/wp-json\/wp\/v2\/pages\/28514\/revisions\/28522"}],"wp:attachment":[{"href":"https:\/\/eu-people.com\/pt\/wp-json\/wp\/v2\/media?parent=28514"}],"curies":[{"name":"wp","href":"https:\/\/api.w.org\/{rel}","templated":true}]}}