{"id":28523,"date":"2025-04-10T15:40:19","date_gmt":"2025-04-10T14:40:19","guid":{"rendered":"https:\/\/eu-people.com\/?page_id=28523"},"modified":"2025-10-13T10:37:52","modified_gmt":"2025-10-13T09:37:52","slug":"formula-for-success","status":"publish","type":"page","link":"https:\/\/eu-people.com\/pt\/formula-for-success\/","title":{"rendered":"F\u00f3rmula para o sucesso"},"content":{"rendered":"<div data-elementor-type=\"wp-page\" data-elementor-id=\"28523\" class=\"elementor elementor-28523\" data-elementor-post-type=\"page\">\n\t\t\t\t<div class=\"elementor-element elementor-element-5ea9d36 e-flex e-con-boxed e-con e-parent\" data-id=\"5ea9d36\" data-element_type=\"container\">\n\t\t\t\t\t<div class=\"e-con-inner\">\n\t\t<div class=\"elementor-element elementor-element-e241f27 e-con-full e-flex e-con e-child\" data-id=\"e241f27\" data-element_type=\"container\">\n\t\t<div class=\"elementor-element elementor-element-73d1559 e-con-full e-flex e-con e-child\" data-id=\"73d1559\" data-element_type=\"container\" data-settings=\"{&quot;background_background&quot;:&quot;classic&quot;}\">\n\t\t\t\t<div class=\"elementor-element elementor-element-82b9d42 elementor-widget elementor-widget-heading\" data-id=\"82b9d42\" data-element_type=\"widget\" data-widget_type=\"heading.default\">\n\t\t\t\t<div class=\"elementor-widget-container\">\n\t\t\t\t\t<h2 class=\"elementor-heading-title elementor-size-default\">Como \u00e9 que ele funciona?<\/h2>\t\t\t\t<\/div>\n\t\t\t\t<\/div>\n\t\t\t\t<div class=\"elementor-element elementor-element-54c7594 elementor-widget elementor-widget-text-editor\" data-id=\"54c7594\" data-element_type=\"widget\" data-widget_type=\"text-editor.default\">\n\t\t\t\t<div class=\"elementor-widget-container\">\n\t\t\t\t\t\t\t\t\t<p>Assim \u00e9 que \u00e9! Os nossos guarda-chuvas s\u00e3o <strong>sa\u00fade p\u00fablica<\/strong>, <strong>servicegerichtheid<\/strong>, <strong>inova\u00e7\u00e3o<\/strong>, <strong>flexibiliza\u00e7\u00e3o<\/strong>, <strong>duurzaamheid maar ook<\/strong>\u00a0<strong>bom alojamento<\/strong> en <strong>transporte de ve\u00edculos<\/strong>. A nossa empresa est\u00e1 sempre atenta a estas quest\u00f5es e d\u00e1-nos um feedback ativo sobre o seu nome para garantir a sua seguran\u00e7a. Atrav\u00e9s do EU-People perdemos o direito de utilizar o ECHT. Trabalhamos em conjunto com especialistas que, em conjunto connosco, desenvolvem as melhores solu\u00e7\u00f5es para a nossa organiza\u00e7\u00e3o e, assim, aumentam o nosso sucesso e a nossa vit\u00f3ria!<\/p><p>Somos especialistas em log\u00edstica e produ\u00e7\u00e3o e estamos empenhados na gest\u00e3o e no controlo efetivo dos processos operacionais nestes sectores. N\u00f3s, as nossas equipas, temos uma grande experi\u00eancia, estamos comprometidos com os nossos clientes e trabalhamos ativamente em v\u00e1rias revistas, centros de distribui\u00e7\u00e3o e empresas de produ\u00e7\u00e3o - com nome na Zuid-Nederland.  Os nossos trabalhadores e recrutadores de cidad\u00e3os da UE procuram uma boa adapta\u00e7\u00e3o \u00e0 cultura empresarial dos nossos clientes.<\/p><p>Os nossos t\u00e9cnicos e gestores de emprego contactam regularmente e de forma constante os candidatos e d\u00e3o a conhecer as suas necessidades no local de trabalho. O sistema de gest\u00e3o de oportunidades permite uma melhor informa\u00e7\u00e3o para os recrutadores, resultando numa melhor correspond\u00eancia futura.<\/p><p>As rela\u00e7\u00f5es est\u00e1veis entre os cantos come\u00e7am com os utilizadores de m\u00e1quinas de lavar roupa. Os nossos clientes flex\u00edveis garantem um bom alojamento, uma estadia confort\u00e1vel, uma aposta no tempo e uma aposta no trabalho correto. Al\u00e9m disso, a nossa simp\u00e1tica equipa de administra\u00e7\u00e3o d\u00e1-nos uma ajuda constante no que se refere \u00e0 obten\u00e7\u00e3o de licen\u00e7as, acordos de alojamento, pedidos de indemniza\u00e7\u00e3o e muito mais.<\/p>\t\t\t\t\t\t\t\t<\/div>\n\t\t\t\t<\/div>\n\t\t\t\t<div class=\"elementor-element elementor-element-362347c elementor-align-center elementor-widget elementor-widget-button\" data-id=\"362347c\" data-element_type=\"widget\" data-widget_type=\"button.default\">\n\t\t\t\t<div class=\"elementor-widget-container\">\n\t\t\t\t\t\t\t\t\t<div class=\"elementor-button-wrapper\">\n\t\t\t\t\t<a class=\"elementor-button elementor-button-link elementor-size-sm\" href=\"#contact\">\n\t\t\t\t\t\t<span class=\"elementor-button-content-wrapper\">\n\t\t\t\t\t\t<span class=\"elementor-button-icon\">\n\t\t\t\t<i aria-hidden=\"true\" class=\"fas fa-chevron-right\"><\/i>\t\t\t<\/span>\n\t\t\t\t\t\t\t\t\t<span class=\"elementor-button-text\">Samen aan de slag!<\/span>\n\t\t\t\t\t<\/span>\n\t\t\t\t\t<\/a>\n\t\t\t\t<\/div>\n\t\t\t\t\t\t\t\t<\/div>\n\t\t\t\t<\/div>\n\t\t\t\t<\/div>\n\t\t\t\t<\/div>\n\t\t\t\t\t<\/div>\n\t\t\t\t<\/div>\n\t\t<div class=\"elementor-element elementor-element-bd27551 e-flex e-con-boxed e-con e-parent\" data-id=\"bd27551\" data-element_type=\"container\">\n\t\t\t\t\t<div class=\"e-con-inner\">\n\t\t<div class=\"elementor-element elementor-element-a1a58d6 e-con-full e-flex e-con e-child\" data-id=\"a1a58d6\" data-element_type=\"container\">\n\t\t\t\t<div class=\"elementor-element elementor-element-8ba7452 elementor-widget__width-initial elementor-widget elementor-widget-image\" data-id=\"8ba7452\" data-element_type=\"widget\" data-widget_type=\"image.default\">\n\t\t\t\t<div class=\"elementor-widget-container\">\n\t\t\t\t\t\t\t\t\t\t\t\t\t\t\t<img decoding=\"async\" src=\"https:\/\/eu-people.com\/wp-content\/uploads\/2025\/04\/Dutch-labor-contract.png\" title=\"Contrato de trabalho holand\u00eas.png\" alt=\"Dutch-labor-contract.png\" loading=\"lazy\" \/>\t\t\t\t\t\t\t\t\t\t\t\t\t\t\t<\/div>\n\t\t\t\t<\/div>\n\t\t<div class=\"elementor-element elementor-element-abd1b70 e-con-full e-flex e-con e-child\" data-id=\"abd1b70\" data-element_type=\"container\" data-settings=\"{&quot;background_background&quot;:&quot;classic&quot;}\">\n\t\t\t\t<div class=\"elementor-element elementor-element-69ed229 elementor-widget elementor-widget-heading\" data-id=\"69ed229\" data-element_type=\"widget\" data-widget_type=\"heading.default\">\n\t\t\t\t<div class=\"elementor-widget-container\">\n\t\t\t\t\t<h2 class=\"elementor-heading-title elementor-size-default\">G-rekening<\/h2>\t\t\t\t<\/div>\n\t\t\t\t<\/div>\n\t\t\t\t<div class=\"elementor-element elementor-element-57fd9f2 elementor-widget elementor-widget-text-editor\" data-id=\"57fd9f2\" data-element_type=\"widget\" data-widget_type=\"text-editor.default\">\n\t\t\t\t<div class=\"elementor-widget-container\">\n\t\t\t\t\t\t\t\t\t<p>O EU-People permite-nos tirar partido de uma <a href=\"https:\/\/www.belastingdienst.nl\/wps\/wcm\/connect\/bldcontentnl\/belastingdienst\/zakelijk\/internationaal \/personeel\/u_bent_niet_in_nederland_gevestigd_loonheffingen_inhouden\/wanneer_moet_u_loonheffi ngen_inhouden1\/u_bent_inhoudingsplichtig1\/u_zendt_of_leent_personeel_uit_of_u_detacheert_perso neel_in_nederland\/g-rekening\" target=\"_blank\" rel=\"noopener nofollow\">Geblokkeerde rekening (G-rekening)<\/a> para o envio de ficheiros de pilhagem e\/ou de BTW para o Belastingdienst. A utiliza\u00e7\u00e3o da ficha G minimiza o risco de os clientes do Belastingdienst entrarem em contacto com o <a href=\"http:\/\/www.belastingdienst.nl\/wps\/wcm\/connect\/bldcontentnl\/belastingdienst\/zakelijk\/aangifte_betalen_en_toezicht\/aansprakelijkheid\/ketenaansprakelijkheid\/ketenaansprakelijkheid\" target=\"_blank\" rel=\"noopener nofollow\">WKA (Wet Keten Aansprakelijkheid)<\/a> kan belasten voor niet-afgedragen sociale lasten en BTW. Op onze facturen wordt een bedrag ter waarde van 29% van de factuurwaarde ex. BTW apart aangegeven - te betalen op onze G-rekening. Dit bedrag is voldoende om onze klanten voor potenti\u00eble negatieve consequenties te vrijwaren.<\/p>\t\t\t\t\t\t\t\t<\/div>\n\t\t\t\t<\/div>\n\t\t\t\t<\/div>\n\t\t\t\t<\/div>\n\t\t\t\t\t<\/div>\n\t\t\t\t<\/div>\n\t\t\t\t<\/div>","protected":false},"excerpt":{"rendered":"<p>Zo werkt het Zo werkt het! Os nossos servi\u00e7os s\u00e3o de qualidade, servi\u00e7o, inova\u00e7\u00e3o, flexibilidade, seguran\u00e7a, bem como um bom servi\u00e7o de alojamento e transporte seguro. A nossa empresa est\u00e1 sempre atenta a estas quest\u00f5es e procura obter feedback ativo sobre o seu nome para garantir a sua efic\u00e1cia. Atrav\u00e9s do EU-People perdemos o direito de utilizar o ECHT. U werkt samen met specialisten... <a class=\"more-link\" href=\"https:\/\/eu-people.com\/pt\/formula-for-success\/\">Continuar a ler <span class=\"screen-reader-text\">F\u00f3rmula para o sucesso<\/span><\/a><\/p>","protected":false},"author":1,"featured_media":0,"parent":0,"menu_order":0,"comment_status":"closed","ping_status":"closed","template":"","meta":{"footnotes":""},"class_list":["post-28523","page","type-page","status-publish","hentry","entry"],"yoast_head":"<!-- This site is optimized with the Yoast SEO Premium plugin v25.3.1 (Yoast SEO v25.3.1) - https:\/\/yoast.com\/wordpress\/plugins\/seo\/ -->\n<title>Formula for success - EU-People | Profs for Profs<\/title>\n<meta name=\"description\" content=\"Formula for success - EU-People | Profs for Profs %\" \/>\n<meta name=\"robots\" content=\"index, follow, max-snippet:-1, max-image-preview:large, max-video-preview:-1\" \/>\n<link rel=\"canonical\" href=\"https:\/\/eu-people.com\/pt\/formula-for-success\/\" \/>\n<meta property=\"og:locale\" content=\"pt_PT\" \/>\n<meta property=\"og:type\" content=\"article\" \/>\n<meta property=\"og:title\" content=\"Formula for success\" \/>\n<meta property=\"og:description\" content=\"Formula for success - EU-People | Profs for Profs %\" \/>\n<meta property=\"og:url\" content=\"https:\/\/eu-people.com\/pt\/formula-for-success\/\" \/>\n<meta property=\"og:site_name\" content=\"EU-People | Profs for Profs\" \/>\n<meta property=\"article:publisher\" content=\"https:\/\/www.facebook.com\/EUpeopleHQ\/\" \/>\n<meta property=\"article:modified_time\" content=\"2025-10-13T09:37:52+00:00\" \/>\n<meta property=\"og:image\" content=\"https:\/\/eu-people.com\/wp-content\/uploads\/2025\/04\/Dutch-labor-contract.png\" \/>\n<meta name=\"twitter:card\" content=\"summary_large_image\" \/>\n<meta name=\"twitter:label1\" content=\"Tempo estimado de leitura\" \/>\n\t<meta name=\"twitter:data1\" content=\"2 minutos\" \/>\n<script type=\"application\/ld+json\" class=\"yoast-schema-graph\">{\"@context\":\"https:\/\/schema.org\",\"@graph\":[{\"@type\":\"WebPage\",\"@id\":\"https:\/\/eu-people.com\/formula-for-success\/\",\"url\":\"https:\/\/eu-people.com\/formula-for-success\/\",\"name\":\"Formula for success - EU-People | Profs for Profs\",\"isPartOf\":{\"@id\":\"https:\/\/eu-people.com\/pl\/#website\"},\"primaryImageOfPage\":{\"@id\":\"https:\/\/eu-people.com\/formula-for-success\/#primaryimage\"},\"image\":{\"@id\":\"https:\/\/eu-people.com\/formula-for-success\/#primaryimage\"},\"thumbnailUrl\":\"https:\/\/eu-people.com\/wp-content\/uploads\/2025\/04\/Dutch-labor-contract.png\",\"datePublished\":\"2025-04-10T14:40:19+00:00\",\"dateModified\":\"2025-10-13T09:37:52+00:00\",\"description\":\"Formula for success - EU-People | Profs for Profs %\",\"breadcrumb\":{\"@id\":\"https:\/\/eu-people.com\/formula-for-success\/#breadcrumb\"},\"inLanguage\":\"pt-PT\",\"potentialAction\":[{\"@type\":\"ReadAction\",\"target\":[\"https:\/\/eu-people.com\/formula-for-success\/\"]}]},{\"@type\":\"ImageObject\",\"inLanguage\":\"pt-PT\",\"@id\":\"https:\/\/eu-people.com\/formula-for-success\/#primaryimage\",\"url\":\"https:\/\/eu-people.com\/wp-content\/uploads\/2025\/04\/Dutch-labor-contract.png\",\"contentUrl\":\"https:\/\/eu-people.com\/wp-content\/uploads\/2025\/04\/Dutch-labor-contract.png\"},{\"@type\":\"BreadcrumbList\",\"@id\":\"https:\/\/eu-people.com\/formula-for-success\/#breadcrumb\",\"itemListElement\":[{\"@type\":\"ListItem\",\"position\":1,\"name\":\"Home\",\"item\":\"https:\/\/eu-people.com\/\"},{\"@type\":\"ListItem\",\"position\":2,\"name\":\"Formula for success\"}]},{\"@type\":\"WebSite\",\"@id\":\"https:\/\/eu-people.com\/pl\/#website\",\"url\":\"https:\/\/eu-people.com\/pl\/\",\"name\":\"EU-People | Profs for Profs\",\"description\":\"\",\"publisher\":{\"@id\":\"https:\/\/eu-people.com\/pl\/#organization\"},\"potentialAction\":[{\"@type\":\"SearchAction\",\"target\":{\"@type\":\"EntryPoint\",\"urlTemplate\":\"https:\/\/eu-people.com\/pl\/?s={search_term_string}\"},\"query-input\":{\"@type\":\"PropertyValueSpecification\",\"valueRequired\":true,\"valueName\":\"search_term_string\"}}],\"inLanguage\":\"pt-PT\"},{\"@type\":\"Organization\",\"@id\":\"https:\/\/eu-people.com\/pl\/#organization\",\"name\":\"EU-People | Profs for Profs\",\"url\":\"https:\/\/eu-people.com\/pl\/\",\"logo\":{\"@type\":\"ImageObject\",\"inLanguage\":\"pt-PT\",\"@id\":\"https:\/\/eu-people.com\/pl\/#\/schema\/logo\/image\/\",\"url\":\"https:\/\/eu-people.com\/wp-content\/uploads\/2022\/01\/logo-alt.svg\",\"contentUrl\":\"https:\/\/eu-people.com\/wp-content\/uploads\/2022\/01\/logo-alt.svg\",\"width\":956,\"height\":354,\"caption\":\"EU-People | Profs for Profs\"},\"image\":{\"@id\":\"https:\/\/eu-people.com\/pl\/#\/schema\/logo\/image\/\"},\"sameAs\":[\"https:\/\/www.facebook.com\/EUpeopleHQ\/\",\"https:\/\/www.instagram.com\/eupeople_jobs\/\",\"https:\/\/www.linkedin.com\/company\/eu-people-b.v.\/\"]}]}<\/script>\n<!-- \/ Yoast SEO Premium plugin. -->","yoast_head_json":{"title":"Formula for success - EU-People | Profs for Profs","description":"Formula for success - EU-People | Profs for Profs %","robots":{"index":"index","follow":"follow","max-snippet":"max-snippet:-1","max-image-preview":"max-image-preview:large","max-video-preview":"max-video-preview:-1"},"canonical":"https:\/\/eu-people.com\/pt\/formula-for-success\/","og_locale":"pt_PT","og_type":"article","og_title":"Formula for success","og_description":"Formula for success - EU-People | Profs for Profs %","og_url":"https:\/\/eu-people.com\/pt\/formula-for-success\/","og_site_name":"EU-People | Profs for Profs","article_publisher":"https:\/\/www.facebook.com\/EUpeopleHQ\/","article_modified_time":"2025-10-13T09:37:52+00:00","og_image":[{"url":"https:\/\/eu-people.com\/wp-content\/uploads\/2025\/04\/Dutch-labor-contract.png","type":"","width":"","height":""}],"twitter_card":"summary_large_image","twitter_misc":{"Tempo estimado de leitura":"2 minutos"},"schema":{"@context":"https:\/\/schema.org","@graph":[{"@type":"WebPage","@id":"https:\/\/eu-people.com\/formula-for-success\/","url":"https:\/\/eu-people.com\/formula-for-success\/","name":"Formula for success - EU-People | Profs for Profs","isPartOf":{"@id":"https:\/\/eu-people.com\/pl\/#website"},"primaryImageOfPage":{"@id":"https:\/\/eu-people.com\/formula-for-success\/#primaryimage"},"image":{"@id":"https:\/\/eu-people.com\/formula-for-success\/#primaryimage"},"thumbnailUrl":"https:\/\/eu-people.com\/wp-content\/uploads\/2025\/04\/Dutch-labor-contract.png","datePublished":"2025-04-10T14:40:19+00:00","dateModified":"2025-10-13T09:37:52+00:00","description":"Formula for success - EU-People | Profs for Profs %","breadcrumb":{"@id":"https:\/\/eu-people.com\/formula-for-success\/#breadcrumb"},"inLanguage":"pt-PT","potentialAction":[{"@type":"ReadAction","target":["https:\/\/eu-people.com\/formula-for-success\/"]}]},{"@type":"ImageObject","inLanguage":"pt-PT","@id":"https:\/\/eu-people.com\/formula-for-success\/#primaryimage","url":"https:\/\/eu-people.com\/wp-content\/uploads\/2025\/04\/Dutch-labor-contract.png","contentUrl":"https:\/\/eu-people.com\/wp-content\/uploads\/2025\/04\/Dutch-labor-contract.png"},{"@type":"BreadcrumbList","@id":"https:\/\/eu-people.com\/formula-for-success\/#breadcrumb","itemListElement":[{"@type":"ListItem","position":1,"name":"Home","item":"https:\/\/eu-people.com\/"},{"@type":"ListItem","position":2,"name":"Formula for success"}]},{"@type":"WebSite","@id":"https:\/\/eu-people.com\/pl\/#website","url":"https:\/\/eu-people.com\/pl\/","name":"EU-People | Profs for Profs","description":"","publisher":{"@id":"https:\/\/eu-people.com\/pl\/#organization"},"potentialAction":[{"@type":"SearchAction","target":{"@type":"EntryPoint","urlTemplate":"https:\/\/eu-people.com\/pl\/?s={search_term_string}"},"query-input":{"@type":"PropertyValueSpecification","valueRequired":true,"valueName":"search_term_string"}}],"inLanguage":"pt-PT"},{"@type":"Organization","@id":"https:\/\/eu-people.com\/pl\/#organization","name":"EU-People | Profs for Profs","url":"https:\/\/eu-people.com\/pl\/","logo":{"@type":"ImageObject","inLanguage":"pt-PT","@id":"https:\/\/eu-people.com\/pl\/#\/schema\/logo\/image\/","url":"https:\/\/eu-people.com\/wp-content\/uploads\/2022\/01\/logo-alt.svg","contentUrl":"https:\/\/eu-people.com\/wp-content\/uploads\/2022\/01\/logo-alt.svg","width":956,"height":354,"caption":"EU-People | Profs for Profs"},"image":{"@id":"https:\/\/eu-people.com\/pl\/#\/schema\/logo\/image\/"},"sameAs":["https:\/\/www.facebook.com\/EUpeopleHQ\/","https:\/\/www.instagram.com\/eupeople_jobs\/","https:\/\/www.linkedin.com\/company\/eu-people-b.v.\/"]}]}},"_links":{"self":[{"href":"https:\/\/eu-people.com\/pt\/wp-json\/wp\/v2\/pages\/28523","targetHints":{"allow":["GET"]}}],"collection":[{"href":"https:\/\/eu-people.com\/pt\/wp-json\/wp\/v2\/pages"}],"about":[{"href":"https:\/\/eu-people.com\/pt\/wp-json\/wp\/v2\/types\/page"}],"author":[{"embeddable":true,"href":"https:\/\/eu-people.com\/pt\/wp-json\/wp\/v2\/users\/1"}],"replies":[{"embeddable":true,"href":"https:\/\/eu-people.com\/pt\/wp-json\/wp\/v2\/comments?post=28523"}],"version-history":[{"count":13,"href":"https:\/\/eu-people.com\/pt\/wp-json\/wp\/v2\/pages\/28523\/revisions"}],"predecessor-version":[{"id":28795,"href":"https:\/\/eu-people.com\/pt\/wp-json\/wp\/v2\/pages\/28523\/revisions\/28795"}],"wp:attachment":[{"href":"https:\/\/eu-people.com\/pt\/wp-json\/wp\/v2\/media?parent=28523"}],"curies":[{"name":"wp","href":"https:\/\/api.w.org\/{rel}","templated":true}]}}