{"id":3392,"date":"2022-03-22T09:58:54","date_gmt":"2022-03-22T08:58:54","guid":{"rendered":"https:\/\/eu-people.com\/?page_id=3392"},"modified":"2024-02-05T17:16:57","modified_gmt":"2024-02-05T16:16:57","slug":"privacy-policy","status":"publish","type":"page","link":"https:\/\/eu-people.com\/pt\/privacy-policy\/","title":{"rendered":"Pol\u00edtica de privacidade"},"content":{"rendered":"<div data-elementor-type=\"wp-page\" data-elementor-id=\"3392\" class=\"elementor elementor-3392\" data-elementor-post-type=\"page\">\n\t\t\t\t\t\t<section class=\"elementor-section elementor-top-section elementor-element elementor-element-6ee6bfc elementor-section-boxed elementor-section-height-default elementor-section-height-default\" data-id=\"6ee6bfc\" data-element_type=\"section\">\n\t\t\t\t\t\t<div class=\"elementor-container elementor-column-gap-default\">\n\t\t\t\t\t<div class=\"elementor-column elementor-col-100 elementor-top-column elementor-element elementor-element-390dd764\" data-id=\"390dd764\" data-element_type=\"column\">\n\t\t\t<div class=\"elementor-widget-wrap elementor-element-populated\">\n\t\t\t\t\t\t<div class=\"elementor-element elementor-element-71079db8 elementor-widget elementor-widget-text-editor\" data-id=\"71079db8\" data-element_type=\"widget\" data-widget_type=\"text-editor.default\">\n\t\t\t\t<div class=\"elementor-widget-container\">\n\t\t\t\t\t\t\t\t\t<h1>Pol\u00edtica de privacidade<\/h1><h4>\u00a0<\/h4><h4>\u00a0<\/h4><h4>Quem somos<\/h4><p>O endere\u00e7o do nosso s\u00edtio Web \u00e9: https:\/\/eu-people.com. Pode contactar-nos atrav\u00e9s de info@eu-people.com para quest\u00f5es de privacidade. Na EU-People BV respeitamos os nossos trabalhadores tempor\u00e1rios, clientes e colegas e a sua privacidade. No contexto do nosso compromisso com a qualidade e a integridade, a prote\u00e7\u00e3o e a seguran\u00e7a dos dados s\u00e3o uma das nossas maiores prioridades. A nossa organiza\u00e7\u00e3o profissional tem como objetivo proporcionar o m\u00e1ximo de transpar\u00eancia poss\u00edvel sobre o que fazemos com os dados pessoais e porque o fazemos.Se nos fornecer dados pessoais, ent\u00e3o a EU-People BV ser\u00e1 considerada respons\u00e1vel na ace\u00e7\u00e3o da AVG relativamente aos dados pessoais. A EU-People BV tem sede na Esp 244, 5633 AC Eindhoven e est\u00e1 registada na C\u00e2mara de Com\u00e9rcio com o n\u00famero 17198890.<\/p><h4>Coment\u00e1rios<\/h4><p>Quando os visitantes deixam coment\u00e1rios no s\u00edtio, recolhemos os dados apresentados no formul\u00e1rio de coment\u00e1rios, bem como o endere\u00e7o IP do visitante e a cadeia de agentes do utilizador do navegador para ajudar a detetar spam.<\/p><p>Uma cadeia an\u00f3nima criada a partir do seu endere\u00e7o de e-mail (tamb\u00e9m designada por hash) pode ser fornecida ao servi\u00e7o Gravatar para verificar se o utilizador o est\u00e1 a utilizar. A pol\u00edtica de privacidade do servi\u00e7o Gravatar est\u00e1 dispon\u00edvel aqui: https:\/\/automattic.com\/privacy\/. Ap\u00f3s a aprova\u00e7\u00e3o do seu coment\u00e1rio, a sua imagem de perfil fica vis\u00edvel para o p\u00fablico no contexto do seu coment\u00e1rio.<\/p><h4>Biscoitos<\/h4><p><span style=\"color: var( --e-global-color-text );\">A EU-People BV utiliza cookies no seu s\u00edtio Web. Os cookies s\u00e3o ficheiros de texto que s\u00e3o armazenados no seu computador ou dispositivos m\u00f3veis quando visita o s\u00edtio Web. Os cookies funcionais s\u00e3o colocados atrav\u00e9s do s\u00edtio Web da EU-People BV. S\u00e3o cookies que asseguram o bom funcionamento do s\u00edtio Web. Estes cookies s\u00e3o utilizados, por exemplo, para recordar as informa\u00e7\u00f5es que introduziu quando se registou como candidato a emprego, quando se candidatou a uma vaga ou quando se registou para receber uma newsletter.\u00a0<\/span><span style=\"color: var( --e-global-color-text );\">Se deixar um coment\u00e1rio no nosso site, pode optar por guardar o seu nome, endere\u00e7o de correio eletr\u00f3nico e s\u00edtio Web nos cookies. Estes cookies s\u00e3o para sua conveni\u00eancia, para que n\u00e3o tenha de preencher os seus dados novamente quando deixar outro coment\u00e1rio. Estes cookies ter\u00e3o a dura\u00e7\u00e3o de um ano.\u00a0<\/span><span style=\"color: var( --e-global-color-text );\">Os cookies funcionais tamb\u00e9m s\u00e3o utilizados para ler as defini\u00e7\u00f5es do seu navegador, para que o s\u00edtio Web seja apresentado no ecr\u00e3 da forma correta.Os bot\u00f5es das redes sociais no s\u00edtio Web cont\u00eam apenas liga\u00e7\u00f5es para as p\u00e1ginas das redes sociais relevantes. Nenhum dado pessoal ser\u00e1 processado pela EU-People BV atrav\u00e9s destes bot\u00f5es. Se clicar num bot\u00e3o de rede social, os seus dados pessoais ser\u00e3o processados pelo servi\u00e7o de rede social relevante.<\/span><\/p><h4>Conte\u00fado incorporado de outros s\u00edtios Web<\/h4><p>Os artigos deste s\u00edtio podem incluir conte\u00fados incorporados (por exemplo, v\u00eddeos, imagens, artigos, etc.). O conte\u00fado incorporado de outros s\u00edtios Web comporta-se exatamente da mesma forma como se o visitante tivesse visitado o outro s\u00edtio Web.<\/p><p>Estes s\u00edtios Web podem recolher dados sobre o utilizador, utilizar cookies, incorporar rastreio adicional de terceiros e monitorizar a sua intera\u00e7\u00e3o com esse conte\u00fado incorporado, incluindo o rastreio da sua intera\u00e7\u00e3o com o conte\u00fado incorporado se tiver uma conta e estiver ligado a esse s\u00edtio Web.<\/p><h4>Processamento de dados pessoais de registos e empregados<\/h4><p>Se solicitar informa\u00e7\u00f5es \u00e0 EU-People BV, pedir-lhe-emos informa\u00e7\u00f5es como o seu nome, n\u00famero de telefone ou endere\u00e7o de correio eletr\u00f3nico. As informa\u00e7\u00f5es sobre privacidade n\u00e3o lhe ser\u00e3o fornecidas por telefone.Se responder a uma vaga, a EU-People BV tamb\u00e9m pede informa\u00e7\u00f5es adicionais, tais como a sua data de nascimento, nacionalidade, sexo, dados da sua carta de condu\u00e7\u00e3o, o seu CV, as suas prefer\u00eancias de trabalho e a sua aptid\u00e3o funcional para desempenhar determinados tipos de trabalho.Para obter uma imagem completamente relevante dos candidatos, podemos consultar outras fontes, como a Internet. Partilharemos os resultados com o candidato para evitar que fiquemos com uma impress\u00e3o errada ou irrelevante a seu respeito.Tamb\u00e9m verificamos as refer\u00eancias dos candidatos, mas n\u00e3o antes de estes terem sido previamente informados (verbalmente) sobre este facto. Podemos tamb\u00e9m pedir informa\u00e7\u00f5es adicionais, solicitadas ou exigidas pelo contratante, tais como certificados ou um VOG.No momento em que come\u00e7ar a trabalhar para a EU-People BV, ou j\u00e1 trabalhar, ou tiver trabalhado, tamb\u00e9m processaremos dados pessoais necess\u00e1rios no contexto da administra\u00e7\u00e3o de pessoal e sal\u00e1rios, tais como BSN, dados sobre o seu documento de identidade, dados banc\u00e1rios, qualquer autoriza\u00e7\u00e3o de trabalho, horas trabalhadas e outros dados necess\u00e1rios.Estes dados podem ser transmitidos \u00e0 nossa empresa-irm\u00e3 EU-People Polska Sp. z o.o., aos nossos parceiros comerciais e subcontratantes (por exemplo, processadores de dados), que prestam servi\u00e7os em seu nome, e em todos os outros casos em que a EU-People BV possa ser obrigada a faz\u00ea-lo. Tamb\u00e9m podemos colocar o seu nome em listas de planeamento, entre outras coisas, para permitir que fa\u00e7a acordos sobre viagens (sustent\u00e1veis) em conjunto de e para o seu local de trabalho.\u00a0<span style=\"color: var( --e-global-color-text );\">Os nossos sistemas n\u00e3o utilizam a defini\u00e7\u00e3o de perfis\/decis\u00e3o totalmente automatizada.<\/span><\/p><h4>Tratamento de dados pessoais de rela\u00e7\u00f5es comerciais<\/h4><p>Os dados pessoais das rela\u00e7\u00f5es comerciais cont\u00eam detalhes de contacto de fornecedores, vendedores, funcion\u00e1rios de clientes, refer\u00eancias e qualquer outra ag\u00eancia com a qual mantemos uma rela\u00e7\u00e3o comercial. A EU-People BV processa estas informa\u00e7\u00f5es pessoais para fazer ofertas ou fornecer informa\u00e7\u00f5es sobre os servi\u00e7os e outras actividades e para manter uma rela\u00e7\u00e3o comercial ou para concluir e manter um acordo.Fornecemos, entre outras coisas, os seguintes dados pessoais das rela\u00e7\u00f5es comerciais: nomes, dados de contacto e fun\u00e7\u00f5es das pessoas de contacto. A EU-People BV pode transmitir os dados pessoais obtidos das suas rela\u00e7\u00f5es comerciais se tal for necess\u00e1rio para atingir os objectivos da rela\u00e7\u00e3o comercial ou em benef\u00edcio da media\u00e7\u00e3o. Estes dados podem ser transmitidos \u00e0 nossa empresa-irm\u00e3 EU-People Polska Sp. z o.o., a candidatos ou candidatas, parceiros comerciais e subcontratantes (por exemplo, processadores de dados), que prestam servi\u00e7os em seu nome, e em todos os outros casos em que a EU-People BV possa ser obrigada a faz\u00ea-lo.<\/p><h4>Objectivos<\/h4><p>A EU-People BV pode processar dados pessoais com o objetivo de:<\/p><p>- cumprir as obriga\u00e7\u00f5es legais, incluindo as obriga\u00e7\u00f5es fiscais, de seguran\u00e7a social e de reintegra\u00e7\u00e3o;<\/p><p>- responder a perguntas e coment\u00e1rios;<\/p><p>- poder contact\u00e1-lo para fins de marketing e para obter informa\u00e7\u00f5es sobre n\u00f3s;<\/p><p>- poder avaliar a sua aptid\u00e3o para a media\u00e7\u00e3o de um trabalho (tempor\u00e1rio) ou de uma miss\u00e3o;<\/p><p>- estabelecer e executar uma rela\u00e7\u00e3o de trabalho por conta de outrem ou de corretagem e as condi\u00e7\u00f5es de emprego associadas;<\/p><p>- gerir e manter a administra\u00e7\u00e3o do pessoal e da corretagem;<\/p><p>- celebrar e executar um acordo com um cliente;<\/p><p>- promover o seu desenvolvimento pessoal e a sua empregabilidade atrav\u00e9s da educa\u00e7\u00e3o e da forma\u00e7\u00e3o;<\/p><p>- poder recorrer a eventuais pedidos de presta\u00e7\u00f5es;<\/p><p>- poder organizar os cuidados m\u00e9dicos ou a assist\u00eancia social da empresa;<\/p><p>- fornecer alojamento;<\/p><p>- efetuar auditorias;<\/p><p>- tratar de queixas e lit\u00edgios;<\/p><p>- fornecer as ap\u00f3lices de seguro necess\u00e1rias.<\/p><p>\u00a0<\/p><p>O tratamento dos seus dados pessoais \u00e9 efectuado com base numa obriga\u00e7\u00e3o legal, na execu\u00e7\u00e3o do acordo que celebramos ou celebr\u00e1mos consigo, ou com base no interesse leg\u00edtimo da EU-People BV em poder executar os seus servi\u00e7os da forma mais eficiente e amig\u00e1vel poss\u00edvel.<\/p><h4>Terceiros<\/h4><p>Para os fins acima referidos, podemos recorrer aos servi\u00e7os de terceiros a quem os seus dados pessoais podem ser fornecidos nesse contexto. Por exemplo, os nossos fornecedores de TI, fornecedores de pens\u00f5es ou fornecedores de servi\u00e7os de telecomunica\u00e7\u00f5es. A EU-People BV pode tamb\u00e9m transmitir os seus dados pessoais aos seus clientes ou \u00e0 nossa empresa-irm\u00e3 EU-People Polska Sp. z o.o. Escusado ser\u00e1 dizer que a sua privacidade ser\u00e1 tratada com o m\u00e1ximo cuidado para estes benef\u00edcios.Se a EU-People BV for obrigada a faz\u00ea-lo com base na lei ou nos regulamentos, os seus dados pessoais podem ser fornecidos \u00e0s autoridades competentes e \u00e0s autoridades governamentais na Holanda e no estrangeiro. Os seus dados pessoais n\u00e3o ser\u00e3o vendidos ou alugados para fins comerciais.<\/p><h4>Durante quanto tempo conservamos os seus dados<\/h4><p>Os per\u00edodos de reten\u00e7\u00e3o que utilizamos est\u00e3o de acordo com os per\u00edodos legais de cust\u00f3dia e reten\u00e7\u00e3o, como a obriga\u00e7\u00e3o de reten\u00e7\u00e3o fiscal, ou mais longos, se necess\u00e1rio, para a resolu\u00e7\u00e3o de lit\u00edgios.\u00a0<span style=\"color: var( --e-global-color-text );\">Se deixar um coment\u00e1rio, o coment\u00e1rio e os seus metadados s\u00e3o mantidos indefinidamente. Isto \u00e9 para que possamos reconhecer e aprovar automaticamente quaisquer coment\u00e1rios subsequentes, em vez de os mantermos numa fila de modera\u00e7\u00e3o.<\/span><\/p><p>Para os utilizadores que se registam no nosso s\u00edtio Web (caso existam), tamb\u00e9m guardamos as informa\u00e7\u00f5es pessoais que fornecem no seu perfil de utilizador. Todos os utilizadores podem ver, editar ou eliminar as suas informa\u00e7\u00f5es pessoais em qualquer altura (exceto que n\u00e3o podem alterar o seu nome de utilizador). Os administradores do s\u00edtio Web tamb\u00e9m podem ver e editar essas informa\u00e7\u00f5es.<\/p><h4>Seguran\u00e7a<\/h4><p>A EU-People BV presta a m\u00e1xima aten\u00e7\u00e3o \u00e0 seguran\u00e7a dos seus dados pessoais, de modo a impedir o acesso n\u00e3o autorizado aos mesmos. Aplicamos uma pol\u00edtica de seguran\u00e7a rigorosa que \u00e9 periodicamente avaliada e ajustada, se necess\u00e1rio. S\u00f3 fornecemos informa\u00e7\u00f5es pessoais se estivermos convencidos de que o destinat\u00e1rio tem o direito de o fazer. Por telefone, s\u00f3 fornecemos informa\u00e7\u00f5es pessoais (por exemplo, \u00e0 UWV) em casos muito excepcionais, ap\u00f3s uma verifica\u00e7\u00e3o muito rigorosa do destinat\u00e1rio. Ao fornecer dados pessoais, adoptamos a m\u00e1xima seguran\u00e7a poss\u00edvel.<\/p><h4>Que direitos tem sobre os seus dados<\/h4><p>O utilizador tem o direito de solicitar \u00e0 EU-People BV, por escrito, o seguinte<\/p><p>- acesso aos seus dados pessoais;<\/p><p>- uma c\u00f3pia dos dados pessoais que processamos do utilizador.<\/p><p>- Preparar os seus dados pessoais no nosso portal para a portabilidade dos dados.<\/p><p>O seu pedido ser\u00e1 tratado pela EU-People BV no prazo de quatro semanas.<\/p><p>Se se verificar que os dados pessoais tratados pela EU-People BV cont\u00eam inexactid\u00f5es, pode solicitar \u00e0 EU-People BV que melhore ou complemente esses dados.O utilizador tem o direito de solicitar \u00e0 EU-People BV que proteja os seus dados pessoais. Tem o direito de solicitar \u00e0 EU-People BV que apague os seus dados. Iremos, na medida do tecnicamente poss\u00edvel, remover os dados (exceto os dados que somos legalmente obrigados a manter) dos nossos sistemas. Pode opor-se, a qualquer momento, ao tratamento dos seus dados pessoais para fins de marketing.Os pedidos baseados no direito de inspe\u00e7\u00e3o, corre\u00e7\u00e3o, elimina\u00e7\u00e3o ou obje\u00e7\u00e3o podem ser enviados por escrito (com refer\u00eancia ao seu nome completo + data de nascimento + assinatura) para:<\/p><p>EU-People BV, Esp 244, 5633 AC Eindhoven<\/p><p>Se tiver queixas sobre o tratamento dos seus dados pessoais pela EU-People BV, pode comunicar-nos essa situa\u00e7\u00e3o (+31 (0) 88-2014100 - administration@eu-people.com ) ou pode apresentar uma queixa \u00e0 Autoridade para os dados pessoais. S\u00edtio Web: https:\/\/autoriteitpersoonsgegevens.nl\/.<\/p><h4>Para onde enviamos os seus dados<\/h4><p>Os coment\u00e1rios dos visitantes podem ser verificados atrav\u00e9s de um servi\u00e7o autom\u00e1tico de dete\u00e7\u00e3o de spam. Os seus dados s\u00e3o enviados para o CRM da EU-People atrav\u00e9s de uma API. Os seus ficheiros e dados n\u00e3o s\u00e3o guardados no servidor deste s\u00edtio Web.<\/p>\t\t\t\t\t\t\t\t<\/div>\n\t\t\t\t<\/div>\n\t\t\t\t\t<\/div>\n\t\t<\/div>\n\t\t\t\t\t<\/div>\n\t\t<\/section>\n\t\t\t\t<\/div>","protected":false},"excerpt":{"rendered":"<p>Pol\u00edtica de privacidade Quem somosO endere\u00e7o do nosso s\u00edtio Web \u00e9: https:\/\/eu-people.com. Pode contactar-nos atrav\u00e9s de info@eu-people.com para quest\u00f5es de privacidade. Na EU-People BV respeitamos os nossos trabalhadores tempor\u00e1rios, clientes e colegas e a sua privacidade. No contexto do nosso compromisso com a qualidade e a integridade, a prote\u00e7\u00e3o e a seguran\u00e7a dos dados s\u00e3o uma das nossas maiores prioridades. A nossa organiza\u00e7\u00e3o profissional tem como objetivo... <a class=\"more-link\" href=\"https:\/\/eu-people.com\/pt\/privacy-policy\/\">Continuar a ler <span class=\"screen-reader-text\">Pol\u00edtica de privacidade<\/span><\/a><\/p>","protected":false},"author":1,"featured_media":0,"parent":0,"menu_order":0,"comment_status":"closed","ping_status":"closed","template":"","meta":{"footnotes":""},"class_list":["post-3392","page","type-page","status-publish","hentry","entry"],"yoast_head":"<!-- This site is optimized with the Yoast SEO Premium plugin v25.3.1 (Yoast SEO v25.3.1) - https:\/\/yoast.com\/wordpress\/plugins\/seo\/ -->\n<title>Privacy Policy - EU-People | Profs for Profs<\/title>\n<meta name=\"description\" content=\"Your privacy is very important to us, our Privacy Policy reflects this. All private data of our personnel is protected.\" \/>\n<meta name=\"robots\" content=\"index, follow, max-snippet:-1, max-image-preview:large, max-video-preview:-1\" \/>\n<link rel=\"canonical\" href=\"https:\/\/eu-people.com\/pt\/privacy-policy\/\" \/>\n<meta property=\"og:locale\" content=\"pt_PT\" \/>\n<meta property=\"og:type\" content=\"article\" \/>\n<meta property=\"og:title\" content=\"Privacy Policy\" \/>\n<meta property=\"og:description\" content=\"Your privacy is very important to us, our Privacy Policy reflects this. All private data of our personnel is protected.\" \/>\n<meta property=\"og:url\" content=\"https:\/\/eu-people.com\/pt\/privacy-policy\/\" \/>\n<meta property=\"og:site_name\" content=\"EU-People | Profs for Profs\" \/>\n<meta property=\"article:publisher\" content=\"https:\/\/www.facebook.com\/EUpeopleHQ\/\" \/>\n<meta property=\"article:modified_time\" content=\"2024-02-05T16:16:57+00:00\" \/>\n<meta name=\"twitter:card\" content=\"summary_large_image\" \/>\n<meta name=\"twitter:label1\" content=\"Tempo estimado de leitura\" \/>\n\t<meta name=\"twitter:data1\" content=\"8 minutos\" \/>\n<script type=\"application\/ld+json\" class=\"yoast-schema-graph\">{\"@context\":\"https:\/\/schema.org\",\"@graph\":[{\"@type\":\"WebPage\",\"@id\":\"https:\/\/eu-people.com\/privacy-policy\/\",\"url\":\"https:\/\/eu-people.com\/privacy-policy\/\",\"name\":\"Privacy Policy - EU-People | Profs for Profs\",\"isPartOf\":{\"@id\":\"https:\/\/eu-people.com\/pl\/#website\"},\"datePublished\":\"2022-03-22T08:58:54+00:00\",\"dateModified\":\"2024-02-05T16:16:57+00:00\",\"description\":\"Your privacy is very important to us, our Privacy Policy reflects this. All private data of our personnel is protected.\",\"breadcrumb\":{\"@id\":\"https:\/\/eu-people.com\/privacy-policy\/#breadcrumb\"},\"inLanguage\":\"pt-PT\",\"potentialAction\":[{\"@type\":\"ReadAction\",\"target\":[\"https:\/\/eu-people.com\/privacy-policy\/\"]}]},{\"@type\":\"BreadcrumbList\",\"@id\":\"https:\/\/eu-people.com\/privacy-policy\/#breadcrumb\",\"itemListElement\":[{\"@type\":\"ListItem\",\"position\":1,\"name\":\"Home\",\"item\":\"https:\/\/eu-people.com\/\"},{\"@type\":\"ListItem\",\"position\":2,\"name\":\"Privacy Policy\"}]},{\"@type\":\"WebSite\",\"@id\":\"https:\/\/eu-people.com\/pl\/#website\",\"url\":\"https:\/\/eu-people.com\/pl\/\",\"name\":\"EU-People | Profs for Profs\",\"description\":\"\",\"publisher\":{\"@id\":\"https:\/\/eu-people.com\/pl\/#organization\"},\"potentialAction\":[{\"@type\":\"SearchAction\",\"target\":{\"@type\":\"EntryPoint\",\"urlTemplate\":\"https:\/\/eu-people.com\/pl\/?s={search_term_string}\"},\"query-input\":{\"@type\":\"PropertyValueSpecification\",\"valueRequired\":true,\"valueName\":\"search_term_string\"}}],\"inLanguage\":\"pt-PT\"},{\"@type\":\"Organization\",\"@id\":\"https:\/\/eu-people.com\/pl\/#organization\",\"name\":\"EU-People | Profs for Profs\",\"url\":\"https:\/\/eu-people.com\/pl\/\",\"logo\":{\"@type\":\"ImageObject\",\"inLanguage\":\"pt-PT\",\"@id\":\"https:\/\/eu-people.com\/pl\/#\/schema\/logo\/image\/\",\"url\":\"https:\/\/eu-people.com\/wp-content\/uploads\/2022\/01\/logo-alt.svg\",\"contentUrl\":\"https:\/\/eu-people.com\/wp-content\/uploads\/2022\/01\/logo-alt.svg\",\"width\":956,\"height\":354,\"caption\":\"EU-People | Profs for Profs\"},\"image\":{\"@id\":\"https:\/\/eu-people.com\/pl\/#\/schema\/logo\/image\/\"},\"sameAs\":[\"https:\/\/www.facebook.com\/EUpeopleHQ\/\",\"https:\/\/www.instagram.com\/eupeople_jobs\/\",\"https:\/\/www.linkedin.com\/company\/eu-people-b.v.\/\"]}]}<\/script>\n<!-- \/ Yoast SEO Premium plugin. -->","yoast_head_json":{"title":"Privacy Policy - EU-People | Profs for Profs","description":"Your privacy is very important to us, our Privacy Policy reflects this. All private data of our personnel is protected.","robots":{"index":"index","follow":"follow","max-snippet":"max-snippet:-1","max-image-preview":"max-image-preview:large","max-video-preview":"max-video-preview:-1"},"canonical":"https:\/\/eu-people.com\/pt\/privacy-policy\/","og_locale":"pt_PT","og_type":"article","og_title":"Privacy Policy","og_description":"Your privacy is very important to us, our Privacy Policy reflects this. All private data of our personnel is protected.","og_url":"https:\/\/eu-people.com\/pt\/privacy-policy\/","og_site_name":"EU-People | Profs for Profs","article_publisher":"https:\/\/www.facebook.com\/EUpeopleHQ\/","article_modified_time":"2024-02-05T16:16:57+00:00","twitter_card":"summary_large_image","twitter_misc":{"Tempo estimado de leitura":"8 minutos"},"schema":{"@context":"https:\/\/schema.org","@graph":[{"@type":"WebPage","@id":"https:\/\/eu-people.com\/privacy-policy\/","url":"https:\/\/eu-people.com\/privacy-policy\/","name":"Privacy Policy - EU-People | Profs for Profs","isPartOf":{"@id":"https:\/\/eu-people.com\/pl\/#website"},"datePublished":"2022-03-22T08:58:54+00:00","dateModified":"2024-02-05T16:16:57+00:00","description":"Your privacy is very important to us, our Privacy Policy reflects this. All private data of our personnel is protected.","breadcrumb":{"@id":"https:\/\/eu-people.com\/privacy-policy\/#breadcrumb"},"inLanguage":"pt-PT","potentialAction":[{"@type":"ReadAction","target":["https:\/\/eu-people.com\/privacy-policy\/"]}]},{"@type":"BreadcrumbList","@id":"https:\/\/eu-people.com\/privacy-policy\/#breadcrumb","itemListElement":[{"@type":"ListItem","position":1,"name":"Home","item":"https:\/\/eu-people.com\/"},{"@type":"ListItem","position":2,"name":"Privacy Policy"}]},{"@type":"WebSite","@id":"https:\/\/eu-people.com\/pl\/#website","url":"https:\/\/eu-people.com\/pl\/","name":"EU-People | Profs for Profs","description":"","publisher":{"@id":"https:\/\/eu-people.com\/pl\/#organization"},"potentialAction":[{"@type":"SearchAction","target":{"@type":"EntryPoint","urlTemplate":"https:\/\/eu-people.com\/pl\/?s={search_term_string}"},"query-input":{"@type":"PropertyValueSpecification","valueRequired":true,"valueName":"search_term_string"}}],"inLanguage":"pt-PT"},{"@type":"Organization","@id":"https:\/\/eu-people.com\/pl\/#organization","name":"EU-People | Profs for Profs","url":"https:\/\/eu-people.com\/pl\/","logo":{"@type":"ImageObject","inLanguage":"pt-PT","@id":"https:\/\/eu-people.com\/pl\/#\/schema\/logo\/image\/","url":"https:\/\/eu-people.com\/wp-content\/uploads\/2022\/01\/logo-alt.svg","contentUrl":"https:\/\/eu-people.com\/wp-content\/uploads\/2022\/01\/logo-alt.svg","width":956,"height":354,"caption":"EU-People | Profs for Profs"},"image":{"@id":"https:\/\/eu-people.com\/pl\/#\/schema\/logo\/image\/"},"sameAs":["https:\/\/www.facebook.com\/EUpeopleHQ\/","https:\/\/www.instagram.com\/eupeople_jobs\/","https:\/\/www.linkedin.com\/company\/eu-people-b.v.\/"]}]}},"_links":{"self":[{"href":"https:\/\/eu-people.com\/pt\/wp-json\/wp\/v2\/pages\/3392","targetHints":{"allow":["GET"]}}],"collection":[{"href":"https:\/\/eu-people.com\/pt\/wp-json\/wp\/v2\/pages"}],"about":[{"href":"https:\/\/eu-people.com\/pt\/wp-json\/wp\/v2\/types\/page"}],"author":[{"embeddable":true,"href":"https:\/\/eu-people.com\/pt\/wp-json\/wp\/v2\/users\/1"}],"replies":[{"embeddable":true,"href":"https:\/\/eu-people.com\/pt\/wp-json\/wp\/v2\/comments?post=3392"}],"version-history":[{"count":22,"href":"https:\/\/eu-people.com\/pt\/wp-json\/wp\/v2\/pages\/3392\/revisions"}],"predecessor-version":[{"id":26820,"href":"https:\/\/eu-people.com\/pt\/wp-json\/wp\/v2\/pages\/3392\/revisions\/26820"}],"wp:attachment":[{"href":"https:\/\/eu-people.com\/pt\/wp-json\/wp\/v2\/media?parent=3392"}],"curies":[{"name":"wp","href":"https:\/\/api.w.org\/{rel}","templated":true}]}}