{"id":28514,"date":"2025-04-10T15:38:18","date_gmt":"2025-04-10T14:38:18","guid":{"rendered":"https:\/\/eu-people.com\/?page_id=28514"},"modified":"2025-04-10T15:39:18","modified_gmt":"2025-04-10T14:39:18","slug":"mission-vision","status":"publish","type":"page","link":"https:\/\/eu-people.com\/ro\/mission-vision\/","title":{"rendered":"Misiune \u0219i viziune"},"content":{"rendered":"<div data-elementor-type=\"wp-page\" data-elementor-id=\"28514\" class=\"elementor elementor-28514\" data-elementor-post-type=\"page\">\n\t\t\t\t<div class=\"elementor-element elementor-element-9c55981 e-flex e-con-boxed e-con e-parent\" data-id=\"9c55981\" data-element_type=\"container\">\n\t\t\t\t\t<div class=\"e-con-inner\">\n\t\t<div class=\"elementor-element elementor-element-ddee79c e-con-full e-flex e-con e-child\" data-id=\"ddee79c\" data-element_type=\"container\">\n\t\t\t\t<div class=\"elementor-element elementor-element-70f0f66 elementor-widget__width-initial elementor-widget elementor-widget-image\" data-id=\"70f0f66\" data-element_type=\"widget\" data-widget_type=\"image.default\">\n\t\t\t\t<div class=\"elementor-widget-container\">\n\t\t\t\t\t\t\t\t\t\t\t\t\t\t\t<img decoding=\"async\" src=\"https:\/\/eu-people.com\/wp-content\/uploads\/2025\/04\/Fotowand-op-formaat-e1680543761950-1.png\" title=\"Fotowand-op-formaat-e1680543761950.png\" alt=\"Fotowand-op-formaat-e1680543761950.png\" loading=\"lazy\" \/>\t\t\t\t\t\t\t\t\t\t\t\t\t\t\t<\/div>\n\t\t\t\t<\/div>\n\t\t<div class=\"elementor-element elementor-element-5cf027e e-con-full e-flex e-con e-child\" data-id=\"5cf027e\" data-element_type=\"container\" data-settings=\"{&quot;background_background&quot;:&quot;classic&quot;}\">\n\t\t\t\t<div class=\"elementor-element elementor-element-9900af6 elementor-widget elementor-widget-heading\" data-id=\"9900af6\" data-element_type=\"widget\" data-widget_type=\"heading.default\">\n\t\t\t\t<div class=\"elementor-widget-container\">\n\t\t\t\t\t<h2 class=\"elementor-heading-title elementor-size-default\">O singur\u0103 dorin\u021b\u0103<\/h2>\t\t\t\t<\/div>\n\t\t\t\t<\/div>\n\t\t\t\t<div class=\"elementor-element elementor-element-f5d07c6 elementor-widget elementor-widget-text-editor\" data-id=\"f5d07c6\" data-element_type=\"widget\" data-widget_type=\"text-editor.default\">\n\t\t\t\t<div class=\"elementor-widget-container\">\n\t\t\t\t\t\t\t\t\t<p>Misiunea EU-People B.V. este de a deveni un partener de \u00eencredere at\u00e2t pentru lucr\u0103tori, c\u00e2t \u0219i pentru clien\u021bii no\u0219tri. \u00cen vederea realiz\u0103rii unor procese de recrutare eficiente \u0219i eficace, ne str\u0103duim s\u0103 dep\u0103\u0219im limitele dintre talente, obliga\u021bii \u0219i interese.<\/p><p>\u00a0<\/p><p>Ons Double Sided Businessmodel is de base van ons succes want zowel onze relaties als onze uitzendkrachten zijn erg tevreden over ons. Dit is terug te zien in de lange retentie en friend referrals van onze mensen. \u00cen plus, o mare parte dintre angaja\u021bii no\u0219tri flexibili beneficiaz\u0103 de un contract vast cu un angajat. Ave\u021bi nevoie de o sum\u0103 suplimentar\u0103 pentru a lucra \u0219i pentru noi?<\/p><p>\u00a0<\/p><p>Rela\u021biile stabile \u00eentre echipaje se stabilesc \u00een mod voluntar prin utilizarea unor metode flexibile de c\u0103tre echipaje. Tevreden flexkrachten ervaren het respect van onze crew, plezierig werk, wekelijks correcte beloning en goede werk- en woonomstandigheden. Aceasta este filozofia EU-People!<\/p>\t\t\t\t\t\t\t\t<\/div>\n\t\t\t\t<\/div>\n\t\t\t\t<div class=\"elementor-element elementor-element-884003c elementor-align-center elementor-widget elementor-widget-button\" data-id=\"884003c\" data-element_type=\"widget\" data-widget_type=\"button.default\">\n\t\t\t\t<div class=\"elementor-widget-container\">\n\t\t\t\t\t\t\t\t\t<div class=\"elementor-button-wrapper\">\n\t\t\t\t\t<a class=\"elementor-button elementor-button-link elementor-size-sm\" href=\"#contact\">\n\t\t\t\t\t\t<span class=\"elementor-button-content-wrapper\">\n\t\t\t\t\t\t<span class=\"elementor-button-icon\">\n\t\t\t\t<i aria-hidden=\"true\" class=\"fas fa-chevron-right\"><\/i>\t\t\t<\/span>\n\t\t\t\t\t\t\t\t\t<span class=\"elementor-button-text\">Samen aan de slag!<\/span>\n\t\t\t\t\t<\/span>\n\t\t\t\t\t<\/a>\n\t\t\t\t<\/div>\n\t\t\t\t\t\t\t\t<\/div>\n\t\t\t\t<\/div>\n\t\t\t\t<\/div>\n\t\t\t\t<\/div>\n\t\t\t\t\t<\/div>\n\t\t\t\t<\/div>\n\t\t<div class=\"elementor-element elementor-element-012e96a e-flex e-con-boxed e-con e-parent\" data-id=\"012e96a\" data-element_type=\"container\">\n\t\t\t\t\t<div class=\"e-con-inner\">\n\t\t<div class=\"elementor-element elementor-element-a6ae005 e-con-full e-flex e-con e-child\" data-id=\"a6ae005\" data-element_type=\"container\">\n\t\t<div class=\"elementor-element elementor-element-6b028d9 e-con-full e-flex e-con e-child\" data-id=\"6b028d9\" data-element_type=\"container\" data-settings=\"{&quot;background_background&quot;:&quot;classic&quot;}\">\n\t\t\t\t<div class=\"elementor-element elementor-element-6e94f74 elementor-widget elementor-widget-heading\" data-id=\"6e94f74\" data-element_type=\"widget\" data-widget_type=\"heading.default\">\n\t\t\t\t<div class=\"elementor-widget-container\">\n\t\t\t\t\t<h2 class=\"elementor-heading-title elementor-size-default\">O singur\u0103 vizit\u0103<\/h2>\t\t\t\t<\/div>\n\t\t\t\t<\/div>\n\t\t\t\t<div class=\"elementor-element elementor-element-e851b1d elementor-widget elementor-widget-text-editor\" data-id=\"e851b1d\" data-element_type=\"widget\" data-widget_type=\"text-editor.default\">\n\t\t\t\t<div class=\"elementor-widget-container\">\n\t\t\t\t\t\t\t\t\t<p style=\"font-weight: 400;\">\u00cen cadrul EU-People, ne bucur\u0103m s\u0103 ne bucur\u0103m de vacan\u021bele dvs. pe termen lung \u0219i \u00een condi\u021bii de birou, cu ajutorul serviciilor noastre flexibile (flexkrachten). Ne concentr\u0103m pe diversitate \u0219i incluziune \u0219i ne \u00eendrept\u0103m spre o potrivire perfect\u0103 \u00een munc\u0103.<\/p><p>\u00a0<\/p><p>Rela\u021biile stabile \u00eentre echipaje sunt garantate, \u00een special \u00een cazul \u00een care se produc accidente grave. Respectul fa\u021b\u0103 de echipajul nostru, munca intens\u0103, \u00eengrijirea corect\u0103 \u0219i bunele standarde de munc\u0103 \u0219i economie.\u00a0<\/p><p>\u00a0<\/p><p style=\"font-weight: 400;\">Reten\u021bia prelungit\u0103 \u0219i recomandarea prietenilor de c\u0103tre oamenii no\u0219tri contribuie la succesul formulei noastre. \u00cen acela\u0219i timp, o mare parte dintre angaja\u021bii no\u0219tri flexibili au un contract vast cu clien\u021bii no\u0219tri.<\/p>\t\t\t\t\t\t\t\t<\/div>\n\t\t\t\t<\/div>\n\t\t\t\t<div class=\"elementor-element elementor-element-19b5973 elementor-align-center elementor-widget elementor-widget-button\" data-id=\"19b5973\" data-element_type=\"widget\" data-widget_type=\"button.default\">\n\t\t\t\t<div class=\"elementor-widget-container\">\n\t\t\t\t\t\t\t\t\t<div class=\"elementor-button-wrapper\">\n\t\t\t\t\t<a class=\"elementor-button elementor-button-link elementor-size-sm\" href=\"#contact\">\n\t\t\t\t\t\t<span class=\"elementor-button-content-wrapper\">\n\t\t\t\t\t\t<span class=\"elementor-button-icon\">\n\t\t\t\t<i aria-hidden=\"true\" class=\"fas fa-chevron-right\"><\/i>\t\t\t<\/span>\n\t\t\t\t\t\t\t\t\t<span class=\"elementor-button-text\">Samen aan de slag!<\/span>\n\t\t\t\t\t<\/span>\n\t\t\t\t\t<\/a>\n\t\t\t\t<\/div>\n\t\t\t\t\t\t\t\t<\/div>\n\t\t\t\t<\/div>\n\t\t\t\t<\/div>\n\t\t\t\t<div class=\"elementor-element elementor-element-38f2739 elementor-widget__width-initial elementor-widget elementor-widget-image\" data-id=\"38f2739\" data-element_type=\"widget\" data-widget_type=\"image.default\">\n\t\t\t\t<div class=\"elementor-widget-container\">\n\t\t\t\t\t\t\t\t\t\t\t\t\t\t\t<img decoding=\"async\" src=\"https:\/\/eu-people.com\/wp-content\/uploads\/2025\/04\/Warehouse_blur-1-e1694182714626.png\" title=\"Warehouse_blur-1-e1694182714626.png\" alt=\"Warehouse_blur-1-e1694182714626.png\" loading=\"lazy\" \/>\t\t\t\t\t\t\t\t\t\t\t\t\t\t\t<\/div>\n\t\t\t\t<\/div>\n\t\t\t\t<\/div>\n\t\t\t\t\t<\/div>\n\t\t\t\t<\/div>\n\t\t<div class=\"elementor-element elementor-element-072997b e-flex e-con-boxed e-con e-parent\" data-id=\"072997b\" data-element_type=\"container\">\n\t\t\t\t\t<div class=\"e-con-inner\">\n\t\t<div class=\"elementor-element elementor-element-76a1e65 e-con-full e-flex e-con e-child\" data-id=\"76a1e65\" data-element_type=\"container\">\n\t\t\t\t<div class=\"elementor-element elementor-element-5fd8d85 elementor-widget elementor-widget-text-editor\" data-id=\"5fd8d85\" data-element_type=\"widget\" data-widget_type=\"text-editor.default\">\n\t\t\t\t<div class=\"elementor-widget-container\">\n\t\t\t\t\t\t\t\t\t<p>Avem o mare \u00eencredere \u00een lumea biologic\u0103. De asemenea, avem nevoie de m\u0103suri continue pentru a reduce amprenta de carbon \u00een toate aspectele activit\u0103\u021bii noastre profesionale.<\/p>\t\t\t\t\t\t\t\t<\/div>\n\t\t\t\t<\/div>\n\t\t\t\t<\/div>\n\t\t\t\t\t<\/div>\n\t\t\t\t<\/div>\n\t\t\t\t<\/div>","protected":false},"excerpt":{"rendered":"<p>Onze missie De missie van EU-People B.V. is het zijn het een betrouwbare partner voor zowel werkgevers als onze uitzendkrachten. Door effectieve en effici\u00ebnte uitzendoplossingen te bieden, streven wij naar overbrugging van de afstand tussen talenten, behoeftes en kansen. Ons Double Sided Businessmodel is de base van ons succes want zowel onze relaties als onze uitzendkrachten... <a class=\"more-link\" href=\"https:\/\/eu-people.com\/ro\/mission-vision\/\">Continu\u0103 lectura <span class=\"screen-reader-text\">Misiune \u0219i viziune<\/span><\/a><\/p>","protected":false},"author":1,"featured_media":0,"parent":0,"menu_order":0,"comment_status":"closed","ping_status":"closed","template":"","meta":{"footnotes":""},"class_list":["post-28514","page","type-page","status-publish","hentry","entry"],"yoast_head":"<!-- This site is optimized with the Yoast SEO Premium plugin v25.3.1 (Yoast SEO v25.3.1) - https:\/\/yoast.com\/wordpress\/plugins\/seo\/ -->\n<title>Mission &amp; vision - EU-People | Profs for Profs<\/title>\n<meta name=\"description\" content=\"Mission &amp; vision - EU-People | Profs for Profs %\" \/>\n<meta name=\"robots\" content=\"index, follow, max-snippet:-1, max-image-preview:large, max-video-preview:-1\" \/>\n<link rel=\"canonical\" href=\"https:\/\/eu-people.com\/ro\/mission-vision\/\" \/>\n<meta property=\"og:locale\" content=\"ro_RO\" \/>\n<meta property=\"og:type\" content=\"article\" \/>\n<meta property=\"og:title\" content=\"Mission &amp; vision\" \/>\n<meta property=\"og:description\" content=\"Mission &amp; vision - EU-People | Profs for Profs %\" \/>\n<meta property=\"og:url\" content=\"https:\/\/eu-people.com\/ro\/mission-vision\/\" \/>\n<meta property=\"og:site_name\" content=\"EU-People | Profs for Profs\" \/>\n<meta property=\"article:publisher\" content=\"https:\/\/www.facebook.com\/EUpeopleHQ\/\" \/>\n<meta property=\"article:modified_time\" content=\"2025-04-10T14:39:18+00:00\" \/>\n<meta property=\"og:image\" content=\"https:\/\/eu-people.com\/wp-content\/uploads\/2025\/04\/Fotowand-op-formaat-e1680543761950-1.png\" \/>\n<meta name=\"twitter:card\" content=\"summary_large_image\" \/>\n<meta name=\"twitter:label1\" content=\"Timp estimat pentru citire\" \/>\n\t<meta name=\"twitter:data1\" content=\"2 minute\" \/>\n<script type=\"application\/ld+json\" class=\"yoast-schema-graph\">{\"@context\":\"https:\/\/schema.org\",\"@graph\":[{\"@type\":\"WebPage\",\"@id\":\"https:\/\/eu-people.com\/mission-vision\/\",\"url\":\"https:\/\/eu-people.com\/mission-vision\/\",\"name\":\"Mission &amp; vision - EU-People | Profs for Profs\",\"isPartOf\":{\"@id\":\"https:\/\/eu-people.com\/pl\/#website\"},\"primaryImageOfPage\":{\"@id\":\"https:\/\/eu-people.com\/mission-vision\/#primaryimage\"},\"image\":{\"@id\":\"https:\/\/eu-people.com\/mission-vision\/#primaryimage\"},\"thumbnailUrl\":\"https:\/\/eu-people.com\/wp-content\/uploads\/2025\/04\/Fotowand-op-formaat-e1680543761950-1.png\",\"datePublished\":\"2025-04-10T14:38:18+00:00\",\"dateModified\":\"2025-04-10T14:39:18+00:00\",\"description\":\"Mission &amp; vision - EU-People | Profs for Profs %\",\"breadcrumb\":{\"@id\":\"https:\/\/eu-people.com\/mission-vision\/#breadcrumb\"},\"inLanguage\":\"ro-RO\",\"potentialAction\":[{\"@type\":\"ReadAction\",\"target\":[\"https:\/\/eu-people.com\/mission-vision\/\"]}]},{\"@type\":\"ImageObject\",\"inLanguage\":\"ro-RO\",\"@id\":\"https:\/\/eu-people.com\/mission-vision\/#primaryimage\",\"url\":\"https:\/\/eu-people.com\/wp-content\/uploads\/2025\/04\/Fotowand-op-formaat-e1680543761950-1.png\",\"contentUrl\":\"https:\/\/eu-people.com\/wp-content\/uploads\/2025\/04\/Fotowand-op-formaat-e1680543761950-1.png\"},{\"@type\":\"BreadcrumbList\",\"@id\":\"https:\/\/eu-people.com\/mission-vision\/#breadcrumb\",\"itemListElement\":[{\"@type\":\"ListItem\",\"position\":1,\"name\":\"Home\",\"item\":\"https:\/\/eu-people.com\/\"},{\"@type\":\"ListItem\",\"position\":2,\"name\":\"Mission &amp; vision\"}]},{\"@type\":\"WebSite\",\"@id\":\"https:\/\/eu-people.com\/pl\/#website\",\"url\":\"https:\/\/eu-people.com\/pl\/\",\"name\":\"EU-People | Profs for Profs\",\"description\":\"\",\"publisher\":{\"@id\":\"https:\/\/eu-people.com\/pl\/#organization\"},\"potentialAction\":[{\"@type\":\"SearchAction\",\"target\":{\"@type\":\"EntryPoint\",\"urlTemplate\":\"https:\/\/eu-people.com\/pl\/?s={search_term_string}\"},\"query-input\":{\"@type\":\"PropertyValueSpecification\",\"valueRequired\":true,\"valueName\":\"search_term_string\"}}],\"inLanguage\":\"ro-RO\"},{\"@type\":\"Organization\",\"@id\":\"https:\/\/eu-people.com\/pl\/#organization\",\"name\":\"EU-People | Profs for Profs\",\"url\":\"https:\/\/eu-people.com\/pl\/\",\"logo\":{\"@type\":\"ImageObject\",\"inLanguage\":\"ro-RO\",\"@id\":\"https:\/\/eu-people.com\/pl\/#\/schema\/logo\/image\/\",\"url\":\"https:\/\/eu-people.com\/wp-content\/uploads\/2022\/01\/logo-alt.svg\",\"contentUrl\":\"https:\/\/eu-people.com\/wp-content\/uploads\/2022\/01\/logo-alt.svg\",\"width\":956,\"height\":354,\"caption\":\"EU-People | Profs for Profs\"},\"image\":{\"@id\":\"https:\/\/eu-people.com\/pl\/#\/schema\/logo\/image\/\"},\"sameAs\":[\"https:\/\/www.facebook.com\/EUpeopleHQ\/\",\"https:\/\/www.instagram.com\/eupeople_jobs\/\",\"https:\/\/www.linkedin.com\/company\/eu-people-b.v.\/\"]}]}<\/script>\n<!-- \/ Yoast SEO Premium plugin. -->","yoast_head_json":{"title":"Mission &amp; vision - EU-People | Profs for Profs","description":"Mission &amp; vision - EU-People | Profs for Profs %","robots":{"index":"index","follow":"follow","max-snippet":"max-snippet:-1","max-image-preview":"max-image-preview:large","max-video-preview":"max-video-preview:-1"},"canonical":"https:\/\/eu-people.com\/ro\/mission-vision\/","og_locale":"ro_RO","og_type":"article","og_title":"Mission &amp; vision","og_description":"Mission &amp; vision - EU-People | Profs for Profs %","og_url":"https:\/\/eu-people.com\/ro\/mission-vision\/","og_site_name":"EU-People | Profs for Profs","article_publisher":"https:\/\/www.facebook.com\/EUpeopleHQ\/","article_modified_time":"2025-04-10T14:39:18+00:00","og_image":[{"url":"https:\/\/eu-people.com\/wp-content\/uploads\/2025\/04\/Fotowand-op-formaat-e1680543761950-1.png","type":"","width":"","height":""}],"twitter_card":"summary_large_image","twitter_misc":{"Timp estimat pentru citire":"2 minute"},"schema":{"@context":"https:\/\/schema.org","@graph":[{"@type":"WebPage","@id":"https:\/\/eu-people.com\/mission-vision\/","url":"https:\/\/eu-people.com\/mission-vision\/","name":"Mission &amp; vision - EU-People | Profs for Profs","isPartOf":{"@id":"https:\/\/eu-people.com\/pl\/#website"},"primaryImageOfPage":{"@id":"https:\/\/eu-people.com\/mission-vision\/#primaryimage"},"image":{"@id":"https:\/\/eu-people.com\/mission-vision\/#primaryimage"},"thumbnailUrl":"https:\/\/eu-people.com\/wp-content\/uploads\/2025\/04\/Fotowand-op-formaat-e1680543761950-1.png","datePublished":"2025-04-10T14:38:18+00:00","dateModified":"2025-04-10T14:39:18+00:00","description":"Mission &amp; vision - EU-People | Profs for Profs %","breadcrumb":{"@id":"https:\/\/eu-people.com\/mission-vision\/#breadcrumb"},"inLanguage":"ro-RO","potentialAction":[{"@type":"ReadAction","target":["https:\/\/eu-people.com\/mission-vision\/"]}]},{"@type":"ImageObject","inLanguage":"ro-RO","@id":"https:\/\/eu-people.com\/mission-vision\/#primaryimage","url":"https:\/\/eu-people.com\/wp-content\/uploads\/2025\/04\/Fotowand-op-formaat-e1680543761950-1.png","contentUrl":"https:\/\/eu-people.com\/wp-content\/uploads\/2025\/04\/Fotowand-op-formaat-e1680543761950-1.png"},{"@type":"BreadcrumbList","@id":"https:\/\/eu-people.com\/mission-vision\/#breadcrumb","itemListElement":[{"@type":"ListItem","position":1,"name":"Home","item":"https:\/\/eu-people.com\/"},{"@type":"ListItem","position":2,"name":"Mission &amp; vision"}]},{"@type":"WebSite","@id":"https:\/\/eu-people.com\/pl\/#website","url":"https:\/\/eu-people.com\/pl\/","name":"EU-People | Profs for Profs","description":"","publisher":{"@id":"https:\/\/eu-people.com\/pl\/#organization"},"potentialAction":[{"@type":"SearchAction","target":{"@type":"EntryPoint","urlTemplate":"https:\/\/eu-people.com\/pl\/?s={search_term_string}"},"query-input":{"@type":"PropertyValueSpecification","valueRequired":true,"valueName":"search_term_string"}}],"inLanguage":"ro-RO"},{"@type":"Organization","@id":"https:\/\/eu-people.com\/pl\/#organization","name":"EU-People | Profs for Profs","url":"https:\/\/eu-people.com\/pl\/","logo":{"@type":"ImageObject","inLanguage":"ro-RO","@id":"https:\/\/eu-people.com\/pl\/#\/schema\/logo\/image\/","url":"https:\/\/eu-people.com\/wp-content\/uploads\/2022\/01\/logo-alt.svg","contentUrl":"https:\/\/eu-people.com\/wp-content\/uploads\/2022\/01\/logo-alt.svg","width":956,"height":354,"caption":"EU-People | Profs for Profs"},"image":{"@id":"https:\/\/eu-people.com\/pl\/#\/schema\/logo\/image\/"},"sameAs":["https:\/\/www.facebook.com\/EUpeopleHQ\/","https:\/\/www.instagram.com\/eupeople_jobs\/","https:\/\/www.linkedin.com\/company\/eu-people-b.v.\/"]}]}},"_links":{"self":[{"href":"https:\/\/eu-people.com\/ro\/wp-json\/wp\/v2\/pages\/28514","targetHints":{"allow":["GET"]}}],"collection":[{"href":"https:\/\/eu-people.com\/ro\/wp-json\/wp\/v2\/pages"}],"about":[{"href":"https:\/\/eu-people.com\/ro\/wp-json\/wp\/v2\/types\/page"}],"author":[{"embeddable":true,"href":"https:\/\/eu-people.com\/ro\/wp-json\/wp\/v2\/users\/1"}],"replies":[{"embeddable":true,"href":"https:\/\/eu-people.com\/ro\/wp-json\/wp\/v2\/comments?post=28514"}],"version-history":[{"count":4,"href":"https:\/\/eu-people.com\/ro\/wp-json\/wp\/v2\/pages\/28514\/revisions"}],"predecessor-version":[{"id":28522,"href":"https:\/\/eu-people.com\/ro\/wp-json\/wp\/v2\/pages\/28514\/revisions\/28522"}],"wp:attachment":[{"href":"https:\/\/eu-people.com\/ro\/wp-json\/wp\/v2\/media?parent=28514"}],"curies":[{"name":"wp","href":"https:\/\/api.w.org\/{rel}","templated":true}]}}