{"id":28523,"date":"2025-04-10T15:40:19","date_gmt":"2025-04-10T14:40:19","guid":{"rendered":"https:\/\/eu-people.com\/?page_id=28523"},"modified":"2025-10-13T10:37:52","modified_gmt":"2025-10-13T09:37:52","slug":"formula-for-success","status":"publish","type":"page","link":"https:\/\/eu-people.com\/ro\/formula-for-success\/","title":{"rendered":"Formula pentru succes"},"content":{"rendered":"<div data-elementor-type=\"wp-page\" data-elementor-id=\"28523\" class=\"elementor elementor-28523\" data-elementor-post-type=\"page\">\n\t\t\t\t<div class=\"elementor-element elementor-element-5ea9d36 e-flex e-con-boxed e-con e-parent\" data-id=\"5ea9d36\" data-element_type=\"container\">\n\t\t\t\t\t<div class=\"e-con-inner\">\n\t\t<div class=\"elementor-element elementor-element-e241f27 e-con-full e-flex e-con e-child\" data-id=\"e241f27\" data-element_type=\"container\">\n\t\t<div class=\"elementor-element elementor-element-73d1559 e-con-full e-flex e-con e-child\" data-id=\"73d1559\" data-element_type=\"container\" data-settings=\"{&quot;background_background&quot;:&quot;classic&quot;}\">\n\t\t\t\t<div class=\"elementor-element elementor-element-82b9d42 elementor-widget elementor-widget-heading\" data-id=\"82b9d42\" data-element_type=\"widget\" data-widget_type=\"heading.default\">\n\t\t\t\t<div class=\"elementor-widget-container\">\n\t\t\t\t\t<h2 class=\"elementor-heading-title elementor-size-default\">Zo werkt het<\/h2>\t\t\t\t<\/div>\n\t\t\t\t<\/div>\n\t\t\t\t<div class=\"elementor-element elementor-element-54c7594 elementor-widget elementor-widget-text-editor\" data-id=\"54c7594\" data-element_type=\"widget\" data-widget_type=\"text-editor.default\">\n\t\t\t\t<div class=\"elementor-widget-container\">\n\t\t\t\t\t\t\t\t\t<p>Zo werkt het! Onze kernwaarden zijn <strong>departamentul de afaceri<\/strong>, <strong>servicegerichtheid<\/strong>, <strong>inova\u021bie<\/strong>, <strong>flexibiliteit<\/strong>, <strong>duurzaamheid maar ook<\/strong>\u00a0<strong>goede huisvesting<\/strong> ro <strong>transport veilig<\/strong>. Wij bewijzen dagelijks aan deze kernwaarden echt inhoud te geven en verzamelen actief feedback met name om dit blijvend te garanderen. \u00cen cadrul EU-People, v\u0103 oferim serviciile noastre personale ECHT. Lucra\u021bi al\u0103turi de speciali\u0219ti care, \u00eempreun\u0103 cu dvs., v\u0103 vor oferi cele mai bune oportunit\u0103\u021bi de afaceri \u00een cadrul organiza\u021biei dvs. \u0219i v\u0103 vor ajuta s\u0103 v\u0103 \u00eembun\u0103t\u0103\u021bi\u021bi succesul \u0219i competitivitatea!<\/p><p>Anderen noemen ons DE specialist in logistiek en productie, wij onderscheiden ons door gedegen en actuele kennis van de operationele processen in deze sectoren. Wij, onze teams, nemen echte verantwoordelijkheid, zijn betrokken bij onze klanten en operationeel actief in vele magazijnen, distributiecentra en productiebedrijven - met name in Zuid-Nederland.  Angaja\u021bii \u0219i recrutorii no\u0219tri din UE caut\u0103 o \"potrivire\" optim\u0103 \u00een via\u021ba profesional\u0103 a clien\u021bilor no\u0219tri.<\/p><p>Antrenorii \u0219i managerii no\u0219tri de locuri de munc\u0103 intr\u0103 \u00een contact cu recru\u021bii \u00een mod regulat \u0219i conform cu cerin\u021bele acestora \u0219i \u00eei informeaz\u0103 pe ace\u0219tia cu privire la locul de munc\u0103. Rela\u021biile deschise ofer\u0103 informa\u021bii mai bune recrutorilor no\u0219tri, ceea ce duce la o potrivire mai bun\u0103.<\/p><p>Rela\u021biile stabile ale colan\u021bilor \u00eencep \u00een cazul \u00een care nu sunt respectate. Serviciile noastre flexibile v\u0103 ofer\u0103 o cazare confortabil\u0103, un loc de munc\u0103 confortabil, un tratament adecvat \u0219i corect \u00een timpul s\u0103pt\u0103m\u00e2nii. De asemenea, echipa noastr\u0103 de administra\u021bie prietenoas\u0103 ofer\u0103 asisten\u021b\u0103 \u00een ceea ce prive\u0219te furnizarea de servicii, asisten\u021b\u0103 \u00een caz de pierdere a locului de munc\u0103, desp\u0103gubiri \u0219i multe altele.<\/p>\t\t\t\t\t\t\t\t<\/div>\n\t\t\t\t<\/div>\n\t\t\t\t<div class=\"elementor-element elementor-element-362347c elementor-align-center elementor-widget elementor-widget-button\" data-id=\"362347c\" data-element_type=\"widget\" data-widget_type=\"button.default\">\n\t\t\t\t<div class=\"elementor-widget-container\">\n\t\t\t\t\t\t\t\t\t<div class=\"elementor-button-wrapper\">\n\t\t\t\t\t<a class=\"elementor-button elementor-button-link elementor-size-sm\" href=\"#contact\">\n\t\t\t\t\t\t<span class=\"elementor-button-content-wrapper\">\n\t\t\t\t\t\t<span class=\"elementor-button-icon\">\n\t\t\t\t<i aria-hidden=\"true\" class=\"fas fa-chevron-right\"><\/i>\t\t\t<\/span>\n\t\t\t\t\t\t\t\t\t<span class=\"elementor-button-text\">Samen aan de slag!<\/span>\n\t\t\t\t\t<\/span>\n\t\t\t\t\t<\/a>\n\t\t\t\t<\/div>\n\t\t\t\t\t\t\t\t<\/div>\n\t\t\t\t<\/div>\n\t\t\t\t<\/div>\n\t\t\t\t<\/div>\n\t\t\t\t\t<\/div>\n\t\t\t\t<\/div>\n\t\t<div class=\"elementor-element elementor-element-bd27551 e-flex e-con-boxed e-con e-parent\" data-id=\"bd27551\" data-element_type=\"container\">\n\t\t\t\t\t<div class=\"e-con-inner\">\n\t\t<div class=\"elementor-element elementor-element-a1a58d6 e-con-full e-flex e-con e-child\" data-id=\"a1a58d6\" data-element_type=\"container\">\n\t\t\t\t<div class=\"elementor-element elementor-element-8ba7452 elementor-widget__width-initial elementor-widget elementor-widget-image\" data-id=\"8ba7452\" data-element_type=\"widget\" data-widget_type=\"image.default\">\n\t\t\t\t<div class=\"elementor-widget-container\">\n\t\t\t\t\t\t\t\t\t\t\t\t\t\t\t<img decoding=\"async\" src=\"https:\/\/eu-people.com\/wp-content\/uploads\/2025\/04\/Dutch-labor-contract.png\" title=\"Dutch-labor-contract.png\" alt=\"Dutch-labor-contract.png\" loading=\"lazy\" \/>\t\t\t\t\t\t\t\t\t\t\t\t\t\t\t<\/div>\n\t\t\t\t<\/div>\n\t\t<div class=\"elementor-element elementor-element-abd1b70 e-con-full e-flex e-con e-child\" data-id=\"abd1b70\" data-element_type=\"container\" data-settings=\"{&quot;background_background&quot;:&quot;classic&quot;}\">\n\t\t\t\t<div class=\"elementor-element elementor-element-69ed229 elementor-widget elementor-widget-heading\" data-id=\"69ed229\" data-element_type=\"widget\" data-widget_type=\"heading.default\">\n\t\t\t\t<div class=\"elementor-widget-container\">\n\t\t\t\t\t<h2 class=\"elementor-heading-title elementor-size-default\">G-rekening<\/h2>\t\t\t\t<\/div>\n\t\t\t\t<\/div>\n\t\t\t\t<div class=\"elementor-element elementor-element-57fd9f2 elementor-widget elementor-widget-text-editor\" data-id=\"57fd9f2\" data-element_type=\"widget\" data-widget_type=\"text-editor.default\">\n\t\t\t\t<div class=\"elementor-widget-container\">\n\t\t\t\t\t\t\t\t\t<p>EU-People ne permite s\u0103 folosim o <a href=\"https:\/\/www.belastingdienst.nl\/wps\/wcm\/connect\/bldcontentnl\/belastingdienst\/zakelijk\/internationaal \/personeel\/u_bent_niet_in_nederland_gevestigd_loonheffingen_inhouden\/wanneer_moet_u_loonheffi ngen_inhouden1\/u_bent_inhoudingsplichtig1\/u_zendt_of_leent_personeel_uit_of_u_detacheert_perso neel_in_nederland\/g-rekening\" target=\"_blank\" rel=\"noopener nofollow\">Geblokkeerde rekening (G-rekening)<\/a> voor de betaling van loonheffingen en\/of BTW aan de Belastingdienst. Gebruik van onze G-rekening minimaliseert de kans dat de Belastingdienst onze klanten door inzet van de <a href=\"http:\/\/www.belastingdienst.nl\/wps\/wcm\/connect\/bldcontentnl\/belastingdienst\/zakelijk\/aangifte_betalen_en_toezicht\/aansprakelijkheid\/ketenaansprakelijkheid\/ketenaansprakelijkheid\" target=\"_blank\" rel=\"noopener nofollow\">WKA (Wet Keten Aansprakelijkheid)<\/a> kan belasten voor niet-afgedragen sociale lasten en BTW. Op onze facturen wordt een bedrag ter waarde van 29% van de factuurwaarde ex. BTW apart aangegeven - te betalen op onze G-rekening. Dit bedrag is voldoende om onze klanten voor potenti\u00eble negatieve consequenties te vrijwaren.<\/p>\t\t\t\t\t\t\t\t<\/div>\n\t\t\t\t<\/div>\n\t\t\t\t<\/div>\n\t\t\t\t<\/div>\n\t\t\t\t\t<\/div>\n\t\t\t\t<\/div>\n\t\t\t\t<\/div>","protected":false},"excerpt":{"rendered":"<p>Zo werkt het Zo werkt het! Onze kernwaarden zijn betrouwbaarheid, servicegerichtheid, inovatie, flexibiliteit, duurzaamheid maar ook goede huisvesting en veilig transport. Noi ne concentr\u0103m \u00een mod constant asupra acestor obiective \u0219i le evalu\u0103m \u00een mod activ \u00een func\u021bie de nume, pentru a garanta c\u0103 acestea sunt satisf\u0103c\u0103toare. \u00cen cadrul EU-People, v\u0103 oferim serviciile noastre personale ECHT. Lucra\u021bi \u00eempreun\u0103 cu speciali\u0219ti... <a class=\"more-link\" href=\"https:\/\/eu-people.com\/ro\/formula-for-success\/\">Continu\u0103 lectura <span class=\"screen-reader-text\">Formula pentru succes<\/span><\/a><\/p>","protected":false},"author":1,"featured_media":0,"parent":0,"menu_order":0,"comment_status":"closed","ping_status":"closed","template":"","meta":{"footnotes":""},"class_list":["post-28523","page","type-page","status-publish","hentry","entry"],"yoast_head":"<!-- This site is optimized with the Yoast SEO Premium plugin v25.3.1 (Yoast SEO v25.3.1) - https:\/\/yoast.com\/wordpress\/plugins\/seo\/ -->\n<title>Formula for success - EU-People | Profs for Profs<\/title>\n<meta name=\"description\" content=\"Formula for success - EU-People | Profs for Profs %\" \/>\n<meta name=\"robots\" content=\"index, follow, max-snippet:-1, max-image-preview:large, max-video-preview:-1\" \/>\n<link rel=\"canonical\" href=\"https:\/\/eu-people.com\/ro\/formula-for-success\/\" \/>\n<meta property=\"og:locale\" content=\"ro_RO\" \/>\n<meta property=\"og:type\" content=\"article\" \/>\n<meta property=\"og:title\" content=\"Formula for success\" \/>\n<meta property=\"og:description\" content=\"Formula for success - EU-People | Profs for Profs %\" \/>\n<meta property=\"og:url\" content=\"https:\/\/eu-people.com\/ro\/formula-for-success\/\" \/>\n<meta property=\"og:site_name\" content=\"EU-People | Profs for Profs\" \/>\n<meta property=\"article:publisher\" content=\"https:\/\/www.facebook.com\/EUpeopleHQ\/\" \/>\n<meta property=\"article:modified_time\" content=\"2025-10-13T09:37:52+00:00\" \/>\n<meta property=\"og:image\" content=\"https:\/\/eu-people.com\/wp-content\/uploads\/2025\/04\/Dutch-labor-contract.png\" \/>\n<meta name=\"twitter:card\" content=\"summary_large_image\" \/>\n<meta name=\"twitter:label1\" content=\"Timp estimat pentru citire\" \/>\n\t<meta name=\"twitter:data1\" content=\"2 minute\" \/>\n<script type=\"application\/ld+json\" class=\"yoast-schema-graph\">{\"@context\":\"https:\/\/schema.org\",\"@graph\":[{\"@type\":\"WebPage\",\"@id\":\"https:\/\/eu-people.com\/formula-for-success\/\",\"url\":\"https:\/\/eu-people.com\/formula-for-success\/\",\"name\":\"Formula for success - EU-People | Profs for Profs\",\"isPartOf\":{\"@id\":\"https:\/\/eu-people.com\/pl\/#website\"},\"primaryImageOfPage\":{\"@id\":\"https:\/\/eu-people.com\/formula-for-success\/#primaryimage\"},\"image\":{\"@id\":\"https:\/\/eu-people.com\/formula-for-success\/#primaryimage\"},\"thumbnailUrl\":\"https:\/\/eu-people.com\/wp-content\/uploads\/2025\/04\/Dutch-labor-contract.png\",\"datePublished\":\"2025-04-10T14:40:19+00:00\",\"dateModified\":\"2025-10-13T09:37:52+00:00\",\"description\":\"Formula for success - EU-People | Profs for Profs %\",\"breadcrumb\":{\"@id\":\"https:\/\/eu-people.com\/formula-for-success\/#breadcrumb\"},\"inLanguage\":\"ro-RO\",\"potentialAction\":[{\"@type\":\"ReadAction\",\"target\":[\"https:\/\/eu-people.com\/formula-for-success\/\"]}]},{\"@type\":\"ImageObject\",\"inLanguage\":\"ro-RO\",\"@id\":\"https:\/\/eu-people.com\/formula-for-success\/#primaryimage\",\"url\":\"https:\/\/eu-people.com\/wp-content\/uploads\/2025\/04\/Dutch-labor-contract.png\",\"contentUrl\":\"https:\/\/eu-people.com\/wp-content\/uploads\/2025\/04\/Dutch-labor-contract.png\"},{\"@type\":\"BreadcrumbList\",\"@id\":\"https:\/\/eu-people.com\/formula-for-success\/#breadcrumb\",\"itemListElement\":[{\"@type\":\"ListItem\",\"position\":1,\"name\":\"Home\",\"item\":\"https:\/\/eu-people.com\/\"},{\"@type\":\"ListItem\",\"position\":2,\"name\":\"Formula for success\"}]},{\"@type\":\"WebSite\",\"@id\":\"https:\/\/eu-people.com\/pl\/#website\",\"url\":\"https:\/\/eu-people.com\/pl\/\",\"name\":\"EU-People | Profs for Profs\",\"description\":\"\",\"publisher\":{\"@id\":\"https:\/\/eu-people.com\/pl\/#organization\"},\"potentialAction\":[{\"@type\":\"SearchAction\",\"target\":{\"@type\":\"EntryPoint\",\"urlTemplate\":\"https:\/\/eu-people.com\/pl\/?s={search_term_string}\"},\"query-input\":{\"@type\":\"PropertyValueSpecification\",\"valueRequired\":true,\"valueName\":\"search_term_string\"}}],\"inLanguage\":\"ro-RO\"},{\"@type\":\"Organization\",\"@id\":\"https:\/\/eu-people.com\/pl\/#organization\",\"name\":\"EU-People | Profs for Profs\",\"url\":\"https:\/\/eu-people.com\/pl\/\",\"logo\":{\"@type\":\"ImageObject\",\"inLanguage\":\"ro-RO\",\"@id\":\"https:\/\/eu-people.com\/pl\/#\/schema\/logo\/image\/\",\"url\":\"https:\/\/eu-people.com\/wp-content\/uploads\/2022\/01\/logo-alt.svg\",\"contentUrl\":\"https:\/\/eu-people.com\/wp-content\/uploads\/2022\/01\/logo-alt.svg\",\"width\":956,\"height\":354,\"caption\":\"EU-People | Profs for Profs\"},\"image\":{\"@id\":\"https:\/\/eu-people.com\/pl\/#\/schema\/logo\/image\/\"},\"sameAs\":[\"https:\/\/www.facebook.com\/EUpeopleHQ\/\",\"https:\/\/www.instagram.com\/eupeople_jobs\/\",\"https:\/\/www.linkedin.com\/company\/eu-people-b.v.\/\"]}]}<\/script>\n<!-- \/ Yoast SEO Premium plugin. -->","yoast_head_json":{"title":"Formula for success - EU-People | Profs for Profs","description":"Formula for success - EU-People | Profs for Profs %","robots":{"index":"index","follow":"follow","max-snippet":"max-snippet:-1","max-image-preview":"max-image-preview:large","max-video-preview":"max-video-preview:-1"},"canonical":"https:\/\/eu-people.com\/ro\/formula-for-success\/","og_locale":"ro_RO","og_type":"article","og_title":"Formula for success","og_description":"Formula for success - EU-People | Profs for Profs %","og_url":"https:\/\/eu-people.com\/ro\/formula-for-success\/","og_site_name":"EU-People | Profs for Profs","article_publisher":"https:\/\/www.facebook.com\/EUpeopleHQ\/","article_modified_time":"2025-10-13T09:37:52+00:00","og_image":[{"url":"https:\/\/eu-people.com\/wp-content\/uploads\/2025\/04\/Dutch-labor-contract.png","type":"","width":"","height":""}],"twitter_card":"summary_large_image","twitter_misc":{"Timp estimat pentru citire":"2 minute"},"schema":{"@context":"https:\/\/schema.org","@graph":[{"@type":"WebPage","@id":"https:\/\/eu-people.com\/formula-for-success\/","url":"https:\/\/eu-people.com\/formula-for-success\/","name":"Formula for success - EU-People | Profs for Profs","isPartOf":{"@id":"https:\/\/eu-people.com\/pl\/#website"},"primaryImageOfPage":{"@id":"https:\/\/eu-people.com\/formula-for-success\/#primaryimage"},"image":{"@id":"https:\/\/eu-people.com\/formula-for-success\/#primaryimage"},"thumbnailUrl":"https:\/\/eu-people.com\/wp-content\/uploads\/2025\/04\/Dutch-labor-contract.png","datePublished":"2025-04-10T14:40:19+00:00","dateModified":"2025-10-13T09:37:52+00:00","description":"Formula for success - EU-People | Profs for Profs %","breadcrumb":{"@id":"https:\/\/eu-people.com\/formula-for-success\/#breadcrumb"},"inLanguage":"ro-RO","potentialAction":[{"@type":"ReadAction","target":["https:\/\/eu-people.com\/formula-for-success\/"]}]},{"@type":"ImageObject","inLanguage":"ro-RO","@id":"https:\/\/eu-people.com\/formula-for-success\/#primaryimage","url":"https:\/\/eu-people.com\/wp-content\/uploads\/2025\/04\/Dutch-labor-contract.png","contentUrl":"https:\/\/eu-people.com\/wp-content\/uploads\/2025\/04\/Dutch-labor-contract.png"},{"@type":"BreadcrumbList","@id":"https:\/\/eu-people.com\/formula-for-success\/#breadcrumb","itemListElement":[{"@type":"ListItem","position":1,"name":"Home","item":"https:\/\/eu-people.com\/"},{"@type":"ListItem","position":2,"name":"Formula for success"}]},{"@type":"WebSite","@id":"https:\/\/eu-people.com\/pl\/#website","url":"https:\/\/eu-people.com\/pl\/","name":"EU-People | Profs for Profs","description":"","publisher":{"@id":"https:\/\/eu-people.com\/pl\/#organization"},"potentialAction":[{"@type":"SearchAction","target":{"@type":"EntryPoint","urlTemplate":"https:\/\/eu-people.com\/pl\/?s={search_term_string}"},"query-input":{"@type":"PropertyValueSpecification","valueRequired":true,"valueName":"search_term_string"}}],"inLanguage":"ro-RO"},{"@type":"Organization","@id":"https:\/\/eu-people.com\/pl\/#organization","name":"EU-People | Profs for Profs","url":"https:\/\/eu-people.com\/pl\/","logo":{"@type":"ImageObject","inLanguage":"ro-RO","@id":"https:\/\/eu-people.com\/pl\/#\/schema\/logo\/image\/","url":"https:\/\/eu-people.com\/wp-content\/uploads\/2022\/01\/logo-alt.svg","contentUrl":"https:\/\/eu-people.com\/wp-content\/uploads\/2022\/01\/logo-alt.svg","width":956,"height":354,"caption":"EU-People | Profs for Profs"},"image":{"@id":"https:\/\/eu-people.com\/pl\/#\/schema\/logo\/image\/"},"sameAs":["https:\/\/www.facebook.com\/EUpeopleHQ\/","https:\/\/www.instagram.com\/eupeople_jobs\/","https:\/\/www.linkedin.com\/company\/eu-people-b.v.\/"]}]}},"_links":{"self":[{"href":"https:\/\/eu-people.com\/ro\/wp-json\/wp\/v2\/pages\/28523","targetHints":{"allow":["GET"]}}],"collection":[{"href":"https:\/\/eu-people.com\/ro\/wp-json\/wp\/v2\/pages"}],"about":[{"href":"https:\/\/eu-people.com\/ro\/wp-json\/wp\/v2\/types\/page"}],"author":[{"embeddable":true,"href":"https:\/\/eu-people.com\/ro\/wp-json\/wp\/v2\/users\/1"}],"replies":[{"embeddable":true,"href":"https:\/\/eu-people.com\/ro\/wp-json\/wp\/v2\/comments?post=28523"}],"version-history":[{"count":13,"href":"https:\/\/eu-people.com\/ro\/wp-json\/wp\/v2\/pages\/28523\/revisions"}],"predecessor-version":[{"id":28795,"href":"https:\/\/eu-people.com\/ro\/wp-json\/wp\/v2\/pages\/28523\/revisions\/28795"}],"wp:attachment":[{"href":"https:\/\/eu-people.com\/ro\/wp-json\/wp\/v2\/media?parent=28523"}],"curies":[{"name":"wp","href":"https:\/\/api.w.org\/{rel}","templated":true}]}}