{"id":3392,"date":"2022-03-22T09:58:54","date_gmt":"2022-03-22T08:58:54","guid":{"rendered":"https:\/\/eu-people.com\/?page_id=3392"},"modified":"2024-02-05T17:16:57","modified_gmt":"2024-02-05T16:16:57","slug":"privacy-policy","status":"publish","type":"page","link":"https:\/\/eu-people.com\/ro\/privacy-policy\/","title":{"rendered":"Politica de confiden\u021bialitate"},"content":{"rendered":"<div data-elementor-type=\"wp-page\" data-elementor-id=\"3392\" class=\"elementor elementor-3392\" data-elementor-post-type=\"page\">\n\t\t\t\t\t\t<section class=\"elementor-section elementor-top-section elementor-element elementor-element-6ee6bfc elementor-section-boxed elementor-section-height-default elementor-section-height-default\" data-id=\"6ee6bfc\" data-element_type=\"section\">\n\t\t\t\t\t\t<div class=\"elementor-container elementor-column-gap-default\">\n\t\t\t\t\t<div class=\"elementor-column elementor-col-100 elementor-top-column elementor-element elementor-element-390dd764\" data-id=\"390dd764\" data-element_type=\"column\">\n\t\t\t<div class=\"elementor-widget-wrap elementor-element-populated\">\n\t\t\t\t\t\t<div class=\"elementor-element elementor-element-71079db8 elementor-widget elementor-widget-text-editor\" data-id=\"71079db8\" data-element_type=\"widget\" data-widget_type=\"text-editor.default\">\n\t\t\t\t<div class=\"elementor-widget-container\">\n\t\t\t\t\t\t\t\t\t<h1>Politica de confiden\u021bialitate<\/h1><h4>\u00a0<\/h4><h4>\u00a0<\/h4><h4>Cine suntem<\/h4><p>Adresa site-ului nostru este: https:\/\/eu-people.com. Ne pute\u021bi contacta la info@eu-people.com pentru chestiuni legate de confiden\u021bialitate. La EU-People BV ne respect\u0103m angaja\u021bii temporari, clien\u021bii \u0219i colegii \u0219i confiden\u021bialitatea acestora. \u00cen contextul angajamentului nostru fa\u021b\u0103 de calitate \u0219i integritate, protec\u021bia \u0219i securitatea datelor reprezint\u0103 una dintre cele mai mari priorit\u0103\u021bi ale noastre. Organiza\u021bia noastr\u0103 profesional\u0103 \u00ee\u0219i propune s\u0103 ofere c\u00e2t mai mult\u0103 transparen\u021b\u0103 cu privire la ceea ce facem cu datele personale \u0219i de ce facem acest lucru.Dac\u0103 ne furniza\u021bi date cu caracter personal, atunci EU-People BV va fi considerat\u0103 responsabil\u0103 \u00een sensul AVG privind datele cu caracter personal. EU-People BV are sediul la Esp 244, 5633 AC Eindhoven \u0219i este \u00eenregistrat\u0103 la Camera de Comer\u021b sub num\u0103rul 17198890.<\/p><h4>Observa\u021bii<\/h4><p>Atunci c\u00e2nd vizitatorii las\u0103 comentarii pe site, colect\u0103m datele afi\u0219ate \u00een formularul de comentarii, precum \u0219i adresa IP a vizitatorului \u0219i \u0219irul agentului de utilizator al browserului pentru a ajuta la detectarea spam-ului.<\/p><p>Un \u0219ir anonim creat din adresa dvs. de e-mail (numit \u0219i hash) poate fi furnizat serviciului Gravatar pentru a vedea dac\u0103 \u00eel utiliza\u021bi. Politica de confiden\u021bialitate a serviciului Gravatar este disponibil\u0103 aici: https:\/\/automattic.com\/privacy\/. Dup\u0103 aprobarea comentariului dvs., imaginea dvs. de profil este vizibil\u0103 publicului \u00een contextul comentariului dvs.<\/p><h4>Cookie-uri<\/h4><p><span style=\"color: var( --e-global-color-text );\">EU-People BV utilizeaz\u0103 module cookie pe site-ul s\u0103u web. Modulele cookie sunt fi\u0219iere text care sunt stocate pe computerul sau dispozitivele dvs. mobile atunci c\u00e2nd vizita\u021bi site-ul web. Cookie-urile func\u021bionale sunt plasate prin intermediul site-ului web al EU-People BV. Acestea sunt module cookie care asigur\u0103 func\u021bionarea corect\u0103 a site-ului web. Aceste module cookie sunt utilizate, de exemplu, pentru a re\u021bine informa\u021biile pe care le introduce\u021bi atunci c\u00e2nd v\u0103 \u00eenregistra\u021bi ca persoan\u0103 \u00een c\u0103utarea unui loc de munc\u0103, candida\u021bi pentru un post vacant sau v\u0103 \u00eenregistra\u021bi pentru un buletin informativ.\u00a0<\/span><span style=\"color: var( --e-global-color-text );\">Dac\u0103 l\u0103sa\u021bi un comentariu pe site-ul nostru, pute\u021bi opta pentru salvarea numelui, adresei de e-mail \u0219i site-ului dvs. \u00een cookie-uri. Acestea sunt pentru confortul dvs., astfel \u00eenc\u00e2t s\u0103 nu trebuiasc\u0103 s\u0103 v\u0103 completa\u021bi datele din nou atunci c\u00e2nd l\u0103sa\u021bi un alt comentariu. Aceste cookie-uri vor dura un an.\u00a0<\/span><span style=\"color: var( --e-global-color-text );\">Cookie-urile func\u021bionale sunt, de asemenea, utilizate pentru a citi set\u0103rile browserului dvs. pentru a afi\u0219a site-ul web pe ecran \u00een mod corect.Butoanele social media de pe site con\u021bin doar linkuri c\u0103tre paginile social media relevante. EU-People BV nu va prelucra date cu caracter personal prin intermediul acestor butoane. Dac\u0103 face\u021bi clic pe un buton de social media, datele dvs. personale vor fi prelucrate de serviciul de social media relevant.<\/span><\/p><h4>Con\u021binut \u00eencorporat de pe alte site-uri web<\/h4><p>Articolele de pe acest site pot include con\u021binut \u00eencorporat (de exemplu, videoclipuri, imagini, articole etc.). Con\u021binutul \u00eencorporat de pe alte site-uri se comport\u0103 exact \u00een acela\u0219i mod ca \u0219i cum vizitatorul ar fi vizitat cel\u0103lalt site.<\/p><p>Aceste site-uri web pot colecta date despre dvs., pot utiliza module cookie, pot \u00eencorpora date de urm\u0103rire suplimentare de la ter\u021bi \u0219i pot monitoriza interac\u021biunea dvs. cu con\u021binutul \u00eencorporat, inclusiv urm\u0103rirea interac\u021biunii dvs. cu con\u021binutul \u00eencorporat dac\u0103 ave\u021bi un cont \u0219i sunte\u021bi conectat la site-ul web respectiv.<\/p><h4>Prelucrarea datelor cu caracter personal ale \u00eenregistr\u0103rilor \u0219i ale angaja\u021bilor<\/h4><p>Dac\u0103 solicita\u021bi informa\u021bii de la EU-People BV, v\u0103 vom cere informa\u021bii precum numele, num\u0103rul de telefon sau adresa de e-mail. Informa\u021biile privind confiden\u021bialitatea nu v\u0103 vor fi furnizate prin telefon.Dac\u0103 r\u0103spunde\u021bi la un post vacant, EU-People BV v\u0103 solicit\u0103, de asemenea, informa\u021bii suplimentare, cum ar fi data na\u0219terii, na\u021bionalitatea, sexul, detalii privind permisul de conducere, CV-ul, preferin\u021bele dumneavoastr\u0103 profesionale \u0219i capacitatea dumneavoastr\u0103 func\u021bional\u0103 de a efectua anumite tipuri de munc\u0103.Pentru a ob\u021bine o imagine complet relevant\u0103 a candida\u021bilor, putem consulta alte surse, cum ar fi internetul. V\u0103 vom comunica rezultatele pentru a evita s\u0103 ne facem o impresie gre\u0219it\u0103 sau irelevant\u0103 despre dumneavoastr\u0103.De asemenea, verific\u0103m referin\u021bele candida\u021bilor, dar nu \u00eenainte ca ace\u0219tia s\u0103 fi fost informa\u021bi (verbal) \u00een prealabil cu privire la acest lucru. De asemenea, putem solicita informa\u021bii suplimentare, solicitate sau cerute de angajator, cum ar fi certificate sau un VOG.\u00cen momentul \u00een care \u00eencepe\u021bi s\u0103 lucra\u021bi pentru EU-People BV, lucra\u021bi deja sau a\u021bi lucrat, vom prelucra, de asemenea, datele cu caracter personal necesare \u00een contextul administr\u0103rii personalului \u0219i a salariilor, cum ar fi BSN, date privind actul dumneavoastr\u0103 de identitate, detalii bancare, orice permis de munc\u0103, orele lucrate \u0219i alte date necesare.Aceste date pot fi transmise societ\u0103\u021bii noastre surori EU-People Polska Sp. z o.o., partenerilor no\u0219tri de afaceri \u0219i subcontractan\u021bilor (de exemplu, procesatorilor de date), care furnizeaz\u0103 servicii \u00een numele s\u0103u, \u0219i \u00een toate celelalte cazuri \u00een care EU-People BV poate fi obligat\u0103 s\u0103 fac\u0103 acest lucru. De asemenea, v\u0103 putem plasa numele pe listele de planificare, printre altele pentru a v\u0103 permite s\u0103 \u00eencheia\u021bi acorduri cu privire la deplasarea \u00eempreun\u0103 (durabil\u0103) c\u0103tre \u0219i de la locul de munc\u0103.\u00a0<span style=\"color: var( --e-global-color-text );\">Sistemele noastre nu utilizeaz\u0103 profilarea \/ luarea deciziilor complet automatizate.<\/span><\/p><h4>Prelucrarea datelor cu caracter personal ale rela\u021biilor de afaceri<\/h4><p>Datele personale ale rela\u021biilor de afaceri con\u021bin datele de contact ale furnizorilor, v\u00e2nz\u0103torilor, angaja\u021bilor clien\u021bilor, referin\u021belor \u0219i ale oric\u0103rei alte agen\u021bii cu care men\u021binem o rela\u021bie de afaceri. EU-People BV prelucreaz\u0103 aceste date cu caracter personal pentru a face oferte sau a furniza informa\u021bii despre servicii \u0219i alte activit\u0103\u021bi \u0219i pentru a men\u021bine o rela\u021bie de afaceri sau pentru a \u00eencheia \u0219i men\u021bine un acord.Furniz\u0103m, printre altele, urm\u0103toarele detalii personale ale rela\u021biilor de afaceri: numele, datele de contact \u0219i func\u021biile persoanelor de contact. EU-People BV poate transmite datele cu caracter personal ob\u021binute de la rela\u021biile sale de afaceri dac\u0103 acest lucru este necesar pentru atingerea obiectivelor rela\u021biei de afaceri sau \u00een beneficiul medierii. Aceste date pot fi transmise societ\u0103\u021bii noastre surori EU-People Polska Sp. z o.o., solicitan\u021bilor sau candida\u021bilor, partenerilor de afaceri \u0219i subcontractan\u021bilor (de exemplu, procesatorilor de date), care furnizeaz\u0103 servicii \u00een numele s\u0103u, \u0219i \u00een toate celelalte cazuri \u00een care EU-People BV poate fi obligat\u0103 s\u0103 fac\u0103 acest lucru.<\/p><h4>Scopuri<\/h4><p>EU-People BV poate prelucra datele cu caracter personal pentru a:<\/p><p>- s\u0103 respecte obliga\u021biile legale, inclusiv obliga\u021biile fiscale, obliga\u021biile de securitate social\u0103 \u0219i obliga\u021biile de reintegrare;<\/p><p>- r\u0103spunde la \u00eentreb\u0103ri \u0219i comentarii;<\/p><p>- s\u0103 v\u0103 putem contacta \u00een scopuri de marketing \u0219i pentru informa\u021bii despre noi;<\/p><p>- s\u0103 fie \u00een m\u0103sur\u0103 s\u0103 evalueze dac\u0103 sunte\u021bi apt pentru medierea unui loc de munc\u0103 (temporar) sau a unei misiuni;<\/p><p>- \u00eencheierea \u0219i executarea unei rela\u021bii de angajat sau de brokeraj \u0219i a condi\u021biilor de angajare aferente;<\/p><p>- gestioneaz\u0103 \u0219i men\u021bine administrarea personalului \u0219i a serviciilor de brokeraj;<\/p><p>- s\u0103 \u00eencheie \u0219i s\u0103 execute un contract cu un client;<\/p><p>- s\u0103 v\u0103 promova\u021bi dezvoltarea personal\u0103 \u0219i capacitatea de inser\u021bie profesional\u0103 prin educa\u021bie \u0219i formare;<\/p><p>- s\u0103 poat\u0103 face apel la orice cerere de presta\u021bii;<\/p><p>- s\u0103 fie \u00een m\u0103sur\u0103 s\u0103 organizeze asisten\u021ba medical\u0103 sau social\u0103 a companiei;<\/p><p>- furnizarea de locuin\u021be;<\/p><p>- efectuarea de audituri;<\/p><p>- s\u0103 se ocupe de reclama\u021bii \u0219i litigii;<\/p><p>- s\u0103 furnizeze poli\u021bele de asigurare necesare.<\/p><p>\u00a0<\/p><p>Prelucrarea datelor dvs. cu caracter personal are loc pe baza unei obliga\u021bii legale, \u00een punerea \u00een aplicare a acordului pe care \u00eel \u00eencheiem sau l-am \u00eencheiat cu dvs. sau pe baza interesului legitim al EU-People BV de a-\u0219i putea executa serviciile c\u00e2t mai eficient \u0219i mai u\u0219or pentru clien\u021bi.<\/p><h4>P\u0103r\u021bile ter\u021be<\/h4><p>\u00cen scopurile men\u021bionate mai sus, putem utiliza serviciile unor p\u0103r\u021bi ter\u021be c\u0103rora le putem furniza datele dumneavoastr\u0103 cu caracter personal \u00een acest context. S\u0103 lu\u0103m \u00een considerare, de exemplu, furnizorii no\u0219tri IT, furnizorul de pensii sau furnizorii de servicii de telecomunica\u021bii. EU-People BV poate, de asemenea, s\u0103 transmit\u0103 datele dumneavoastr\u0103 cu caracter personal clien\u021bilor s\u0103i sau societ\u0103\u021bii noastre surori EU-People Polska Sp. z o.o. Este de la sine \u00een\u021beles c\u0103 confiden\u021bialitatea dumneavoastr\u0103 va fi tratat\u0103 cu cea mai mare aten\u021bie pentru aceste beneficii.\u00cen cazul \u00een care EU-People BV este obligat\u0103 s\u0103 fac\u0103 acest lucru pe baza legii sau a reglement\u0103rilor, datele dvs. personale pot fi furnizate autorit\u0103\u021bilor competente \u0219i autorit\u0103\u021bilor guvernamentale din Olanda \u0219i din str\u0103in\u0103tate. Datele dumneavoastr\u0103 cu caracter personal nu vor fi v\u00e2ndute sau \u00eenchiriate \u00een scopuri comerciale.<\/p><h4>C\u00e2t timp p\u0103str\u0103m datele dumneavoastr\u0103<\/h4><p>Perioadele de p\u0103strare pe care le folosim sunt \u00een conformitate cu perioadele legale de custodie \u0219i p\u0103strare, cum ar fi obliga\u021bia fiscal\u0103 de p\u0103strare, sau mai lungi dac\u0103 este necesar pentru solu\u021bionarea litigiilor.\u00a0<span style=\"color: var( --e-global-color-text );\">Dac\u0103 l\u0103sa\u021bi un comentariu, comentariul \u0219i metadatele acestuia sunt p\u0103strate pe o perioad\u0103 nedeterminat\u0103. Acest lucru ne permite s\u0103 recunoa\u0219tem \u0219i s\u0103 aprob\u0103m automat orice comentarii ulterioare, \u00een loc s\u0103 le re\u021binem \u00eentr-o coad\u0103 de moderare.<\/span><\/p><p>Pentru utilizatorii care se \u00eenregistreaz\u0103 pe site-ul nostru (dac\u0103 exist\u0103), stoc\u0103m, de asemenea, informa\u021biile personale pe care le furnizeaz\u0103 \u00een profilul lor de utilizator. To\u021bi utilizatorii pot vedea, edita sau \u0219terge informa\u021biile lor personale \u00een orice moment (cu excep\u021bia faptului c\u0103 nu \u00ee\u0219i pot schimba numele de utilizator). Administratorii site-ului web pot, de asemenea, s\u0103 vad\u0103 \u0219i s\u0103 editeze informa\u021biile respective.<\/p><h4>Securitate<\/h4><p>EU-People BV acord\u0103 cea mai mare aten\u021bie securit\u0103\u021bii datelor dumneavoastr\u0103 cu caracter personal, pentru a preveni accesul neautorizat la acestea. Aplic\u0103m o politic\u0103 de securitate strict\u0103 care este evaluat\u0103 periodic \u0219i ajustat\u0103 dac\u0103 este necesar. Furniz\u0103m informa\u021bii cu caracter personal numai dac\u0103 suntem convin\u0219i c\u0103 destinatarul este \u00eendrept\u0103\u021bit s\u0103 fac\u0103 acest lucru. Prin telefon, furniz\u0103m informa\u021bii cu caracter personal (de exemplu, c\u0103tre UWV) numai \u00een cazuri foarte excep\u021bionale, dup\u0103 o verificare foarte am\u0103nun\u021bit\u0103 a destinatarului. Atunci c\u00e2nd furniz\u0103m date cu caracter personal, adopt\u0103m cele mai \u00eenalte m\u0103suri de securitate posibile.<\/p><h4>Ce drepturi ave\u021bi cu privire la datele dumneavoastr\u0103<\/h4><p>Ave\u021bi dreptul de a solicita EU-People BV \u00een scris:<\/p><p>- accesul la datele dumneavoastr\u0103 cu caracter personal;<\/p><p>- o copie a datelor cu caracter personal pe care le prelucr\u0103m de la dumneavoastr\u0103.<\/p><p>- Preg\u0103tirea datelor dvs. personale \u00een portalul nostru pentru portabilitatea datelor.<\/p><p>Cererea dvs. va fi tratat\u0103 de EU-People BV \u00een termen de patru s\u0103pt\u0103m\u00e2ni.<\/p><p>Dac\u0103 se pare c\u0103 datele cu caracter personal prelucrate de EU-People BV con\u021bin inexactit\u0103\u021bi, pute\u021bi solicita EU-People BV s\u0103 \u00eembun\u0103t\u0103\u021beasc\u0103 sau s\u0103 completeze aceste date.Ave\u021bi dreptul de a solicita EU-People BV s\u0103 v\u0103 protejeze datele cu caracter personal. Ave\u021bi dreptul de a solicita EU-People BV s\u0103 v\u0103 \u0219tearg\u0103 datele. \u00cen m\u0103sura \u00een care este posibil din punct de vedere tehnic, vom elimina datele (cu excep\u021bia datelor pe care suntem obliga\u021bi prin lege s\u0103 le p\u0103str\u0103m) din sistemele noastre. V\u0103 pute\u021bi opune \u00een orice moment prelucr\u0103rii datelor dvs. cu caracter personal \u00een scopuri de marketing.Cererile bazate pe dreptul de inspec\u021bie, corectare, eliminare sau opozi\u021bie pot fi adresate \u00een scris (cu referire la numele dvs. complet + data na\u0219terii + semn\u0103tura) la:<\/p><p>EU-People BV, Esp 244, 5633 AC Eindhoven<\/p><p>Dac\u0103 ave\u021bi pl\u00e2ngeri cu privire la prelucrarea datelor dvs. cu caracter personal de c\u0103tre EU-People BV, ne pute\u021bi raporta acest lucru (+31 (0) 88-2014100 - administration@eu-people.com ) sau pute\u021bi depune o pl\u00e2ngere la Autoritatea pentru date cu caracter personal. Website: https:\/\/autoriteitpersoonsgegevens.nl\/.<\/p><h4>Unde v\u0103 trimitem datele<\/h4><p>Comentariile vizitatorilor pot fi verificate prin intermediul unui serviciu automat de detectare a spam-ului. Datele dvs. sunt trimise c\u0103tre CRM-ul EU-People prin intermediul unui API. Fi\u0219ierele \u0219i datele dvs. nu sunt salvate pe serverul acestui site web.<\/p>\t\t\t\t\t\t\t\t<\/div>\n\t\t\t\t<\/div>\n\t\t\t\t\t<\/div>\n\t\t<\/div>\n\t\t\t\t\t<\/div>\n\t\t<\/section>\n\t\t\t\t<\/div>","protected":false},"excerpt":{"rendered":"<p>Politica de confiden\u021bialitate Cine suntemAdresa site-ului nostru este: https:\/\/eu-people.com. Ne pute\u021bi contacta la info@eu-people.com pentru chestiuni legate de confiden\u021bialitate. La EU-People BV ne respect\u0103m angaja\u021bii temporari, clien\u021bii \u0219i colegii \u0219i confiden\u021bialitatea acestora. \u00cen contextul angajamentului nostru fa\u021b\u0103 de calitate \u0219i integritate, protec\u021bia \u0219i securitatea datelor reprezint\u0103 una dintre cele mai mari priorit\u0103\u021bi ale noastre. Organiza\u021bia noastr\u0103 profesional\u0103 \u00ee\u0219i propune s\u0103... <a class=\"more-link\" href=\"https:\/\/eu-people.com\/ro\/privacy-policy\/\">Continu\u0103 lectura <span class=\"screen-reader-text\">Politica de confiden\u021bialitate<\/span><\/a><\/p>","protected":false},"author":1,"featured_media":0,"parent":0,"menu_order":0,"comment_status":"closed","ping_status":"closed","template":"","meta":{"footnotes":""},"class_list":["post-3392","page","type-page","status-publish","hentry","entry"],"yoast_head":"<!-- This site is optimized with the Yoast SEO Premium plugin v25.3.1 (Yoast SEO v25.3.1) - https:\/\/yoast.com\/wordpress\/plugins\/seo\/ -->\n<title>Privacy Policy - EU-People | Profs for Profs<\/title>\n<meta name=\"description\" content=\"Your privacy is very important to us, our Privacy Policy reflects this. All private data of our personnel is protected.\" \/>\n<meta name=\"robots\" content=\"index, follow, max-snippet:-1, max-image-preview:large, max-video-preview:-1\" \/>\n<link rel=\"canonical\" href=\"https:\/\/eu-people.com\/ro\/privacy-policy\/\" \/>\n<meta property=\"og:locale\" content=\"ro_RO\" \/>\n<meta property=\"og:type\" content=\"article\" \/>\n<meta property=\"og:title\" content=\"Privacy Policy\" \/>\n<meta property=\"og:description\" content=\"Your privacy is very important to us, our Privacy Policy reflects this. All private data of our personnel is protected.\" \/>\n<meta property=\"og:url\" content=\"https:\/\/eu-people.com\/ro\/privacy-policy\/\" \/>\n<meta property=\"og:site_name\" content=\"EU-People | Profs for Profs\" \/>\n<meta property=\"article:publisher\" content=\"https:\/\/www.facebook.com\/EUpeopleHQ\/\" \/>\n<meta property=\"article:modified_time\" content=\"2024-02-05T16:16:57+00:00\" \/>\n<meta name=\"twitter:card\" content=\"summary_large_image\" \/>\n<meta name=\"twitter:label1\" content=\"Timp estimat pentru citire\" \/>\n\t<meta name=\"twitter:data1\" content=\"8 minute\" \/>\n<script type=\"application\/ld+json\" class=\"yoast-schema-graph\">{\"@context\":\"https:\/\/schema.org\",\"@graph\":[{\"@type\":\"WebPage\",\"@id\":\"https:\/\/eu-people.com\/privacy-policy\/\",\"url\":\"https:\/\/eu-people.com\/privacy-policy\/\",\"name\":\"Privacy Policy - EU-People | Profs for Profs\",\"isPartOf\":{\"@id\":\"https:\/\/eu-people.com\/pl\/#website\"},\"datePublished\":\"2022-03-22T08:58:54+00:00\",\"dateModified\":\"2024-02-05T16:16:57+00:00\",\"description\":\"Your privacy is very important to us, our Privacy Policy reflects this. All private data of our personnel is protected.\",\"breadcrumb\":{\"@id\":\"https:\/\/eu-people.com\/privacy-policy\/#breadcrumb\"},\"inLanguage\":\"ro-RO\",\"potentialAction\":[{\"@type\":\"ReadAction\",\"target\":[\"https:\/\/eu-people.com\/privacy-policy\/\"]}]},{\"@type\":\"BreadcrumbList\",\"@id\":\"https:\/\/eu-people.com\/privacy-policy\/#breadcrumb\",\"itemListElement\":[{\"@type\":\"ListItem\",\"position\":1,\"name\":\"Home\",\"item\":\"https:\/\/eu-people.com\/\"},{\"@type\":\"ListItem\",\"position\":2,\"name\":\"Privacy Policy\"}]},{\"@type\":\"WebSite\",\"@id\":\"https:\/\/eu-people.com\/pl\/#website\",\"url\":\"https:\/\/eu-people.com\/pl\/\",\"name\":\"EU-People | Profs for Profs\",\"description\":\"\",\"publisher\":{\"@id\":\"https:\/\/eu-people.com\/pl\/#organization\"},\"potentialAction\":[{\"@type\":\"SearchAction\",\"target\":{\"@type\":\"EntryPoint\",\"urlTemplate\":\"https:\/\/eu-people.com\/pl\/?s={search_term_string}\"},\"query-input\":{\"@type\":\"PropertyValueSpecification\",\"valueRequired\":true,\"valueName\":\"search_term_string\"}}],\"inLanguage\":\"ro-RO\"},{\"@type\":\"Organization\",\"@id\":\"https:\/\/eu-people.com\/pl\/#organization\",\"name\":\"EU-People | Profs for Profs\",\"url\":\"https:\/\/eu-people.com\/pl\/\",\"logo\":{\"@type\":\"ImageObject\",\"inLanguage\":\"ro-RO\",\"@id\":\"https:\/\/eu-people.com\/pl\/#\/schema\/logo\/image\/\",\"url\":\"https:\/\/eu-people.com\/wp-content\/uploads\/2022\/01\/logo-alt.svg\",\"contentUrl\":\"https:\/\/eu-people.com\/wp-content\/uploads\/2022\/01\/logo-alt.svg\",\"width\":956,\"height\":354,\"caption\":\"EU-People | Profs for Profs\"},\"image\":{\"@id\":\"https:\/\/eu-people.com\/pl\/#\/schema\/logo\/image\/\"},\"sameAs\":[\"https:\/\/www.facebook.com\/EUpeopleHQ\/\",\"https:\/\/www.instagram.com\/eupeople_jobs\/\",\"https:\/\/www.linkedin.com\/company\/eu-people-b.v.\/\"]}]}<\/script>\n<!-- \/ Yoast SEO Premium plugin. -->","yoast_head_json":{"title":"Privacy Policy - EU-People | Profs for Profs","description":"Your privacy is very important to us, our Privacy Policy reflects this. All private data of our personnel is protected.","robots":{"index":"index","follow":"follow","max-snippet":"max-snippet:-1","max-image-preview":"max-image-preview:large","max-video-preview":"max-video-preview:-1"},"canonical":"https:\/\/eu-people.com\/ro\/privacy-policy\/","og_locale":"ro_RO","og_type":"article","og_title":"Privacy Policy","og_description":"Your privacy is very important to us, our Privacy Policy reflects this. All private data of our personnel is protected.","og_url":"https:\/\/eu-people.com\/ro\/privacy-policy\/","og_site_name":"EU-People | Profs for Profs","article_publisher":"https:\/\/www.facebook.com\/EUpeopleHQ\/","article_modified_time":"2024-02-05T16:16:57+00:00","twitter_card":"summary_large_image","twitter_misc":{"Timp estimat pentru citire":"8 minute"},"schema":{"@context":"https:\/\/schema.org","@graph":[{"@type":"WebPage","@id":"https:\/\/eu-people.com\/privacy-policy\/","url":"https:\/\/eu-people.com\/privacy-policy\/","name":"Privacy Policy - EU-People | Profs for Profs","isPartOf":{"@id":"https:\/\/eu-people.com\/pl\/#website"},"datePublished":"2022-03-22T08:58:54+00:00","dateModified":"2024-02-05T16:16:57+00:00","description":"Your privacy is very important to us, our Privacy Policy reflects this. All private data of our personnel is protected.","breadcrumb":{"@id":"https:\/\/eu-people.com\/privacy-policy\/#breadcrumb"},"inLanguage":"ro-RO","potentialAction":[{"@type":"ReadAction","target":["https:\/\/eu-people.com\/privacy-policy\/"]}]},{"@type":"BreadcrumbList","@id":"https:\/\/eu-people.com\/privacy-policy\/#breadcrumb","itemListElement":[{"@type":"ListItem","position":1,"name":"Home","item":"https:\/\/eu-people.com\/"},{"@type":"ListItem","position":2,"name":"Privacy Policy"}]},{"@type":"WebSite","@id":"https:\/\/eu-people.com\/pl\/#website","url":"https:\/\/eu-people.com\/pl\/","name":"EU-People | Profs for Profs","description":"","publisher":{"@id":"https:\/\/eu-people.com\/pl\/#organization"},"potentialAction":[{"@type":"SearchAction","target":{"@type":"EntryPoint","urlTemplate":"https:\/\/eu-people.com\/pl\/?s={search_term_string}"},"query-input":{"@type":"PropertyValueSpecification","valueRequired":true,"valueName":"search_term_string"}}],"inLanguage":"ro-RO"},{"@type":"Organization","@id":"https:\/\/eu-people.com\/pl\/#organization","name":"EU-People | Profs for Profs","url":"https:\/\/eu-people.com\/pl\/","logo":{"@type":"ImageObject","inLanguage":"ro-RO","@id":"https:\/\/eu-people.com\/pl\/#\/schema\/logo\/image\/","url":"https:\/\/eu-people.com\/wp-content\/uploads\/2022\/01\/logo-alt.svg","contentUrl":"https:\/\/eu-people.com\/wp-content\/uploads\/2022\/01\/logo-alt.svg","width":956,"height":354,"caption":"EU-People | Profs for Profs"},"image":{"@id":"https:\/\/eu-people.com\/pl\/#\/schema\/logo\/image\/"},"sameAs":["https:\/\/www.facebook.com\/EUpeopleHQ\/","https:\/\/www.instagram.com\/eupeople_jobs\/","https:\/\/www.linkedin.com\/company\/eu-people-b.v.\/"]}]}},"_links":{"self":[{"href":"https:\/\/eu-people.com\/ro\/wp-json\/wp\/v2\/pages\/3392","targetHints":{"allow":["GET"]}}],"collection":[{"href":"https:\/\/eu-people.com\/ro\/wp-json\/wp\/v2\/pages"}],"about":[{"href":"https:\/\/eu-people.com\/ro\/wp-json\/wp\/v2\/types\/page"}],"author":[{"embeddable":true,"href":"https:\/\/eu-people.com\/ro\/wp-json\/wp\/v2\/users\/1"}],"replies":[{"embeddable":true,"href":"https:\/\/eu-people.com\/ro\/wp-json\/wp\/v2\/comments?post=3392"}],"version-history":[{"count":22,"href":"https:\/\/eu-people.com\/ro\/wp-json\/wp\/v2\/pages\/3392\/revisions"}],"predecessor-version":[{"id":26820,"href":"https:\/\/eu-people.com\/ro\/wp-json\/wp\/v2\/pages\/3392\/revisions\/26820"}],"wp:attachment":[{"href":"https:\/\/eu-people.com\/ro\/wp-json\/wp\/v2\/media?parent=3392"}],"curies":[{"name":"wp","href":"https:\/\/api.w.org\/{rel}","templated":true}]}}